{"id":16930,"date":"2025-05-20T08:20:27","date_gmt":"2025-05-20T08:20:27","guid":{"rendered":"https:\/\/quizzical-davinci.89-31-73-59.plesk.page\/pianta\/nandina-domestica\/"},"modified":"2025-07-24T08:25:56","modified_gmt":"2025-07-24T08:25:56","slug":"nandina-domestica","status":"publish","type":"product","link":"https:\/\/vivaiobaronti.com\/de\/pianta\/nandina-domestica\/","title":{"rendered":"NANDINA DOMESTICA"},"content":{"rendered":"<p><span style=\"font-weight: 400;\">Nandina domestica, allgemein bekannt als Heiliger Bambus, ist ein immergr\u00fcner Strauch asiatischen Ursprungs, der seit Jahrhunderten f\u00fcr die Eleganz seiner Form und die chromatische Entwicklung seines Laubes gesch\u00e4tzt wird, was ihn zu jeder Jahreszeit zu einer best\u00e4ndigen Zierde macht. Trotz seines gebr\u00e4uchlichen Namens hat er keine botanische Beziehung zum Bambus, auch wenn er diesem aufgrund der Leichtigkeit und Anordnung seines Laubes eine vage \u00c4hnlichkeit mit diesem aufweist.<\/span> <span style=\"font-weight: 400;\">Die Pflanze hat d\u00fcnne und aufrechte St\u00e4ngel, die an der Basis wenig verzweigt sind und sich geordnet und vertikal erheben. Die zusammengesetzten und hellen Bl\u00e4tter erscheinen im Fr\u00fchling bronzefarben oder r\u00f6tlich, werden im Sommer gl\u00e4nzend gr\u00fcn und f\u00e4rben sich mit dem Einzug des Herbstes wieder rot, orange oder violett, wobei sie ihre Farbe auch in den Wintermonaten behalten. Diese au\u00dfergew\u00f6hnliche Farbvielfalt macht Nandina domestica zu einer der dekorativsten Arten unter den Laubstr\u00e4uchern.<\/span> <span style=\"font-weight: 400;\">Im Sommer bildet die Pflanze Rispen mit kleinen wei\u00dfen, manchmal leicht duftenden Bl\u00fcten. Anschlie\u00dfend bilden sich &#8211; wenn sie nicht beschnitten wird &#8211; kugelf\u00f6rmige, leuchtend rote Beeren, die bis zum Sp\u00e4twinter an der Pflanze bleiben. Diese Fr\u00fcchte sind zwar dekorativ, aber nicht essbar und k\u00f6nnen f\u00fcr manche Haustiere giftig sein.<\/span> <span style=\"font-weight: 400;\">Nandina domestica erreicht eine H\u00f6he von 1,5 bis 2 Metern bei entsprechender Breite und entwickelt eine s\u00e4ulenf\u00f6rmige, leichte Form, die sowohl in moderne Umgebungen als auch in traditionellere G\u00e4rten passt. Sie ist eine widerstandsf\u00e4hige Pflanze, die sowohl f\u00fcr volle Sonne als auch f\u00fcr Halbschatten geeignet ist und sich gut an verschiedene Bodenarten anpasst, solange diese gut durchl\u00e4ssig sind. Sobald sie sich gut etabliert hat, vertr\u00e4gt sie Trockenheit und m\u00e4\u00dfige K\u00e4lte und ist daher auch f\u00fcr diejenigen eine vielseitige Wahl, die eine pflegeleichte Pflanze suchen.<\/span> <span style=\"font-weight: 400;\">Dank ihres vollst\u00e4ndigen Dekorationszyklus &#8211; Bl\u00e4tter, Bl\u00fcten und Fr\u00fcchte &#8211; eignet sich Nandina domestica ideal als Einzelexemplar, in Gruppen, f\u00fcr gemischte Hecken oder sogar in T\u00f6pfen, wo sie das ganze Jahr \u00fcber eine exotische und raffinierte Note bieten kann.<\/span><\/p>\n","protected":false},"excerpt":{"rendered":"<p>Nandina domestica, allgemein bekannt als Heiliger Bambus, ist ein immergr\u00fcner Strauch asiatischen Ursprungs, der seit Jahrhunderten f\u00fcr die Eleganz seiner Form und die chromatische Entwicklung seines Laubes gesch\u00e4tzt wird, was ihn zu jeder Jahreszeit zu einer best\u00e4ndigen Zierde macht. Trotz seines gebr\u00e4uchlichen Namens hat er keine botanische Beziehung zum Bambus, auch wenn er diesem aufgrund [&hellip;]<\/p>\n","protected":false},"featured_media":7127,"template":"","meta":{"_acf_changed":false},"product_brand":[],"product_cat":[141,147],"product_tag":[],"class_list":{"0":"post-16930","1":"product","2":"type-product","3":"status-publish","4":"has-post-thumbnail","6":"product_cat-pflanzen","7":"product_cat-strauch","8":"pa_forma-strauch","10":"first","11":"instock","12":"purchasable","13":"product-type-variable"},"acf":[],"_links":{"self":[{"href":"https:\/\/vivaiobaronti.com\/de\/wp-json\/wp\/v2\/product\/16930","targetHints":{"allow":["GET"]}}],"collection":[{"href":"https:\/\/vivaiobaronti.com\/de\/wp-json\/wp\/v2\/product"}],"about":[{"href":"https:\/\/vivaiobaronti.com\/de\/wp-json\/wp\/v2\/types\/product"}],"wp:featuredmedia":[{"embeddable":true,"href":"https:\/\/vivaiobaronti.com\/de\/wp-json\/wp\/v2\/media\/7127"}],"wp:attachment":[{"href":"https:\/\/vivaiobaronti.com\/de\/wp-json\/wp\/v2\/media?parent=16930"}],"wp:term":[{"taxonomy":"product_brand","embeddable":true,"href":"https:\/\/vivaiobaronti.com\/de\/wp-json\/wp\/v2\/product_brand?post=16930"},{"taxonomy":"product_cat","embeddable":true,"href":"https:\/\/vivaiobaronti.com\/de\/wp-json\/wp\/v2\/product_cat?post=16930"},{"taxonomy":"product_tag","embeddable":true,"href":"https:\/\/vivaiobaronti.com\/de\/wp-json\/wp\/v2\/product_tag?post=16930"}],"curies":[{"name":"wp","href":"https:\/\/api.w.org\/{rel}","templated":true}]}}