{"id":16846,"date":"2025-05-20T08:20:27","date_gmt":"2025-05-20T08:20:27","guid":{"rendered":"https:\/\/quizzical-davinci.89-31-73-59.plesk.page\/pianta\/nandina-domestica-obsessedr-royalty\/"},"modified":"2025-07-24T08:25:56","modified_gmt":"2025-07-24T08:25:56","slug":"nandina-domestica-obsessedr-royalty","status":"publish","type":"product","link":"https:\/\/vivaiobaronti.com\/de\/pianta\/nandina-domestica-obsessedr-royalty\/","title":{"rendered":"NANDINA DOMESTICA OBSESSED(R-ROYALTY)"},"content":{"rendered":"<p>Nandina domestica \u201eObsessed\u201c (auch bekannt als \u201eSeika\u201c) ist eine kompakte, immergr\u00fcne Sorte mit hohem Zierwert, die aufgrund ihres leuchtend gef\u00e4rbten Laubs und ihrer sch\u00f6nen Form ausgew\u00e4hlt wurde. Diese Sorte zeichnet sich durch ihre au\u00dfergew\u00f6hnliche rote Farbe aus, die bereits auf den jungen Bl\u00e4ttern vorhanden ist und auch in den kalten Monaten anh\u00e4lt. Damit ist sie eine der spektakul\u00e4rsten Sorten der Nandina-Familie. Das fein geordnete und leichte Laub \u00e4hnelt in seiner Erscheinung Bambus, weist jedoch eine deutlich intensivere und dynamischere Farbe auf. Die neuen Triebe erscheinen in leuchtenden Rott\u00f6nen und verf\u00e4rben sich im Sommer zu einem intensiven Gr\u00fcn. Im Herbst und Winter kehrt die Pflanze zu leuchtendem Rot zur\u00fcck und setzt selbst in kahlen G\u00e4rten leuchtende Farbtupfer. Im Gegensatz zur Typusart wurde \u201eObsessed\u201c aufgrund einer stabileren und ausgepr\u00e4gteren Farbe und eines kompakteren Wuchses ausgew\u00e4hlt. Der Wuchs ist buschig, ordentlich und nat\u00fcrlich rund, mit langsamem und zur\u00fcckhaltendem Wachstum. Er erreicht in der Regel eine H\u00f6he von etwa 60\u201380 cm und beh\u00e4lt eine dichte und regelm\u00e4\u00dfige Struktur, ohne dass ein R\u00fcckschnitt erforderlich ist. Er eignet sich perfekt f\u00fcr niedrige Rabatten, formale G\u00e4rten, Topfkompositionen und als farbenfrohes Element in modernen G\u00e4rten.<\/p>\n<p>Nandina \u201eObsessed\u201c ist sehr widerstandsf\u00e4hig und pflegeleicht. Sie passt sich einer Vielzahl von B\u00f6den an, sofern diese gut durchl\u00e4ssig sind, und vertr\u00e4gt sowohl volle Sonne als auch Halbschatten. Sie ist winterhart und k\u00e4lteresistent und vertr\u00e4gt, sobald sie gut verwurzelt ist, sogar kurze Trockenperioden. Sie ben\u00f6tigt keine besondere Pflege und eignet sich daher auch f\u00fcr diejenigen, die eine pflegeleichte Zierpflanze suchen.<\/p>\n<p>Nandina domestica \u201eObsessed\u201c zeichnet sich durch ihre leuchtenden saisonalen Farben und ihren kompakten Wuchs aus. Es ist die ideale Wahl zum Schaffen von Blickpunkten, langanhaltenden Farbeffekten und Texturen in G\u00e4rten jeden Stils.<\/p>\n","protected":false},"excerpt":{"rendered":"<p>Nandina domestica \u201eObsessed\u201c (auch bekannt als \u201eSeika\u201c) ist eine kompakte, immergr\u00fcne Sorte mit hohem Zierwert, die aufgrund ihres leuchtend gef\u00e4rbten Laubs und ihrer sch\u00f6nen Form ausgew\u00e4hlt wurde. Diese Sorte zeichnet sich durch ihre au\u00dfergew\u00f6hnliche rote Farbe aus, die bereits auf den jungen Bl\u00e4ttern vorhanden ist und auch in den kalten Monaten anh\u00e4lt. Damit ist sie [&hellip;]<\/p>\n","protected":false},"featured_media":7083,"template":"","meta":{"_acf_changed":false},"product_brand":[],"product_cat":[141,147],"product_tag":[],"class_list":{"0":"post-16846","1":"product","2":"type-product","3":"status-publish","4":"has-post-thumbnail","6":"product_cat-pflanzen","7":"product_cat-strauch","8":"pa_forma-strauch","10":"first","11":"instock","12":"purchasable","13":"product-type-variable"},"acf":[],"_links":{"self":[{"href":"https:\/\/vivaiobaronti.com\/de\/wp-json\/wp\/v2\/product\/16846","targetHints":{"allow":["GET"]}}],"collection":[{"href":"https:\/\/vivaiobaronti.com\/de\/wp-json\/wp\/v2\/product"}],"about":[{"href":"https:\/\/vivaiobaronti.com\/de\/wp-json\/wp\/v2\/types\/product"}],"wp:featuredmedia":[{"embeddable":true,"href":"https:\/\/vivaiobaronti.com\/de\/wp-json\/wp\/v2\/media\/7083"}],"wp:attachment":[{"href":"https:\/\/vivaiobaronti.com\/de\/wp-json\/wp\/v2\/media?parent=16846"}],"wp:term":[{"taxonomy":"product_brand","embeddable":true,"href":"https:\/\/vivaiobaronti.com\/de\/wp-json\/wp\/v2\/product_brand?post=16846"},{"taxonomy":"product_cat","embeddable":true,"href":"https:\/\/vivaiobaronti.com\/de\/wp-json\/wp\/v2\/product_cat?post=16846"},{"taxonomy":"product_tag","embeddable":true,"href":"https:\/\/vivaiobaronti.com\/de\/wp-json\/wp\/v2\/product_tag?post=16846"}],"curies":[{"name":"wp","href":"https:\/\/api.w.org\/{rel}","templated":true}]}}