{"id":16779,"date":"2025-05-20T08:20:20","date_gmt":"2025-05-20T08:20:20","guid":{"rendered":"https:\/\/quizzical-davinci.89-31-73-59.plesk.page\/pianta\/nandina-domestica-gulf-stream\/"},"modified":"2025-07-24T08:25:56","modified_gmt":"2025-07-24T08:25:56","slug":"nandina-domestica-gulf-stream","status":"publish","type":"product","link":"https:\/\/vivaiobaronti.com\/de\/pianta\/nandina-domestica-gulf-stream\/","title":{"rendered":"NANDINA DOMESTICA GULF STREAM"},"content":{"rendered":"<p><span style=\"font-weight: 400;\">Nandina domestica &#8218;Gulf Stream&#8216; ist eine kompakte, immergr\u00fcne Sorte des sogenannten &#8222;Heiligen Bambus&#8220;, die f\u00fcr ihr dekoratives Laub und ihre au\u00dfergew\u00f6hnliche F\u00e4higkeit, mit den Jahreszeiten ihre Farbe zu \u00e4ndern, gesch\u00e4tzt wird. Im Gegensatz zur Typusart entwickelt sich diese Sorte mit einem dichteren und ordentlicheren Wuchs und bildet runde und gut verzweigte B\u00fcsche, die sich perfekt f\u00fcr Rabatten, niedrige Hecken, Steing\u00e4rten oder die Kultur in T\u00f6pfen eignen.<\/span> <span style=\"font-weight: 400;\">Das Laub von &#8218;Gulf Stream&#8216; ist fein geordnet und von leichter Textur, \u00e4hnlich dem von Bambus, weist jedoch eine besonders interessante Farbentwicklung auf: Die jungen Bl\u00e4tter treiben in Bronze- und Kupfert\u00f6nen aus, werden im Sommer leuchtend gr\u00fcn und f\u00e4rben sich im Herbst und Winter schlie\u00dflich tiefrot und orange. Dieser saisonale Farbwechsel stellt den wichtigsten Zierwert der Pflanze dar, die das ganze Jahr \u00fcber dekorativ bleibt.<\/span> <span style=\"font-weight: 400;\">Im Gegensatz zur traditionellen Nandina domestica bildet &#8218;Gulf Stream&#8216; selten Bl\u00fcten oder Beeren, zeichnet sich aber durch eine nat\u00fcrlich kompakte Form aus, die nicht h\u00e4ufig beschnitten werden muss. Das Wachstum ist langsam und zur\u00fcckhaltend: Im Erwachsenenalter erreicht sie eine H\u00f6he von etwa 80-100 cm bei \u00e4hnlicher Breite und beh\u00e4lt eine ausgewogene und ordentliche Struktur.<\/span> <span style=\"font-weight: 400;\">Sie bevorzugt sonnige oder leicht schattige Standorte und passt sich leicht an verschiedene Bodenarten an, solange diese gut entw\u00e4ssert sind. Sie vertr\u00e4gt K\u00e4lte, kurze Fr\u00f6ste und sogar D\u00fcrreperioden, sobald sie gut verwurzelt ist. Der Pflegeaufwand ist minimal, was sie zu einer idealen Pflanze f\u00fcr alle macht, die sich ein dauerhaftes und leicht zu pflegendes Zierelement w\u00fcnschen.<\/span> <span style=\"font-weight: 400;\">Nandina domestica &#8222;Gulf Stream&#8220; ist eine vielseitige Wahl, perfekt f\u00fcr moderne oder klassische G\u00e4rten, um selbst auf kleinem Raum viel Farbe, Texturspiele oder saisonale Blickpunkte zu schaffen.<\/span><\/p>\n","protected":false},"excerpt":{"rendered":"<p>Nandina domestica &#8218;Gulf Stream&#8216; ist eine kompakte, immergr\u00fcne Sorte des sogenannten &#8222;Heiligen Bambus&#8220;, die f\u00fcr ihr dekoratives Laub und ihre au\u00dfergew\u00f6hnliche F\u00e4higkeit, mit den Jahreszeiten ihre Farbe zu \u00e4ndern, gesch\u00e4tzt wird. Im Gegensatz zur Typusart entwickelt sich diese Sorte mit einem dichteren und ordentlicheren Wuchs und bildet runde und gut verzweigte B\u00fcsche, die sich perfekt [&hellip;]<\/p>\n","protected":false},"featured_media":7048,"template":"","meta":{"_acf_changed":false},"product_brand":[],"product_cat":[141,147],"product_tag":[],"class_list":{"0":"post-16779","1":"product","2":"type-product","3":"status-publish","4":"has-post-thumbnail","6":"product_cat-pflanzen","7":"product_cat-strauch","8":"pa_forma-strauch","10":"first","11":"instock","12":"purchasable","13":"product-type-variable"},"acf":[],"_links":{"self":[{"href":"https:\/\/vivaiobaronti.com\/de\/wp-json\/wp\/v2\/product\/16779","targetHints":{"allow":["GET"]}}],"collection":[{"href":"https:\/\/vivaiobaronti.com\/de\/wp-json\/wp\/v2\/product"}],"about":[{"href":"https:\/\/vivaiobaronti.com\/de\/wp-json\/wp\/v2\/types\/product"}],"wp:featuredmedia":[{"embeddable":true,"href":"https:\/\/vivaiobaronti.com\/de\/wp-json\/wp\/v2\/media\/7048"}],"wp:attachment":[{"href":"https:\/\/vivaiobaronti.com\/de\/wp-json\/wp\/v2\/media?parent=16779"}],"wp:term":[{"taxonomy":"product_brand","embeddable":true,"href":"https:\/\/vivaiobaronti.com\/de\/wp-json\/wp\/v2\/product_brand?post=16779"},{"taxonomy":"product_cat","embeddable":true,"href":"https:\/\/vivaiobaronti.com\/de\/wp-json\/wp\/v2\/product_cat?post=16779"},{"taxonomy":"product_tag","embeddable":true,"href":"https:\/\/vivaiobaronti.com\/de\/wp-json\/wp\/v2\/product_tag?post=16779"}],"curies":[{"name":"wp","href":"https:\/\/api.w.org\/{rel}","templated":true}]}}