{"id":16777,"date":"2025-05-20T08:20:20","date_gmt":"2025-05-20T08:20:20","guid":{"rendered":"https:\/\/quizzical-davinci.89-31-73-59.plesk.page\/pianta\/nandina-domestica-blush-pink-r-royalty\/"},"modified":"2025-07-24T08:25:56","modified_gmt":"2025-07-24T08:25:56","slug":"nandina-domestica-blush-pink-r-royalty","status":"publish","type":"product","link":"https:\/\/vivaiobaronti.com\/de\/pianta\/nandina-domestica-blush-pink-r-royalty\/","title":{"rendered":"NANDINA DOMESTICA BLUSH PINK (R-ROYALTY)"},"content":{"rendered":"<p>Nandina domestica \u201eBlush Pink\u201c ist eine kompakte, immergr\u00fcne Nandina-Sorte, die besonders f\u00fcr ihr lebendiges Laub gesch\u00e4tzt wird, das im Laufe der Jahreszeiten seine Farbe \u00e4ndert und so das ganze Jahr \u00fcber eine attraktive Zierde bietet. Der langsam wachsende, kleinw\u00fcchsige Strauch eignet sich ideal f\u00fcr Rabatten, Steing\u00e4rten, gemischte Blumenbeete oder f\u00fcr die Topfkultur. Diese Sorte zeichnet sich durch die einzigartige Farbe ihres jungen Laubes aus: Die neuen Bl\u00e4tter bl\u00fchen in blassen Rosa- und Pudert\u00f6nen \u2013 daher der Name \u201eBlush Pink\u201c \u2013 und verf\u00e4rben sich im Sommer allm\u00e4hlich zu einem hellen, leuchtenden Gr\u00fcn. Mit dem Einzug des Herbstes nimmt das Laub wieder warme Farbt\u00f6ne \u2013 Rosa, Orange und Kupfer \u2013 an und bleibt auch in den Wintermonaten dekorativ.<br \/>\nNandina \u201eBlush Pink\u201c Sie bildet nicht so viele Bl\u00fcten und Beeren wie die Typusart, gleicht dies jedoch durch die Sch\u00f6nheit und Dynamik ihres Laubes aus, das ihre gr\u00f6\u00dfte St\u00e4rke bleibt. Der Wuchs ist ordentlich, kompakt und rund, mit einer leichten, aber gut verzweigten Struktur, die keinen regelm\u00e4\u00dfigen Schnitt ben\u00f6tigt, um ihre Form zu erhalten. Diese Sorte erreicht in der Regel eine maximale H\u00f6he und Breite von etwa 60\u201370 cm und passt sich auch kleinen R\u00e4umen oder K\u00fcbelkompositionen perfekt an. Sie bevorzugt einen vollsonnigen oder halbschattigen Standort und w\u00e4chst gut in gut durchl\u00e4ssigen, leicht sauren oder neutralen B\u00f6den. Sobald sie gut verwurzelt ist, ist sie resistent gegen Trockenheit und niedrige Temperaturen und somit auch in gem\u00e4\u00dfigten Klimazonen eine zuverl\u00e4ssige Wahl. Aufgrund ihrer edlen Farbe und ihres kompakten Wuchses ist Nandina domestica \u201eBlush Pink\u201c \u2026 eignet sich besonders f\u00fcr alle, die eine pflegeleichte Zierpflanze suchen, die zu jeder Jahreszeit Farbe und Struktur in den Garten bringt.<\/p>\n","protected":false},"excerpt":{"rendered":"<p>Nandina domestica \u201eBlush Pink\u201c ist eine kompakte, immergr\u00fcne Nandina-Sorte, die besonders f\u00fcr ihr lebendiges Laub gesch\u00e4tzt wird, das im Laufe der Jahreszeiten seine Farbe \u00e4ndert und so das ganze Jahr \u00fcber eine attraktive Zierde bietet. Der langsam wachsende, kleinw\u00fcchsige Strauch eignet sich ideal f\u00fcr Rabatten, Steing\u00e4rten, gemischte Blumenbeete oder f\u00fcr die Topfkultur. Diese Sorte zeichnet [&hellip;]<\/p>\n","protected":false},"featured_media":0,"template":"","meta":{"_acf_changed":false},"product_brand":[],"product_cat":[141,147],"product_tag":[],"class_list":{"0":"post-16777","1":"product","2":"type-product","3":"status-publish","5":"product_cat-pflanzen","6":"product_cat-strauch","7":"pa_forma-strauch","9":"first","10":"instock","11":"purchasable","12":"product-type-variable"},"acf":[],"_links":{"self":[{"href":"https:\/\/vivaiobaronti.com\/de\/wp-json\/wp\/v2\/product\/16777","targetHints":{"allow":["GET"]}}],"collection":[{"href":"https:\/\/vivaiobaronti.com\/de\/wp-json\/wp\/v2\/product"}],"about":[{"href":"https:\/\/vivaiobaronti.com\/de\/wp-json\/wp\/v2\/types\/product"}],"wp:attachment":[{"href":"https:\/\/vivaiobaronti.com\/de\/wp-json\/wp\/v2\/media?parent=16777"}],"wp:term":[{"taxonomy":"product_brand","embeddable":true,"href":"https:\/\/vivaiobaronti.com\/de\/wp-json\/wp\/v2\/product_brand?post=16777"},{"taxonomy":"product_cat","embeddable":true,"href":"https:\/\/vivaiobaronti.com\/de\/wp-json\/wp\/v2\/product_cat?post=16777"},{"taxonomy":"product_tag","embeddable":true,"href":"https:\/\/vivaiobaronti.com\/de\/wp-json\/wp\/v2\/product_tag?post=16777"}],"curies":[{"name":"wp","href":"https:\/\/api.w.org\/{rel}","templated":true}]}}