{"id":16741,"date":"2025-05-20T08:20:20","date_gmt":"2025-05-20T08:20:20","guid":{"rendered":"https:\/\/quizzical-davinci.89-31-73-59.plesk.page\/pianta\/magnolia-susan\/"},"modified":"2025-07-24T08:25:56","modified_gmt":"2025-07-24T08:25:56","slug":"magnolia-susan","status":"publish","type":"product","link":"https:\/\/vivaiobaronti.com\/de\/pianta\/magnolia-susan\/","title":{"rendered":"MAGNOLIA SUSAN"},"content":{"rendered":"<p><span style=\"font-weight: 400;\">Magnolia &#8218;Susan&#8216; ist eine mittelgro\u00dfe, laubabwerfende Magnolie aus der ber\u00fchmten Serie &#8218;Little Girl&#8216;, die f\u00fcr kompakte Pflanzen mit reicher und sp\u00e4terer Bl\u00fcte als andere Sorten entwickelt wurde. Dank ihres kompakten Wuchses und der reichen Fr\u00fchjahrsbl\u00fcte eignet sich diese Sorte besonders f\u00fcr kleine G\u00e4rten, st\u00e4dtische Bereiche oder die Topfkultur.<\/span> <span style=\"font-weight: 400;\">Die Bl\u00fcte der Magnolia &#8218;Susan&#8216; ist eines ihrer charakteristischsten Merkmale. Die Bl\u00fcten, die Ende April bl\u00fchen &#8211; und so oft Sch\u00e4den durch Sp\u00e4tfr\u00f6ste vermeiden &#8211; sind l\u00e4nglich, tulpenf\u00f6rmig und \u00f6ffnen sich allm\u00e4hlich zu eleganten Kelchbl\u00e4ttern. Die Farbe ist intensiv: au\u00dfen ein Purpurrot, das innen in ein helleres Rosa \u00fcbergeht und so einen raffinierten und sehr dekorativen Farbeffekt erzeugt. Die Bl\u00fcten verstr\u00f6men au\u00dferdem einen zarten Duft, der den Zierwert der Pflanze weiter steigert.<\/span> <span style=\"font-weight: 400;\">Das Laub ist mittelgr\u00fcn, leicht gl\u00e4nzend, oval geformt und hat einen glatten Rand. Die Bl\u00e4tter entwickeln sich unmittelbar nach der Bl\u00fcte und verleihen der Pflanze w\u00e4hrend der gesamten Wachstumsperiode ein frisches und kompaktes Aussehen. Im Herbst nehmen sie gelbe T\u00f6ne an, bevor sie abfallen und so f\u00fcr einen zus\u00e4tzlichen Farbtupfer sorgen.<\/span> <span style=\"font-weight: 400;\">Magnolia &#8218;Susan&#8216; w\u00e4chst langsam und regelm\u00e4\u00dfig und erreicht eine maximale H\u00f6he von etwa 2,5-3,5 Metern. Dabei beh\u00e4lt sie ein buschiges und gut verzweigtes Profil. Sie ist eine robuste, k\u00e4lteresistente Pflanze und f\u00fcr gem\u00e4\u00dfigtes Klima geeignet. Sie bevorzugt frische, gut durchl\u00e4ssige, saure B\u00f6den und gedeiht am besten an sonnigen oder leicht schattigen Standorten. Einmal etabliert, vertr\u00e4gt sie kurze D\u00fcrreperioden, profitiert aber von regelm\u00e4\u00dfiger Bew\u00e4sserung in den w\u00e4rmeren Perioden.<\/span> <span style=\"font-weight: 400;\">Aufgrund ihrer Sch\u00f6nheit, geringen Gr\u00f6\u00dfe und spektakul\u00e4ren Bl\u00fcte ist die Magnolia &#8222;Susan&#8220; die ideale Wahl f\u00fcr alle, die sich im Fr\u00fchling eine Farbexplosion w\u00fcnschen, selbst auf begrenztem Raum.<\/span><\/p>\n","protected":false},"excerpt":{"rendered":"<p>Magnolia &#8218;Susan&#8216; ist eine mittelgro\u00dfe, laubabwerfende Magnolie aus der ber\u00fchmten Serie &#8218;Little Girl&#8216;, die f\u00fcr kompakte Pflanzen mit reicher und sp\u00e4terer Bl\u00fcte als andere Sorten entwickelt wurde. Dank ihres kompakten Wuchses und der reichen Fr\u00fchjahrsbl\u00fcte eignet sich diese Sorte besonders f\u00fcr kleine G\u00e4rten, st\u00e4dtische Bereiche oder die Topfkultur. Die Bl\u00fcte der Magnolia &#8218;Susan&#8216; ist eines [&hellip;]<\/p>\n","protected":false},"featured_media":16772,"template":"","meta":{"_acf_changed":false},"product_brand":[],"product_cat":[141,147,143],"product_tag":[],"class_list":{"0":"post-16741","1":"product","2":"type-product","3":"status-publish","4":"has-post-thumbnail","6":"product_cat-pflanzen","7":"product_cat-strauch","8":"product_cat-halbstamm","9":"pa_forma-halbstamm","10":"pa_forma-mini-stamm","11":"pa_forma-strauch","13":"first","14":"instock","15":"purchasable","16":"product-type-variable"},"acf":[],"_links":{"self":[{"href":"https:\/\/vivaiobaronti.com\/de\/wp-json\/wp\/v2\/product\/16741","targetHints":{"allow":["GET"]}}],"collection":[{"href":"https:\/\/vivaiobaronti.com\/de\/wp-json\/wp\/v2\/product"}],"about":[{"href":"https:\/\/vivaiobaronti.com\/de\/wp-json\/wp\/v2\/types\/product"}],"wp:featuredmedia":[{"embeddable":true,"href":"https:\/\/vivaiobaronti.com\/de\/wp-json\/wp\/v2\/media\/16772"}],"wp:attachment":[{"href":"https:\/\/vivaiobaronti.com\/de\/wp-json\/wp\/v2\/media?parent=16741"}],"wp:term":[{"taxonomy":"product_brand","embeddable":true,"href":"https:\/\/vivaiobaronti.com\/de\/wp-json\/wp\/v2\/product_brand?post=16741"},{"taxonomy":"product_cat","embeddable":true,"href":"https:\/\/vivaiobaronti.com\/de\/wp-json\/wp\/v2\/product_cat?post=16741"},{"taxonomy":"product_tag","embeddable":true,"href":"https:\/\/vivaiobaronti.com\/de\/wp-json\/wp\/v2\/product_tag?post=16741"}],"curies":[{"name":"wp","href":"https:\/\/api.w.org\/{rel}","templated":true}]}}