{"id":16722,"date":"2025-05-20T08:20:20","date_gmt":"2025-05-20T08:20:20","guid":{"rendered":"https:\/\/quizzical-davinci.89-31-73-59.plesk.page\/pianta\/magnolia-stellata\/"},"modified":"2025-07-24T08:25:56","modified_gmt":"2025-07-24T08:25:56","slug":"magnolia-stellata","status":"publish","type":"product","link":"https:\/\/vivaiobaronti.com\/de\/pianta\/magnolia-stellata\/","title":{"rendered":"MAGNOLIA STELLATA"},"content":{"rendered":"<p><span style=\"font-weight: 400;\">Magnolia stellata ist eine kleine Magnolie, die f\u00fcr ihren kompakten Wuchs und ihre \u00fcppige Bl\u00fcte im Fr\u00fchjahr sehr gesch\u00e4tzt wird. Diese laubabwerfende Sorte japanischen Ursprungs zeichnet sich durch ihre runde und klare Form aus, wodurch sie sich ideal f\u00fcr kleine und mittelgro\u00dfe G\u00e4rten, gemischte Rabatten oder die Topfkultur eignet.<\/span> <span style=\"font-weight: 400;\">Die Bl\u00fcte der Magnolia stellata ist fr\u00fch und eindrucksvoll: Die Bl\u00fcten, die zwischen dem Ende des Winters und dem Beginn des Fr\u00fchlings bl\u00fchen, erscheinen auf den noch kahlen Zweigen und erzeugen einen eindrucksvollen Effekt. Die Bl\u00fcten sind reinwei\u00df, manchmal mit einem Hauch von Blassrosa, und bestehen aus zahlreichen schmalen und l\u00e4nglichen Bl\u00fctenbl\u00e4ttern, die strahlenf\u00f6rmig angeordnet sind und an die Form eines Sterns erinnern &#8211; daher der Name der Art. Der Duft ist zart und angenehm und kann die Atmosph\u00e4re des Gartens in den ersten Monaten der sch\u00f6nen Jahreszeit bereichern.<\/span> <span style=\"font-weight: 400;\">Die Bl\u00e4tter, die sich nach der Bl\u00fcte entwickeln, sind mittelgro\u00df, elliptisch und von einem zarten Gr\u00fcn, das im Sommer intensiver wird und im Herbst goldgelbe T\u00f6ne annimmt. Der Wuchs ist von Natur aus ordentlich, mit langsamem, aber stetigem Wachstum: Im Erwachsenenalter kann die Magnolia stellata eine H\u00f6he von 2,5-3 Metern erreichen und beh\u00e4lt dabei eine dichte und gut verzweigte Krone.<\/span> <span style=\"font-weight: 400;\">Diese Sorte bevorzugt sonnige oder leicht schattige Standorte und ben\u00f6tigt gut durchl\u00e4ssigen, frischen und leicht sauren Boden. Sie vertr\u00e4gt keine Staun\u00e4sse, vertr\u00e4gt aber K\u00e4lte gut, auch in strengeren Klimazonen. Dank ihrer Robustheit, fr\u00fchen Bl\u00fcte und kompakten Form ist die Magnolia stellata eine der am besten geeigneten Optionen f\u00fcr diejenigen, die eine dekorative Magnolie auf begrenztem Raum w\u00fcnschen, ohne auf die Eleganz und Spektakul\u00e4rit\u00e4t der Bl\u00fcte verzichten zu m\u00fcssen.<\/span><\/p>\n","protected":false},"excerpt":{"rendered":"<p>Magnolia stellata ist eine kleine Magnolie, die f\u00fcr ihren kompakten Wuchs und ihre \u00fcppige Bl\u00fcte im Fr\u00fchjahr sehr gesch\u00e4tzt wird. Diese laubabwerfende Sorte japanischen Ursprungs zeichnet sich durch ihre runde und klare Form aus, wodurch sie sich ideal f\u00fcr kleine und mittelgro\u00dfe G\u00e4rten, gemischte Rabatten oder die Topfkultur eignet. Die Bl\u00fcte der Magnolia stellata ist [&hellip;]<\/p>\n","protected":false},"featured_media":16737,"template":"","meta":{"_acf_changed":false},"product_brand":[],"product_cat":[141,144,147],"product_tag":[],"class_list":{"0":"post-16722","1":"product","2":"type-product","3":"status-publish","4":"has-post-thumbnail","6":"product_cat-pflanzen","7":"product_cat-mini-stamm","8":"product_cat-strauch","9":"pa_forma-mini-stamm","10":"pa_forma-strauch","12":"first","13":"instock","14":"purchasable","15":"product-type-variable"},"acf":[],"_links":{"self":[{"href":"https:\/\/vivaiobaronti.com\/de\/wp-json\/wp\/v2\/product\/16722","targetHints":{"allow":["GET"]}}],"collection":[{"href":"https:\/\/vivaiobaronti.com\/de\/wp-json\/wp\/v2\/product"}],"about":[{"href":"https:\/\/vivaiobaronti.com\/de\/wp-json\/wp\/v2\/types\/product"}],"wp:featuredmedia":[{"embeddable":true,"href":"https:\/\/vivaiobaronti.com\/de\/wp-json\/wp\/v2\/media\/16737"}],"wp:attachment":[{"href":"https:\/\/vivaiobaronti.com\/de\/wp-json\/wp\/v2\/media?parent=16722"}],"wp:term":[{"taxonomy":"product_brand","embeddable":true,"href":"https:\/\/vivaiobaronti.com\/de\/wp-json\/wp\/v2\/product_brand?post=16722"},{"taxonomy":"product_cat","embeddable":true,"href":"https:\/\/vivaiobaronti.com\/de\/wp-json\/wp\/v2\/product_cat?post=16722"},{"taxonomy":"product_tag","embeddable":true,"href":"https:\/\/vivaiobaronti.com\/de\/wp-json\/wp\/v2\/product_tag?post=16722"}],"curies":[{"name":"wp","href":"https:\/\/api.w.org\/{rel}","templated":true}]}}