{"id":16720,"date":"2025-05-20T08:20:20","date_gmt":"2025-05-20T08:20:20","guid":{"rendered":"https:\/\/quizzical-davinci.89-31-73-59.plesk.page\/pianta\/magnolia-stellata-rosea\/"},"modified":"2025-07-24T08:25:47","modified_gmt":"2025-07-24T08:25:47","slug":"magnolia-stellata-rosea","status":"publish","type":"product","link":"https:\/\/vivaiobaronti.com\/de\/pianta\/magnolia-stellata-rosea\/","title":{"rendered":"MAGNOLIA STELLATA ROSEA"},"content":{"rendered":"<p>Magnolia stellata &#8218;Rosea&#8216; ist eine kompakte, langsam wachsende Sorte aus der Gruppe der fr\u00fchbl\u00fchenden Laubmagnolien. Sie zeichnet sich durch blassrosa, sternf\u00f6rmige Bl\u00fcten aus, die beim \u00d6ffnen allm\u00e4hlich rosa-wei\u00df verblassen, mit zahlreichen schmalen, leicht duftenden Bl\u00fctenh\u00fcllbl\u00e4ttern. Die Bl\u00fcte erfolgt im zeitigen Fr\u00fchjahr, noch vor dem Laubaustrieb, und ist selbst bei jungen Exemplaren \u00fcppig. Die Laubbl\u00e4tter sind eif\u00f6rmig und mittelgr\u00fcn und erscheinen unmittelbar nach der Bl\u00fcte. Die Pflanze hat einen sch\u00f6nen, gut verzweigten Wuchs und eignet sich dank ihrer filigranen Erscheinung und langlebigen Bl\u00fcte besonders f\u00fcr kleine G\u00e4rten oder als solit\u00e4re Zierpflanze.<\/p>\n","protected":false},"excerpt":{"rendered":"<p>Magnolia stellata &#8218;Rosea&#8216; ist eine kompakte, langsam wachsende Sorte aus der Gruppe der fr\u00fchbl\u00fchenden Laubmagnolien. Sie zeichnet sich durch blassrosa, sternf\u00f6rmige Bl\u00fcten aus, die beim \u00d6ffnen allm\u00e4hlich rosa-wei\u00df verblassen, mit zahlreichen schmalen, leicht duftenden Bl\u00fctenh\u00fcllbl\u00e4ttern. Die Bl\u00fcte erfolgt im zeitigen Fr\u00fchjahr, noch vor dem Laubaustrieb, und ist selbst bei jungen Exemplaren \u00fcppig. Die Laubbl\u00e4tter sind [&hellip;]<\/p>\n","protected":false},"featured_media":0,"template":"","meta":{"_acf_changed":false},"product_brand":[],"product_cat":[141,147],"product_tag":[],"class_list":{"0":"post-16720","1":"product","2":"type-product","3":"status-publish","5":"product_cat-pflanzen","6":"product_cat-strauch","7":"pa_forma-strauch","9":"first","10":"instock","11":"purchasable","12":"product-type-variable"},"acf":[],"_links":{"self":[{"href":"https:\/\/vivaiobaronti.com\/de\/wp-json\/wp\/v2\/product\/16720","targetHints":{"allow":["GET"]}}],"collection":[{"href":"https:\/\/vivaiobaronti.com\/de\/wp-json\/wp\/v2\/product"}],"about":[{"href":"https:\/\/vivaiobaronti.com\/de\/wp-json\/wp\/v2\/types\/product"}],"wp:attachment":[{"href":"https:\/\/vivaiobaronti.com\/de\/wp-json\/wp\/v2\/media?parent=16720"}],"wp:term":[{"taxonomy":"product_brand","embeddable":true,"href":"https:\/\/vivaiobaronti.com\/de\/wp-json\/wp\/v2\/product_brand?post=16720"},{"taxonomy":"product_cat","embeddable":true,"href":"https:\/\/vivaiobaronti.com\/de\/wp-json\/wp\/v2\/product_cat?post=16720"},{"taxonomy":"product_tag","embeddable":true,"href":"https:\/\/vivaiobaronti.com\/de\/wp-json\/wp\/v2\/product_tag?post=16720"}],"curies":[{"name":"wp","href":"https:\/\/api.w.org\/{rel}","templated":true}]}}