{"id":16684,"date":"2025-05-20T08:20:20","date_gmt":"2025-05-20T08:20:20","guid":{"rendered":"https:\/\/quizzical-davinci.89-31-73-59.plesk.page\/pianta\/magnolia-soulangeana\/"},"modified":"2025-07-24T08:25:47","modified_gmt":"2025-07-24T08:25:47","slug":"magnolia-soulangeana","status":"publish","type":"product","link":"https:\/\/vivaiobaronti.com\/de\/pianta\/magnolia-soulangeana\/","title":{"rendered":"MAGNOLIA SOULANGEANA"},"content":{"rendered":"<p><span style=\"font-weight: 400;\">Magnolia soulangeana ist aufgrund ihrer beeindruckenden Fr\u00fchlingsbl\u00fcte und ihres majest\u00e4tischen Aussehens eine der beliebtesten und beliebtesten Magnoliensorten. Dieser Laubbaum, der Wuchsh\u00f6hen zwischen 4 und 6 Metern erreicht, eignet sich besonders f\u00fcr gro\u00dfe G\u00e4rten oder als Solit\u00e4rpflanze, wo er seine ganze Sch\u00f6nheit entfalten kann. Seine elegante Erscheinung und seine ausgewogene Form machen ihn zu einem Blickfang.<\/span> <span style=\"font-weight: 400;\">Die Bl\u00fcte der Magnolia soulangeana ist spektakul\u00e4r, mit gro\u00dfen becherf\u00f6rmigen Bl\u00fcten, die sich vor dem Blattaustrieb \u00f6ffnen und so einen au\u00dfergew\u00f6hnlichen Kontrast bilden. Die Bl\u00fcten, die sich im Fr\u00fchling \u00f6ffnen, sind au\u00dfen rosa-wei\u00df oder hellrosa, mit einem dunkleren Herzen, das oft violett get\u00f6nt ist. Ihre Gr\u00f6\u00dfe und \u00fcppige Form machen sie w\u00e4hrend der Bl\u00fctezeit zu einer der Hauptattraktionen in G\u00e4rten und Parks.<\/span> <span style=\"font-weight: 400;\">Das w\u00e4hrend der Wachstumsperiode intensiv gr\u00fcne Laub verleiht der Pflanze ein dichtes und \u00fcppiges Aussehen. Im Herbst verf\u00e4rben sich die Bl\u00e4tter gelbgolden und sorgen so auch nach der Bl\u00fcte f\u00fcr einen interessanten Anblick. Magnolia soulangeana wird f\u00fcr ihre gepflegte und wohlgeformte Krone gesch\u00e4tzt, die sich ausladend, aber kompakt entwickelt.<\/span> <span style=\"font-weight: 400;\">Diese Magnolie bevorzugt frische, gut durchl\u00e4ssige und leicht saure B\u00f6den und eignet sich am besten f\u00fcr Standorte in voller Sonne oder im Halbschatten. Obwohl sie etwas K\u00e4lte vertr\u00e4gt, ist sie f\u00fcr gem\u00e4\u00dfigtes Klima besser geeignet. F\u00fcr optimales Wachstum empfiehlt sich regelm\u00e4\u00dfiges Gie\u00dfen w\u00e4hrend der hei\u00dfesten Jahreszeiten. Ihre Widerstandsf\u00e4higkeit und die Sch\u00f6nheit ihrer Bl\u00fcten machen sie ideal f\u00fcr dekorative G\u00e4rten, Alleen und wertvolle Landschaftsbereiche.<\/span><\/p>\n","protected":false},"excerpt":{"rendered":"<p>Magnolia soulangeana ist aufgrund ihrer beeindruckenden Fr\u00fchlingsbl\u00fcte und ihres majest\u00e4tischen Aussehens eine der beliebtesten und beliebtesten Magnoliensorten. Dieser Laubbaum, der Wuchsh\u00f6hen zwischen 4 und 6 Metern erreicht, eignet sich besonders f\u00fcr gro\u00dfe G\u00e4rten oder als Solit\u00e4rpflanze, wo er seine ganze Sch\u00f6nheit entfalten kann. Seine elegante Erscheinung und seine ausgewogene Form machen ihn zu einem Blickfang. [&hellip;]<\/p>\n","protected":false},"featured_media":16698,"template":"","meta":{"_acf_changed":false},"product_brand":[],"product_cat":[141,147,143],"product_tag":[],"class_list":{"0":"post-16684","1":"product","2":"type-product","3":"status-publish","4":"has-post-thumbnail","6":"product_cat-pflanzen","7":"product_cat-strauch","8":"product_cat-halbstamm","9":"pa_forma-halbstamm","10":"pa_forma-mini-stamm","11":"pa_forma-strauch","13":"first","14":"instock","15":"purchasable","16":"product-type-variable"},"acf":[],"_links":{"self":[{"href":"https:\/\/vivaiobaronti.com\/de\/wp-json\/wp\/v2\/product\/16684","targetHints":{"allow":["GET"]}}],"collection":[{"href":"https:\/\/vivaiobaronti.com\/de\/wp-json\/wp\/v2\/product"}],"about":[{"href":"https:\/\/vivaiobaronti.com\/de\/wp-json\/wp\/v2\/types\/product"}],"wp:featuredmedia":[{"embeddable":true,"href":"https:\/\/vivaiobaronti.com\/de\/wp-json\/wp\/v2\/media\/16698"}],"wp:attachment":[{"href":"https:\/\/vivaiobaronti.com\/de\/wp-json\/wp\/v2\/media?parent=16684"}],"wp:term":[{"taxonomy":"product_brand","embeddable":true,"href":"https:\/\/vivaiobaronti.com\/de\/wp-json\/wp\/v2\/product_brand?post=16684"},{"taxonomy":"product_cat","embeddable":true,"href":"https:\/\/vivaiobaronti.com\/de\/wp-json\/wp\/v2\/product_cat?post=16684"},{"taxonomy":"product_tag","embeddable":true,"href":"https:\/\/vivaiobaronti.com\/de\/wp-json\/wp\/v2\/product_tag?post=16684"}],"curies":[{"name":"wp","href":"https:\/\/api.w.org\/{rel}","templated":true}]}}