{"id":16680,"date":"2025-05-20T08:20:20","date_gmt":"2025-05-20T08:20:20","guid":{"rendered":"https:\/\/quizzical-davinci.89-31-73-59.plesk.page\/pianta\/magnolia-liliflora-nigra\/"},"modified":"2025-07-24T08:25:47","modified_gmt":"2025-07-24T08:25:47","slug":"magnolia-liliflora-nigra","status":"publish","type":"product","link":"https:\/\/vivaiobaronti.com\/de\/pianta\/magnolia-liliflora-nigra\/","title":{"rendered":"MAGNOLIA LILIFLORA NIGRA"},"content":{"rendered":"<p><span style=\"font-weight: 400\">Magnolia liliflora &#8218;Nigra&#8216; ist eine laubabwerfende Magnoliensorte, die sich durch ihre elegante Form und einzigartige Bl\u00fcte auszeichnet, weshalb diese Pflanze besonders in Zierg\u00e4rten beliebt ist. Diese f\u00fcr ihren kompakten Wuchs und ihre strauchartige Gestalt bekannte Sorte erreicht im Allgemeinen eine H\u00f6he von 3-4 Metern und ist daher ideal f\u00fcr mittelgro\u00dfe G\u00e4rten oder f\u00fcr die Topfkultur.<\/span> <span style=\"font-weight: 400\">Das Hauptmerkmal von Magnolia liliflora &#8218;Nigra&#8216; ist ihre au\u00dfergew\u00f6hnliche Bl\u00fcte. Die im Fr\u00fchling bl\u00fchenden Bl\u00fcten haben eine intensive und tiefe, fast schwarze Purpurviolettfarbe, die der Pflanze ein raffiniertes und geheimnisvolles Aussehen verleiht. Ihre becherf\u00f6rmige Form, die an eine Lilie erinnert, besticht durch ihre Eleganz und Zartheit. Der Kontrast zwischen der dunklen Farbe der Bl\u00fctenbl\u00e4tter und dem gl\u00e4nzend gr\u00fcnen Laub erzeugt einen atemberaubenden visuellen Effekt, der mehrere Wochen anh\u00e4lt.<\/span> <span style=\"font-weight: 400\">Das Laub von &#8218;Nigra&#8216; ist w\u00e4hrend der Wachstumsperiode dunkelgr\u00fcn und leicht gl\u00e4nzend, was sein dekoratives Aussehen unterstreicht. Im Herbst nehmen die Bl\u00e4tter goldene und gelbe Farbt\u00f6ne an, wodurch die Pflanze auch nach der Bl\u00fcte optisch interessant bleibt.<\/span> <span style=\"font-weight: 400\">Diese Magnoliensorte bevorzugt gut durchl\u00e4ssige, saure B\u00f6den in voller Sonne oder im Halbschatten. Magnolia liliflora &#8218;Nigra&#8216; ist k\u00e4lte- und frostresistent und eignet sich besonders f\u00fcr gem\u00e4\u00dfigte Klimazonen, wo sie problemlos gedeiht. Sobald sie gut verwurzelt ist, vertr\u00e4gt sie Trockenperioden. F\u00fcr eine optimale Bl\u00fcte sind jedoch frische Erde und regelm\u00e4\u00dfiges Gie\u00dfen w\u00e4hrend der hei\u00dfen Jahreszeit empfehlenswert.<\/span><\/p>\n","protected":false},"excerpt":{"rendered":"<p>Magnolia liliflora &#8218;Nigra&#8216; ist eine laubabwerfende Magnoliensorte, die sich durch ihre elegante Form und einzigartige Bl\u00fcte auszeichnet, weshalb diese Pflanze besonders in Zierg\u00e4rten beliebt ist. Diese f\u00fcr ihren kompakten Wuchs und ihre strauchartige Gestalt bekannte Sorte erreicht im Allgemeinen eine H\u00f6he von 3-4 Metern und ist daher ideal f\u00fcr mittelgro\u00dfe G\u00e4rten oder f\u00fcr die Topfkultur. [&hellip;]<\/p>\n","protected":false},"featured_media":0,"template":"","meta":{"_acf_changed":false},"product_brand":[],"product_cat":[141,144],"product_tag":[],"class_list":{"0":"post-16680","1":"product","2":"type-product","3":"status-publish","5":"product_cat-pflanzen","6":"product_cat-mini-stamm","7":"pa_forma-cespuglio","8":"pa_forma-mini-stamm","10":"first","11":"instock","12":"purchasable","13":"product-type-variable"},"acf":[],"_links":{"self":[{"href":"https:\/\/vivaiobaronti.com\/de\/wp-json\/wp\/v2\/product\/16680","targetHints":{"allow":["GET"]}}],"collection":[{"href":"https:\/\/vivaiobaronti.com\/de\/wp-json\/wp\/v2\/product"}],"about":[{"href":"https:\/\/vivaiobaronti.com\/de\/wp-json\/wp\/v2\/types\/product"}],"wp:attachment":[{"href":"https:\/\/vivaiobaronti.com\/de\/wp-json\/wp\/v2\/media?parent=16680"}],"wp:term":[{"taxonomy":"product_brand","embeddable":true,"href":"https:\/\/vivaiobaronti.com\/de\/wp-json\/wp\/v2\/product_brand?post=16680"},{"taxonomy":"product_cat","embeddable":true,"href":"https:\/\/vivaiobaronti.com\/de\/wp-json\/wp\/v2\/product_cat?post=16680"},{"taxonomy":"product_tag","embeddable":true,"href":"https:\/\/vivaiobaronti.com\/de\/wp-json\/wp\/v2\/product_tag?post=16680"}],"curies":[{"name":"wp","href":"https:\/\/api.w.org\/{rel}","templated":true}]}}