{"id":16676,"date":"2025-05-20T08:20:20","date_gmt":"2025-05-20T08:20:20","guid":{"rendered":"https:\/\/quizzical-davinci.89-31-73-59.plesk.page\/pianta\/magnolia-henry-kern\/"},"modified":"2025-07-24T08:25:47","modified_gmt":"2025-07-24T08:25:47","slug":"magnolia-henry-kern","status":"publish","type":"product","link":"https:\/\/vivaiobaronti.com\/de\/pianta\/magnolia-henry-kern\/","title":{"rendered":"MAGNOLIA HENRY KERN"},"content":{"rendered":"<p><span style=\"font-weight: 400\">Magnolia &#8218;Henry Kern&#8216; ist eine besonders wertvolle Hybridmagnolie, die die Pracht ihrer Bl\u00fcten mit einem eleganten Wuchs und \u00fcppiger Bl\u00fcte verbindet. Dieser Laubbaum ist die ideale Wahl f\u00fcr alle, die eine mittelgro\u00dfe Magnolie suchen, die sowohl in privaten G\u00e4rten als auch in gr\u00f6\u00dferen R\u00e4umen einen beeindruckenden Blickfang darstellt.<\/span> <span style=\"font-weight: 400\">Die Bl\u00fcte der Magnolia &#8218;Henry Kern&#8216; ist einer der faszinierendsten Aspekte der Pflanze: Die \u00fcppigen Bl\u00fcten bl\u00fchen im zeitigen Fr\u00fchjahr, bevor die Bl\u00e4tter erscheinen. Die reinwei\u00dfen Bl\u00fctenbl\u00e4tter mit hellrosa Reflexen sind zart und wachsartig und bilden einen eleganten Kontrast zum Dunkelgr\u00fcn der Bl\u00e4tter. Der s\u00fc\u00dfe, einh\u00fcllende Duft der Bl\u00fcten zieht zahlreiche Best\u00e4uber an und macht diese Pflanze zu einer wertvollen Erg\u00e4nzung f\u00fcr alle, die Schmetterlinge und Bienen in ihren Garten locken m\u00f6chten.<\/span> <span style=\"font-weight: 400\">Die Bl\u00e4tter der Magnolia &#8218;Henry Kern&#8216; sind gro\u00df, ledrig und von tiefgr\u00fcnem Aussehen, was der Pflanze auch nach der Bl\u00fctezeit ein elegantes Aussehen verleiht. Im Herbst verf\u00e4rben sich die Bl\u00e4tter gelblich-golden, wodurch die Pflanze auch nach der Bl\u00fctezeit noch einen dekorativen Reiz hat.<\/span> <span style=\"font-weight: 400\">Mit einer H\u00f6he von 4 bis 6 Metern hat die Magnolia &#8218;Henry Kern&#8216; einen aufrechten Wuchs und eine ausladende, aber ausgewogene Krone. Die Pflanze vertr\u00e4gt besonders gut durchl\u00e4ssige B\u00f6den und bevorzugt Standorte in voller Sonne oder im Halbschatten. Obwohl sie recht hitzebest\u00e4ndig ist, ben\u00f6tigt sie in Trockenperioden gute Bew\u00e4sserung, um gesund zu wachsen. Da sie k\u00e4lteresistent ist, eignet sie sich f\u00fcr gem\u00e4\u00dfigte Klimazonen und gedeiht auch in leicht sauren B\u00f6den.<\/span><\/p>\n","protected":false},"excerpt":{"rendered":"<p>Magnolia &#8218;Henry Kern&#8216; ist eine besonders wertvolle Hybridmagnolie, die die Pracht ihrer Bl\u00fcten mit einem eleganten Wuchs und \u00fcppiger Bl\u00fcte verbindet. Dieser Laubbaum ist die ideale Wahl f\u00fcr alle, die eine mittelgro\u00dfe Magnolie suchen, die sowohl in privaten G\u00e4rten als auch in gr\u00f6\u00dferen R\u00e4umen einen beeindruckenden Blickfang darstellt. Die Bl\u00fcte der Magnolia &#8218;Henry Kern&#8216; ist [&hellip;]<\/p>\n","protected":false},"featured_media":0,"template":"","meta":{"_acf_changed":false},"product_brand":[],"product_cat":[141,143],"product_tag":[],"class_list":{"0":"post-16676","1":"product","2":"type-product","3":"status-publish","5":"product_cat-pflanzen","6":"product_cat-halbstamm","7":"pa_forma-cespuglio","8":"pa_forma-halbstamm","10":"first","11":"instock","12":"purchasable","13":"product-type-variable"},"acf":[],"_links":{"self":[{"href":"https:\/\/vivaiobaronti.com\/de\/wp-json\/wp\/v2\/product\/16676","targetHints":{"allow":["GET"]}}],"collection":[{"href":"https:\/\/vivaiobaronti.com\/de\/wp-json\/wp\/v2\/product"}],"about":[{"href":"https:\/\/vivaiobaronti.com\/de\/wp-json\/wp\/v2\/types\/product"}],"wp:attachment":[{"href":"https:\/\/vivaiobaronti.com\/de\/wp-json\/wp\/v2\/media?parent=16676"}],"wp:term":[{"taxonomy":"product_brand","embeddable":true,"href":"https:\/\/vivaiobaronti.com\/de\/wp-json\/wp\/v2\/product_brand?post=16676"},{"taxonomy":"product_cat","embeddable":true,"href":"https:\/\/vivaiobaronti.com\/de\/wp-json\/wp\/v2\/product_cat?post=16676"},{"taxonomy":"product_tag","embeddable":true,"href":"https:\/\/vivaiobaronti.com\/de\/wp-json\/wp\/v2\/product_tag?post=16676"}],"curies":[{"name":"wp","href":"https:\/\/api.w.org\/{rel}","templated":true}]}}