{"id":16657,"date":"2025-05-20T08:20:20","date_gmt":"2025-05-20T08:20:20","guid":{"rendered":"https:\/\/quizzical-davinci.89-31-73-59.plesk.page\/pianta\/magnolia-grandiflora-little-gem\/"},"modified":"2025-07-24T08:25:47","modified_gmt":"2025-07-24T08:25:47","slug":"magnolia-grandiflora-little-gem","status":"publish","type":"product","link":"https:\/\/vivaiobaronti.com\/de\/pianta\/magnolia-grandiflora-little-gem\/","title":{"rendered":"MAGNOLIA GRANDIFLORA LITTLE GEM"},"content":{"rendered":"<p><span style=\"font-weight: 400;\">Magnolia grandiflora &#8218;Little Gem&#8216; ist eine kompakte immergr\u00fcne Magnolie, die besonders f\u00fcr ihre Sch\u00f6nheit und ihre F\u00e4higkeit gesch\u00e4tzt wird, sich an kleinere R\u00e4ume anzupassen als die traditionelle Sorte. Dieser Baum, der die Pracht der urspr\u00fcnglichen Art bewahrt, ist ideal f\u00fcr diejenigen, die eine Magnolie kleinerer Gr\u00f6\u00dfe w\u00fcnschen, ohne auf die au\u00dfergew\u00f6hnliche Bl\u00fcte und das dekorative Laub zu verzichten.<\/span> <span style=\"font-weight: 400;\">Die Bl\u00fcte von &#8218;Little Gem&#8216; ist eines seiner charakteristischen Merkmale: Gro\u00dfe wei\u00dfe Bl\u00fcten, \u00e4hnlich denen der Magnolia grandiflora, bl\u00fchen im Sommer \u00fcppig und sorgen f\u00fcr einen spektakul\u00e4ren Blickfang. Die etwa 15-20 cm gro\u00dfen Bl\u00fcten sind elegant und duftend, mit wachsartigen Bl\u00fctenbl\u00e4ttern in reinem Wei\u00df, die einen sch\u00f6nen Kontrast zum dunklen, gl\u00e4nzenden Gr\u00fcn der Bl\u00e4tter bilden. Diese Bl\u00fcte, gefolgt von kegelf\u00f6rmigen Fr\u00fcchten, macht die Pflanze zu einem zentralen Element im Garten &#8211; ideal f\u00fcr alle, die einen langanhaltenden optischen Eindruck erzielen m\u00f6chten.<\/span> <span style=\"font-weight: 400;\">Die Bl\u00e4tter der Magnolia grandiflora &#8218;Little Gem&#8216; sind gro\u00df, ledrig und auf der Oberseite gl\u00e4nzend dunkelgr\u00fcn, auf der Unterseite hellbronzefarben behaart, was ihr ein elegantes Aussehen und eine interessante Textur verleiht, besonders wenn sie vom Wind bewegt wird. Trotz ihrer kompakten Form beh\u00e4lt die Pflanze einen aufrechten und gut verzweigten Wuchs, der ein geordnetes und kontrolliertes Wachstum erm\u00f6glicht.<\/span> <span style=\"font-weight: 400;\">Diese Magnoliensorte eignet sich perfekt f\u00fcr kleine G\u00e4rten, Terrassen oder den Anbau in K\u00fcbeln. Sie erreicht eine H\u00f6he von 3 bis 5 Metern und hat eine m\u00e4\u00dfig breite Krone. Sie bevorzugt saure, gut durchl\u00e4ssige B\u00f6den und steht in voller Sonne oder im Halbschatten. Obwohl sie hitzebest\u00e4ndig ist, ben\u00f6tigt sie f\u00fcr ein gesundes Wachstum regelm\u00e4\u00dfiges Gie\u00dfen in Trockenperioden. Aufgrund seiner K\u00e4lte- und Temperaturbest\u00e4ndigkeit eignet es sich f\u00fcr gem\u00e4\u00dfigte Klimazonen und verleiht jedem Garten oder Au\u00dfenbereich Sch\u00f6nheit und Prestige.<\/span><\/p>\n","protected":false},"excerpt":{"rendered":"<p>Magnolia grandiflora &#8218;Little Gem&#8216; ist eine kompakte immergr\u00fcne Magnolie, die besonders f\u00fcr ihre Sch\u00f6nheit und ihre F\u00e4higkeit gesch\u00e4tzt wird, sich an kleinere R\u00e4ume anzupassen als die traditionelle Sorte. Dieser Baum, der die Pracht der urspr\u00fcnglichen Art bewahrt, ist ideal f\u00fcr diejenigen, die eine Magnolie kleinerer Gr\u00f6\u00dfe w\u00fcnschen, ohne auf die au\u00dfergew\u00f6hnliche Bl\u00fcte und das dekorative [&hellip;]<\/p>\n","protected":false},"featured_media":16672,"template":"","meta":{"_acf_changed":false},"product_brand":[],"product_cat":[141,147],"product_tag":[],"class_list":{"0":"post-16657","1":"product","2":"type-product","3":"status-publish","4":"has-post-thumbnail","6":"product_cat-pflanzen","7":"product_cat-strauch","8":"pa_forma-strauch","10":"first","11":"instock","12":"purchasable","13":"product-type-variable"},"acf":[],"_links":{"self":[{"href":"https:\/\/vivaiobaronti.com\/de\/wp-json\/wp\/v2\/product\/16657","targetHints":{"allow":["GET"]}}],"collection":[{"href":"https:\/\/vivaiobaronti.com\/de\/wp-json\/wp\/v2\/product"}],"about":[{"href":"https:\/\/vivaiobaronti.com\/de\/wp-json\/wp\/v2\/types\/product"}],"wp:featuredmedia":[{"embeddable":true,"href":"https:\/\/vivaiobaronti.com\/de\/wp-json\/wp\/v2\/media\/16672"}],"wp:attachment":[{"href":"https:\/\/vivaiobaronti.com\/de\/wp-json\/wp\/v2\/media?parent=16657"}],"wp:term":[{"taxonomy":"product_brand","embeddable":true,"href":"https:\/\/vivaiobaronti.com\/de\/wp-json\/wp\/v2\/product_brand?post=16657"},{"taxonomy":"product_cat","embeddable":true,"href":"https:\/\/vivaiobaronti.com\/de\/wp-json\/wp\/v2\/product_cat?post=16657"},{"taxonomy":"product_tag","embeddable":true,"href":"https:\/\/vivaiobaronti.com\/de\/wp-json\/wp\/v2\/product_tag?post=16657"}],"curies":[{"name":"wp","href":"https:\/\/api.w.org\/{rel}","templated":true}]}}