{"id":16654,"date":"2025-05-20T08:20:20","date_gmt":"2025-05-20T08:20:20","guid":{"rendered":"https:\/\/quizzical-davinci.89-31-73-59.plesk.page\/pianta\/magnolia-gallisoniensis\/"},"modified":"2025-07-24T08:25:47","modified_gmt":"2025-07-24T08:25:47","slug":"magnolia-gallisoniensis","status":"publish","type":"product","link":"https:\/\/vivaiobaronti.com\/de\/pianta\/magnolia-gallisoniensis\/","title":{"rendered":"MAGNOLIA GALLISONIENSIS"},"content":{"rendered":"<p>Magnolia gallisonensis ist eine wundersch\u00f6ne, laubabwerfende Magnolie aus China, die sich durch ihre Eleganz und spektakul\u00e4re Bl\u00fcte auszeichnet. Dieser mittelgro\u00dfe Baum wird besonders wegen seiner schlanken Wuchsform und seines relativ schnellen Wachstums gesch\u00e4tzt und eignet sich daher ideal f\u00fcr gro\u00dfe G\u00e4rten oder Gr\u00fcnfl\u00e4chen.<br \/>\nDie Bl\u00fctezeit beginnt im sp\u00e4ten Fr\u00fchjahr und ist das wahre Highlight dieser Sorte. Die gro\u00dfen, becherf\u00f6rmigen Bl\u00fcten sind rein cremewei\u00df mit einem leicht rosa Schimmer an der Basis der Bl\u00fctenbl\u00e4tter. Sie \u00f6ffnen sich, bevor die Bl\u00e4tter sprie\u00dfen, wodurch ein spektakul\u00e4rer Kontrast zum kahlen Zweig entsteht und die zarte, edle Sch\u00f6nheit der Pflanze hervorgehoben wird. Der Duft der Bl\u00fcten ist dezent und zugleich einh\u00fcllend und verleiht den ohnehin schon exquisiten Bl\u00fcten eine besondere olfaktorische Note.<br \/>\nDie gro\u00dfen, gl\u00e4nzenden Bl\u00e4tter sind leuchtend dunkelgr\u00fcn und tragen w\u00e4hrend der Wachstumsperiode zum majest\u00e4tischen Erscheinungsbild der Pflanze bei. Im Herbst verf\u00e4rben sich die Bl\u00e4tter goldgelb und bieten auch au\u00dferhalb der Bl\u00fctezeit einen \u00e4sthetischen Reiz.<br \/>\nMagnolia gallisonensis w\u00e4chst aufrecht und hat eine breite, ausgewogene Krone. Sie erreicht H\u00f6hen zwischen 6 und 10 Metern. Die Pflanze bevorzugt saure, k\u00fchle und gut durchl\u00e4ssige B\u00f6den in der Sonne oder im Halbschatten. Obwohl sie relativ k\u00e4lteresistent ist, sch\u00e4tzt sie gem\u00e4\u00dfigtes, feuchtes Klima. Bei gro\u00dfer Hitze ist eine gute Bew\u00e4sserung wichtig. Einmal etabliert, vertr\u00e4gt sie relativ viel Trockenheit, f\u00fcr optimales Wachstum empfiehlt sich jedoch ein n\u00e4hrstoffreicher, gut bel\u00fcfteter Boden.<\/p>\n","protected":false},"excerpt":{"rendered":"<p>Magnolia gallisonensis ist eine wundersch\u00f6ne, laubabwerfende Magnolie aus China, die sich durch ihre Eleganz und spektakul\u00e4re Bl\u00fcte auszeichnet. Dieser mittelgro\u00dfe Baum wird besonders wegen seiner schlanken Wuchsform und seines relativ schnellen Wachstums gesch\u00e4tzt und eignet sich daher ideal f\u00fcr gro\u00dfe G\u00e4rten oder Gr\u00fcnfl\u00e4chen. Die Bl\u00fctezeit beginnt im sp\u00e4ten Fr\u00fchjahr und ist das wahre Highlight dieser [&hellip;]<\/p>\n","protected":false},"featured_media":0,"template":"","meta":{"_acf_changed":false},"product_brand":[],"product_cat":[141,147],"product_tag":[],"class_list":{"0":"post-16654","1":"product","2":"type-product","3":"status-publish","5":"product_cat-pflanzen","6":"product_cat-strauch","7":"pa_forma-strauch","9":"first","10":"instock","11":"purchasable","12":"product-type-variable"},"acf":[],"_links":{"self":[{"href":"https:\/\/vivaiobaronti.com\/de\/wp-json\/wp\/v2\/product\/16654","targetHints":{"allow":["GET"]}}],"collection":[{"href":"https:\/\/vivaiobaronti.com\/de\/wp-json\/wp\/v2\/product"}],"about":[{"href":"https:\/\/vivaiobaronti.com\/de\/wp-json\/wp\/v2\/types\/product"}],"wp:attachment":[{"href":"https:\/\/vivaiobaronti.com\/de\/wp-json\/wp\/v2\/media?parent=16654"}],"wp:term":[{"taxonomy":"product_brand","embeddable":true,"href":"https:\/\/vivaiobaronti.com\/de\/wp-json\/wp\/v2\/product_brand?post=16654"},{"taxonomy":"product_cat","embeddable":true,"href":"https:\/\/vivaiobaronti.com\/de\/wp-json\/wp\/v2\/product_cat?post=16654"},{"taxonomy":"product_tag","embeddable":true,"href":"https:\/\/vivaiobaronti.com\/de\/wp-json\/wp\/v2\/product_tag?post=16654"}],"curies":[{"name":"wp","href":"https:\/\/api.w.org\/{rel}","templated":true}]}}