{"id":16652,"date":"2025-05-20T08:20:20","date_gmt":"2025-05-20T08:20:20","guid":{"rendered":"https:\/\/quizzical-davinci.89-31-73-59.plesk.page\/pianta\/magnolia-gallisonensis\/"},"modified":"2025-07-24T08:25:40","modified_gmt":"2025-07-24T08:25:40","slug":"magnolia-gallisonensis","status":"publish","type":"product","link":"https:\/\/vivaiobaronti.com\/de\/pianta\/magnolia-gallisonensis\/","title":{"rendered":"MAGNOLIA GALLISONENSIS"},"content":{"rendered":"<p><span style=\"font-weight: 400\">Magnolia gallisonensis ist eine wundersch\u00f6ne, sommergr\u00fcne Magnolie aus China, die sich durch ihre Eleganz und spektakul\u00e4re Bl\u00fcte auszeichnet. Dieser mittelgro\u00dfe Baum wird besonders wegen seiner schlanken Wuchsform und seines relativ schnellen Wachstums gesch\u00e4tzt, wodurch er sich ideal f\u00fcr gro\u00dfe G\u00e4rten oder Gr\u00fcnfl\u00e4chen eignet.<\/span> <span style=\"font-weight: 400\">Die Bl\u00fcte, die ab dem sp\u00e4ten Fr\u00fchling beginnt, ist das wahre Highlight dieser Sorte. Die gro\u00dfen, becherf\u00f6rmigen Bl\u00fcten sind rein cremewei\u00df mit einem leichten Rosaton an der Basis der Bl\u00fctenbl\u00e4tter. Sie \u00f6ffnen sich, bevor die Bl\u00e4tter erscheinen, wodurch ein spektakul\u00e4rer Kontrast zum kahlen Zweig entsteht und die zarte und raffinierte Sch\u00f6nheit der Pflanze hervorgehoben wird. Der Duft der Bl\u00fcten ist subtil, aber einh\u00fcllend und verleiht der ohnehin schon wertvollen Bl\u00fcte eine zus\u00e4tzliche olfaktorische Dimension.<\/span> <span style=\"font-weight: 400\">Die gro\u00dfen, gl\u00e4nzenden Bl\u00e4tter sind dunkelgr\u00fcn und verleihen der Pflanze w\u00e4hrend der Wachstumsperiode ein majest\u00e4tisches Aussehen. Im Herbst f\u00e4rben sich die Bl\u00e4tter goldgelb und bieten auch au\u00dferhalb der Bl\u00fctezeit einen \u00e4sthetischen Reiz.<\/span> <span style=\"font-weight: 400\">Magnolia gallisonensis w\u00e4chst aufrecht, hat eine breite, ausgewogene Krone und erreicht H\u00f6hen zwischen 6 und 10 Metern. Die Pflanze bevorzugt saure, frische und gut durchl\u00e4ssige B\u00f6den mit sonniger oder leicht schattiger Lage. Obwohl sie relativ k\u00e4lteresistent ist, sch\u00e4tzt sie gem\u00e4\u00dfigtes, feuchtes Klima. Bei gro\u00dfer Hitze ist eine gute Bew\u00e4sserung wichtig. Einmal gut angewachsen, vertr\u00e4gt sie relativ viel Trockenheit, f\u00fcr optimales Wachstum ist jedoch ein n\u00e4hrstoffreicher, gut durchl\u00fcfteter Boden empfehlenswert.<\/span><\/p>\n","protected":false},"excerpt":{"rendered":"<p>Magnolia gallisonensis ist eine wundersch\u00f6ne, sommergr\u00fcne Magnolie aus China, die sich durch ihre Eleganz und spektakul\u00e4re Bl\u00fcte auszeichnet. Dieser mittelgro\u00dfe Baum wird besonders wegen seiner schlanken Wuchsform und seines relativ schnellen Wachstums gesch\u00e4tzt, wodurch er sich ideal f\u00fcr gro\u00dfe G\u00e4rten oder Gr\u00fcnfl\u00e4chen eignet. Die Bl\u00fcte, die ab dem sp\u00e4ten Fr\u00fchling beginnt, ist das wahre Highlight [&hellip;]<\/p>\n","protected":false},"featured_media":0,"template":"","meta":{"_acf_changed":false},"product_brand":[],"product_cat":[141,147],"product_tag":[],"class_list":{"0":"post-16652","1":"product","2":"type-product","3":"status-publish","5":"product_cat-pflanzen","6":"product_cat-strauch","7":"pa_forma-strauch","9":"first","10":"instock","11":"purchasable","12":"product-type-variable"},"acf":[],"_links":{"self":[{"href":"https:\/\/vivaiobaronti.com\/de\/wp-json\/wp\/v2\/product\/16652","targetHints":{"allow":["GET"]}}],"collection":[{"href":"https:\/\/vivaiobaronti.com\/de\/wp-json\/wp\/v2\/product"}],"about":[{"href":"https:\/\/vivaiobaronti.com\/de\/wp-json\/wp\/v2\/types\/product"}],"wp:attachment":[{"href":"https:\/\/vivaiobaronti.com\/de\/wp-json\/wp\/v2\/media?parent=16652"}],"wp:term":[{"taxonomy":"product_brand","embeddable":true,"href":"https:\/\/vivaiobaronti.com\/de\/wp-json\/wp\/v2\/product_brand?post=16652"},{"taxonomy":"product_cat","embeddable":true,"href":"https:\/\/vivaiobaronti.com\/de\/wp-json\/wp\/v2\/product_cat?post=16652"},{"taxonomy":"product_tag","embeddable":true,"href":"https:\/\/vivaiobaronti.com\/de\/wp-json\/wp\/v2\/product_tag?post=16652"}],"curies":[{"name":"wp","href":"https:\/\/api.w.org\/{rel}","templated":true}]}}