{"id":16650,"date":"2025-05-20T08:20:14","date_gmt":"2025-05-20T08:20:14","guid":{"rendered":"https:\/\/quizzical-davinci.89-31-73-59.plesk.page\/pianta\/magnolia-alba-superba\/"},"modified":"2025-07-24T08:25:40","modified_gmt":"2025-07-24T08:25:40","slug":"magnolia-alba-superba","status":"publish","type":"product","link":"https:\/\/vivaiobaronti.com\/de\/pianta\/magnolia-alba-superba\/","title":{"rendered":"MAGNOLIA ALBA SUPERBA"},"content":{"rendered":"<p><span style=\"font-weight: 400\">Magnolia alba &#8218;Superba&#8216; ist eine wertvolle Sorte der wei\u00dfbl\u00fctigen Magnolie, die f\u00fcr ihre beeindruckende Bl\u00fcte und die zeitlose Sch\u00f6nheit gesch\u00e4tzt wird, die sie G\u00e4rten und Parks verleiht. Dieser Laubbaum ist bekannt f\u00fcr seine elegante Form und seinen kr\u00e4ftigen Wuchs, was ihn ideal als Solit\u00e4r oder zur Gestaltung gro\u00dfer Hecken oder dekorativer Gruppen macht.<\/span> <span style=\"font-weight: 400\">Das auff\u00e4lligste Merkmal der Magnolia alba &#8218;Superba&#8216; ist die au\u00dfergew\u00f6hnliche F\u00fclle ihrer Bl\u00fcten, die im Fr\u00fchling bl\u00fchen. Die gro\u00dfen, wei\u00dfen, duftenden Bl\u00fcten haben weiche, seidige Bl\u00fctenbl\u00e4tter, die einen zarten Duft verstr\u00f6men und best\u00e4ubende Insekten wie Bienen und Schmetterlinge anziehen. Diese Sorte f\u00e4llt durch die gro\u00dfz\u00fcgigen Gr\u00f6\u00dfe ihrer Bl\u00fcten auf, die einen Durchmesser von 25 cm erreichen k\u00f6nnen und w\u00e4hrend der Bl\u00fcte ein au\u00dfergew\u00f6hnliches Schauspiel bieten.<\/span> <span style=\"font-weight: 400\">Das dunkelgr\u00fcne, gl\u00e4nzende Laub bildet einen eleganten Kontrast zu den wei\u00dfen Bl\u00fcten und erzeugt einen raffinierten visuellen Effekt. Im Herbst nehmen die Bl\u00e4tter gelbe und goldene T\u00f6ne an, was der Pflanze einen zus\u00e4tzlichen \u00e4sthetischen Wert verleiht. Magnolia alba &#8218;Superba&#8216; w\u00e4chst ausgeglichen und erreicht eine H\u00f6he von 4 bis 7 Metern mit einer breiten und ausgewogenen Krone.<\/span> <span style=\"font-weight: 400\">Diese Sorte bevorzugt saure, gut durchl\u00e4ssige B\u00f6den und sonnige oder halbschattige Standorte. Einmal etabliert, ist sie ziemlich resistent gegen Trockenheit, obwohl sie w\u00e4hrend der Wachstumsphase regelm\u00e4\u00dfiges Gie\u00dfen bevorzugt. Magnolia alba &#8218;Superba&#8216; wird besonders wegen ihrer Widerstandsf\u00e4higkeit gegen\u00fcber gem\u00e4\u00dfigtem Klima und ihrer dekorativen Wirkung w\u00e4hrend der Bl\u00fctezeit gesch\u00e4tzt, was sie zur idealen Wahl f\u00fcr alle macht, die einen Baum mit gro\u00dfer \u00e4sthetischer Wirkung suchen.<\/span><\/p>\n","protected":false},"excerpt":{"rendered":"<p>Magnolia alba &#8218;Superba&#8216; ist eine wertvolle Sorte der wei\u00dfbl\u00fctigen Magnolie, die f\u00fcr ihre beeindruckende Bl\u00fcte und die zeitlose Sch\u00f6nheit gesch\u00e4tzt wird, die sie G\u00e4rten und Parks verleiht. Dieser Laubbaum ist bekannt f\u00fcr seine elegante Form und seinen kr\u00e4ftigen Wuchs, was ihn ideal als Solit\u00e4r oder zur Gestaltung gro\u00dfer Hecken oder dekorativer Gruppen macht. Das auff\u00e4lligste [&hellip;]<\/p>\n","protected":false},"featured_media":0,"template":"","meta":{"_acf_changed":false},"product_brand":[],"product_cat":[141,147],"product_tag":[],"class_list":{"0":"post-16650","1":"product","2":"type-product","3":"status-publish","5":"product_cat-pflanzen","6":"product_cat-strauch","7":"pa_forma-strauch","9":"first","10":"instock","11":"purchasable","12":"product-type-variable"},"acf":[],"_links":{"self":[{"href":"https:\/\/vivaiobaronti.com\/de\/wp-json\/wp\/v2\/product\/16650","targetHints":{"allow":["GET"]}}],"collection":[{"href":"https:\/\/vivaiobaronti.com\/de\/wp-json\/wp\/v2\/product"}],"about":[{"href":"https:\/\/vivaiobaronti.com\/de\/wp-json\/wp\/v2\/types\/product"}],"wp:attachment":[{"href":"https:\/\/vivaiobaronti.com\/de\/wp-json\/wp\/v2\/media?parent=16650"}],"wp:term":[{"taxonomy":"product_brand","embeddable":true,"href":"https:\/\/vivaiobaronti.com\/de\/wp-json\/wp\/v2\/product_brand?post=16650"},{"taxonomy":"product_cat","embeddable":true,"href":"https:\/\/vivaiobaronti.com\/de\/wp-json\/wp\/v2\/product_cat?post=16650"},{"taxonomy":"product_tag","embeddable":true,"href":"https:\/\/vivaiobaronti.com\/de\/wp-json\/wp\/v2\/product_tag?post=16650"}],"curies":[{"name":"wp","href":"https:\/\/api.w.org\/{rel}","templated":true}]}}