{"id":16541,"date":"2025-05-20T08:20:14","date_gmt":"2025-05-20T08:20:14","guid":{"rendered":"https:\/\/quizzical-davinci.89-31-73-59.plesk.page\/pianta\/loropetalum-chinense-fede\/"},"modified":"2025-07-24T08:26:59","modified_gmt":"2025-07-24T08:26:59","slug":"loropetalum-chinense-fede","status":"publish","type":"product","link":"https:\/\/vivaiobaronti.com\/de\/pianta\/loropetalum-chinense-fede\/","title":{"rendered":"LOROPETALUM CHINENSE FEDE"},"content":{"rendered":"<p><span style=\"font-weight: 400;\">Loropetalum chinense &#8218;Fede&#8216; ist eine Sorte der Loropetalum-Pflanze, die sich durch ihre Eleganz und die Lebendigkeit ihres Laubs auszeichnet. Dieser immergr\u00fcne Strauch stammt urspr\u00fcnglich aus Asien und hat eine kompakte und aufrechte Wuchsform, ideal f\u00fcr die Gestaltung von Rabatten, Hecken oder f\u00fcr die Verwendung in T\u00f6pfen. Die Sorte &#8218;Fede&#8216; wird besonders f\u00fcr ihr leuchtend dunkelgr\u00fcnes Laub gesch\u00e4tzt, das in der k\u00e4lteren Jahreszeit rotviolette T\u00f6ne annimmt und der Pflanze das ganze Jahr \u00fcber ein \u00fcppiges und dekoratives Aussehen verleiht.<\/span> <span style=\"font-weight: 400;\">Die Bl\u00fctezeit im Fr\u00fchling ist durch kleine, rosafarbene, fransenf\u00f6rmige Bl\u00fcten gekennzeichnet, die sich in gro\u00dfer Zahl entwickeln und einen lebendigen Kontrast zum Laub bilden. Die zart duftenden Bl\u00fcten ziehen Best\u00e4uber an und verleihen der Pflanze ein weiteres dekoratives Element. Sie zeichnet sich durch ihre F\u00e4higkeit aus, Au\u00dfenbereiche mit warmen und lebendigen T\u00f6nen zu f\u00e4rben.<\/span> <span style=\"font-weight: 400;\">Loropetalum chinense &#8218;Fede&#8216; ist eine widerstandsf\u00e4hige Pflanze, die sich sowohl an sonnige als auch an halbschattige Standorte gut anpasst und gut durchl\u00e4ssige B\u00f6den bevorzugt. Sobald sie gut verwurzelt ist, vertr\u00e4gt sie besonders viel Trockenheit. F\u00fcr optimales Wachstum wird jedoch ein n\u00e4hrstoffreicher und gut bew\u00e4sserter Boden empfohlen. Die Pflanze l\u00e4sst sich durch Beschneiden leicht in Form bringen, wodurch sie kompakt gehalten und an unterschiedliche \u00e4sthetische oder r\u00e4umliche Bed\u00fcrfnisse angepasst werden kann.<\/span><\/p>\n","protected":false},"excerpt":{"rendered":"<p>Loropetalum chinense &#8218;Fede&#8216; ist eine Sorte der Loropetalum-Pflanze, die sich durch ihre Eleganz und die Lebendigkeit ihres Laubs auszeichnet. Dieser immergr\u00fcne Strauch stammt urspr\u00fcnglich aus Asien und hat eine kompakte und aufrechte Wuchsform, ideal f\u00fcr die Gestaltung von Rabatten, Hecken oder f\u00fcr die Verwendung in T\u00f6pfen. Die Sorte &#8218;Fede&#8216; wird besonders f\u00fcr ihr leuchtend dunkelgr\u00fcnes [&hellip;]<\/p>\n","protected":false},"featured_media":6927,"template":"","meta":{"_acf_changed":false},"product_brand":[],"product_cat":[141,144,147],"product_tag":[],"class_list":{"0":"post-16541","1":"product","2":"type-product","3":"status-publish","4":"has-post-thumbnail","6":"product_cat-pflanzen","7":"product_cat-mini-stamm","8":"product_cat-strauch","9":"pa_forma-halbstamm","10":"pa_forma-hochstamm","11":"pa_forma-mini-stamm","12":"pa_forma-pyramidenform","13":"pa_forma-strauch","15":"first","16":"instock","17":"purchasable","18":"product-type-variable"},"acf":[],"_links":{"self":[{"href":"https:\/\/vivaiobaronti.com\/de\/wp-json\/wp\/v2\/product\/16541","targetHints":{"allow":["GET"]}}],"collection":[{"href":"https:\/\/vivaiobaronti.com\/de\/wp-json\/wp\/v2\/product"}],"about":[{"href":"https:\/\/vivaiobaronti.com\/de\/wp-json\/wp\/v2\/types\/product"}],"wp:featuredmedia":[{"embeddable":true,"href":"https:\/\/vivaiobaronti.com\/de\/wp-json\/wp\/v2\/media\/6927"}],"wp:attachment":[{"href":"https:\/\/vivaiobaronti.com\/de\/wp-json\/wp\/v2\/media?parent=16541"}],"wp:term":[{"taxonomy":"product_brand","embeddable":true,"href":"https:\/\/vivaiobaronti.com\/de\/wp-json\/wp\/v2\/product_brand?post=16541"},{"taxonomy":"product_cat","embeddable":true,"href":"https:\/\/vivaiobaronti.com\/de\/wp-json\/wp\/v2\/product_cat?post=16541"},{"taxonomy":"product_tag","embeddable":true,"href":"https:\/\/vivaiobaronti.com\/de\/wp-json\/wp\/v2\/product_tag?post=16541"}],"curies":[{"name":"wp","href":"https:\/\/api.w.org\/{rel}","templated":true}]}}