{"id":16457,"date":"2025-05-20T08:20:14","date_gmt":"2025-05-20T08:20:14","guid":{"rendered":"https:\/\/quizzical-davinci.89-31-73-59.plesk.page\/pianta\/loropetalum-chinense-ever-red-r-royalty\/"},"modified":"2025-07-24T08:26:57","modified_gmt":"2025-07-24T08:26:57","slug":"loropetalum-chinense-ever-red-r-royalty","status":"publish","type":"product","link":"https:\/\/vivaiobaronti.com\/de\/pianta\/loropetalum-chinense-ever-red-r-royalty\/","title":{"rendered":"LOROPETALUM CHINENSE EVER RED (R-ROYALTY)"},"content":{"rendered":"<p>Loropetalum chinense \u201eEver Red\u201c ist eine Sorte der Loropetalum-Art, die sich durch ihren kompakten Wuchs und die leuchtende Farbe ihrer Bl\u00e4tter und Bl\u00fcten auszeichnet. Dieser immergr\u00fcne Strauch stammt aus China und wird besonders f\u00fcr seinen dichten Wuchs und sein dekoratives Aussehen gesch\u00e4tzt, das G\u00e4rten und Gr\u00fcnfl\u00e4chen das ganze Jahr \u00fcber bereichert. Die Sorte \u201eEver Red\u201c ist bekannt f\u00fcr ihr Laub, das zwar dunkelgr\u00fcn bleibt, aber in den k\u00e4lteren Jahreszeiten rote und violette T\u00f6ne annimmt.<\/p>\n<p>Die intensiv rosa Bl\u00fcten bl\u00fchen im Fr\u00fchling in zarten Bl\u00fctenst\u00e4nden, die der Pflanze eine zus\u00e4tzliche dekorative Note verleihen. Ihre Fransenform, die an kleine Fransen erinnert, macht die Bl\u00fcte besonders interessant und bildet einen lebendigen Kontrast zu den Bl\u00e4ttern. Loropetalum chinense \u201eEver Red\u201c ist ideal f\u00fcr alle, die eine Pflanze suchen, die eine Explosion an Farben und Bewegung bietet, ohne dabei auf Kompaktheit zu verzichten.<\/p>\n<p>Diese Sorte eignet sich perfekt f\u00fcr gut durchl\u00e4ssige B\u00f6den und bevorzugt sonnige oder halbschattige Standorte. Sie ist eine Pflanze, die sich gut an Schnitte anpasst und so ihre sch\u00f6ne und kompakte Form beh\u00e4lt. Dar\u00fcber hinaus vertr\u00e4gt sie gem\u00e4\u00dfigtes Klima und kann, sobald sie sich gut etabliert hat, kurze Trockenperioden \u00fcberstehen. Ihre Widerstandsf\u00e4higkeit und Sch\u00f6nheit machen sie sowohl f\u00fcr moderne als auch f\u00fcr traditionellere G\u00e4rten sowie f\u00fcr die Topfkultur geeignet.<\/p>\n","protected":false},"excerpt":{"rendered":"<p>Loropetalum chinense \u201eEver Red\u201c ist eine Sorte der Loropetalum-Art, die sich durch ihren kompakten Wuchs und die leuchtende Farbe ihrer Bl\u00e4tter und Bl\u00fcten auszeichnet. Dieser immergr\u00fcne Strauch stammt aus China und wird besonders f\u00fcr seinen dichten Wuchs und sein dekoratives Aussehen gesch\u00e4tzt, das G\u00e4rten und Gr\u00fcnfl\u00e4chen das ganze Jahr \u00fcber bereichert. Die Sorte \u201eEver Red\u201c [&hellip;]<\/p>\n","protected":false},"featured_media":6881,"template":"","meta":{"_acf_changed":false},"product_brand":[],"product_cat":[141,147,146],"product_tag":[],"class_list":{"0":"post-16457","1":"product","2":"type-product","3":"status-publish","4":"has-post-thumbnail","6":"product_cat-pflanzen","7":"product_cat-strauch","8":"product_cat-pyramidenform","9":"pa_forma-mini-stamm","10":"pa_forma-pyramidenform","11":"pa_forma-strauch","13":"first","14":"instock","15":"purchasable","16":"product-type-variable"},"acf":[],"_links":{"self":[{"href":"https:\/\/vivaiobaronti.com\/de\/wp-json\/wp\/v2\/product\/16457","targetHints":{"allow":["GET"]}}],"collection":[{"href":"https:\/\/vivaiobaronti.com\/de\/wp-json\/wp\/v2\/product"}],"about":[{"href":"https:\/\/vivaiobaronti.com\/de\/wp-json\/wp\/v2\/types\/product"}],"wp:featuredmedia":[{"embeddable":true,"href":"https:\/\/vivaiobaronti.com\/de\/wp-json\/wp\/v2\/media\/6881"}],"wp:attachment":[{"href":"https:\/\/vivaiobaronti.com\/de\/wp-json\/wp\/v2\/media?parent=16457"}],"wp:term":[{"taxonomy":"product_brand","embeddable":true,"href":"https:\/\/vivaiobaronti.com\/de\/wp-json\/wp\/v2\/product_brand?post=16457"},{"taxonomy":"product_cat","embeddable":true,"href":"https:\/\/vivaiobaronti.com\/de\/wp-json\/wp\/v2\/product_cat?post=16457"},{"taxonomy":"product_tag","embeddable":true,"href":"https:\/\/vivaiobaronti.com\/de\/wp-json\/wp\/v2\/product_tag?post=16457"}],"curies":[{"name":"wp","href":"https:\/\/api.w.org\/{rel}","templated":true}]}}