{"id":16375,"date":"2025-05-20T08:20:14","date_gmt":"2025-05-20T08:20:14","guid":{"rendered":"https:\/\/quizzical-davinci.89-31-73-59.plesk.page\/pianta\/ligustrum-texanum\/"},"modified":"2025-07-24T08:25:37","modified_gmt":"2025-07-24T08:25:37","slug":"ligustrum-texanum","status":"publish","type":"product","link":"https:\/\/vivaiobaronti.com\/de\/pianta\/ligustrum-texanum\/","title":{"rendered":"LIGUSTRUM TEXANUM"},"content":{"rendered":"<p><span style=\"font-weight: 400;\">Ligustrum texanum ist eine immergr\u00fcne Zierpflanze, die f\u00fcr ihre Vielseitigkeit und ihr kompaktes, buschiges Aussehen gesch\u00e4tzt wird. Dadurch eignet sie sich ideal f\u00fcr Hecken, Rabatten oder als Topfpflanze. Diese Ligustersorte amerikanischen Ursprungs besticht durch ihre gl\u00e4nzenden, intensiv gr\u00fcnen Bl\u00e4tter, die der Pflanze das ganze Jahr \u00fcber ein elegantes Aussehen verleihen.<\/span> &nbsp; <span style=\"font-weight: 400;\">Ligustrum texanum hat einen dichten, verzweigten Wuchs mit aufrechten Zweigen, die eine feste, kompakte Krone bilden. Die Bl\u00fcte ist zwar nicht besonders auff\u00e4llig, aber ein Detail, das die Pflanze bereichert: Die kleinen wei\u00dfen Bl\u00fcten, die in Rispenbl\u00fctenst\u00e4nden angeordnet sind, bl\u00fchen im Sommer und ziehen zahlreiche Best\u00e4uber an. Trotz ihrer bescheidenen Bl\u00fcte wird die Pflanze vor allem f\u00fcr ihre F\u00e4higkeit gesch\u00e4tzt, sowohl im \u00f6ffentlichen als auch im privaten Bereich lange Zeit ein dekoratives Aussehen zu bewahren.<\/span> &nbsp; <span style=\"font-weight: 400;\">Resistenz und Robustheit z\u00e4hlen zu den St\u00e4rken dieser Sorte: Sie vertr\u00e4gt Hitze, Trockenheit und karge B\u00f6den gut, bevorzugt aber volle Sonne oder Halbschatten sowie gut durchl\u00e4ssige B\u00f6den. Ligustrum texanum l\u00e4sst sich zudem sehr gut stutzen, wodurch pr\u00e4zise und geometrische Formen entstehen, ideal f\u00fcr formale Kompositionen oder dekorative Beete.<\/span><\/p>\n","protected":false},"excerpt":{"rendered":"<p>Ligustrum texanum ist eine immergr\u00fcne Zierpflanze, die f\u00fcr ihre Vielseitigkeit und ihr kompaktes, buschiges Aussehen gesch\u00e4tzt wird. Dadurch eignet sie sich ideal f\u00fcr Hecken, Rabatten oder als Topfpflanze. Diese Ligustersorte amerikanischen Ursprungs besticht durch ihre gl\u00e4nzenden, intensiv gr\u00fcnen Bl\u00e4tter, die der Pflanze das ganze Jahr \u00fcber ein elegantes Aussehen verleihen. &nbsp; Ligustrum texanum hat einen [&hellip;]<\/p>\n","protected":false},"featured_media":9279,"template":"","meta":{"_acf_changed":false},"product_brand":[],"product_cat":[141,147],"product_tag":[],"class_list":{"0":"post-16375","1":"product","2":"type-product","3":"status-publish","4":"has-post-thumbnail","6":"product_cat-pflanzen","7":"product_cat-strauch","8":"pa_forma-strauch","10":"first","11":"instock","12":"purchasable","13":"product-type-variable"},"acf":[],"_links":{"self":[{"href":"https:\/\/vivaiobaronti.com\/de\/wp-json\/wp\/v2\/product\/16375","targetHints":{"allow":["GET"]}}],"collection":[{"href":"https:\/\/vivaiobaronti.com\/de\/wp-json\/wp\/v2\/product"}],"about":[{"href":"https:\/\/vivaiobaronti.com\/de\/wp-json\/wp\/v2\/types\/product"}],"wp:featuredmedia":[{"embeddable":true,"href":"https:\/\/vivaiobaronti.com\/de\/wp-json\/wp\/v2\/media\/9279"}],"wp:attachment":[{"href":"https:\/\/vivaiobaronti.com\/de\/wp-json\/wp\/v2\/media?parent=16375"}],"wp:term":[{"taxonomy":"product_brand","embeddable":true,"href":"https:\/\/vivaiobaronti.com\/de\/wp-json\/wp\/v2\/product_brand?post=16375"},{"taxonomy":"product_cat","embeddable":true,"href":"https:\/\/vivaiobaronti.com\/de\/wp-json\/wp\/v2\/product_cat?post=16375"},{"taxonomy":"product_tag","embeddable":true,"href":"https:\/\/vivaiobaronti.com\/de\/wp-json\/wp\/v2\/product_tag?post=16375"}],"curies":[{"name":"wp","href":"https:\/\/api.w.org\/{rel}","templated":true}]}}