{"id":16372,"date":"2025-05-20T08:20:14","date_gmt":"2025-05-20T08:20:14","guid":{"rendered":"https:\/\/quizzical-davinci.89-31-73-59.plesk.page\/pianta\/lagestroemia-indica\/"},"modified":"2025-07-24T08:25:33","modified_gmt":"2025-07-24T08:25:33","slug":"lagestroemia-indica","status":"publish","type":"product","link":"https:\/\/vivaiobaronti.com\/de\/pianta\/lagestroemia-indica\/","title":{"rendered":"LAGESTROEMIA INDICA"},"content":{"rendered":"<p>Lagerstroemia indica &#8218;Dynamite&#8216; ist eine besonders wertvolle Sorte aufgrund ihrer lebhaften Sommerbl\u00fcte, die sich durch die intensiv rote Farbe ihrer Bl\u00fcten und die allgemeine Eleganz der Pflanze auszeichnet. Der laubabwerfende Strauch hat einen aufrechten und gut verzweigten Wuchs mit geordneter Entwicklung und kleiner Gr\u00f6\u00dfe, wodurch er sich sowohl f\u00fcr die Topfkultur als auch f\u00fcr kleine bis mittelgro\u00dfe G\u00e4rten eignet.<br \/>\nIm Sommer und bis zum Herbstanfang bildet die Pflanze auff\u00e4llige und helle Bl\u00fctenst\u00e4nde aus kleinen Bl\u00fcten mit gekr\u00e4useltem Rand, die in Rispen angeordnet sind und sich vom leuchtend gr\u00fcnen Laub abheben. Im Herbst nehmen die Bl\u00e4tter warme Farbt\u00f6ne zwischen Orange und Rot an und tragen so auch am Ende der Vegetationsperiode zum dekorativen Reiz bei.<br \/>\nMit der Zeit entwickelt der Stamm eine glatte Rinde, die dazu neigt, auf nat\u00fcrliche Weise abzubl\u00e4ttern und helle Farbt\u00f6ne freizugeben, die das Aussehen der Pflanze auch im Winter verbessern. \u201eDynamite\u201c bevorzugt sonnige Standorte, vertr\u00e4gt Hitze und Trockenheit gut, sobald es sich etabliert hat, und ben\u00f6tigt ein gut durchl\u00e4ssiges Substrat, um seine Eigenschaften optimal zu entfalten, auch in Beh\u00e4ltern.<\/p>\n","protected":false},"excerpt":{"rendered":"<p>Lagerstroemia indica &#8218;Dynamite&#8216; ist eine besonders wertvolle Sorte aufgrund ihrer lebhaften Sommerbl\u00fcte, die sich durch die intensiv rote Farbe ihrer Bl\u00fcten und die allgemeine Eleganz der Pflanze auszeichnet. Der laubabwerfende Strauch hat einen aufrechten und gut verzweigten Wuchs mit geordneter Entwicklung und kleiner Gr\u00f6\u00dfe, wodurch er sich sowohl f\u00fcr die Topfkultur als auch f\u00fcr kleine [&hellip;]<\/p>\n","protected":false},"featured_media":0,"template":"","meta":{"_acf_changed":false},"product_brand":[],"product_cat":[141,143],"product_tag":[],"class_list":{"0":"post-16372","1":"product","2":"type-product","3":"status-publish","5":"product_cat-pflanzen","6":"product_cat-halbstamm","7":"pa_forma-halbstamm","9":"first","10":"instock","11":"purchasable","12":"product-type-variable"},"acf":[],"_links":{"self":[{"href":"https:\/\/vivaiobaronti.com\/de\/wp-json\/wp\/v2\/product\/16372","targetHints":{"allow":["GET"]}}],"collection":[{"href":"https:\/\/vivaiobaronti.com\/de\/wp-json\/wp\/v2\/product"}],"about":[{"href":"https:\/\/vivaiobaronti.com\/de\/wp-json\/wp\/v2\/types\/product"}],"wp:attachment":[{"href":"https:\/\/vivaiobaronti.com\/de\/wp-json\/wp\/v2\/media?parent=16372"}],"wp:term":[{"taxonomy":"product_brand","embeddable":true,"href":"https:\/\/vivaiobaronti.com\/de\/wp-json\/wp\/v2\/product_brand?post=16372"},{"taxonomy":"product_cat","embeddable":true,"href":"https:\/\/vivaiobaronti.com\/de\/wp-json\/wp\/v2\/product_cat?post=16372"},{"taxonomy":"product_tag","embeddable":true,"href":"https:\/\/vivaiobaronti.com\/de\/wp-json\/wp\/v2\/product_tag?post=16372"}],"curies":[{"name":"wp","href":"https:\/\/api.w.org\/{rel}","templated":true}]}}