{"id":16370,"date":"2025-05-20T08:20:14","date_gmt":"2025-05-20T08:20:14","guid":{"rendered":"https:\/\/quizzical-davinci.89-31-73-59.plesk.page\/pianta\/lagestroemia-indica-dynamite-rosso\/"},"modified":"2025-07-24T08:25:33","modified_gmt":"2025-07-24T08:25:33","slug":"lagestroemia-indica-dynamite-rosso","status":"publish","type":"product","link":"https:\/\/vivaiobaronti.com\/de\/pianta\/lagestroemia-indica-dynamite-rosso\/","title":{"rendered":"LAGESTROEMIA INDICA DYNAMITE (ROSSO)"},"content":{"rendered":"<p><span style=\"font-weight: 400\">Lagerstroemia indica &#8218;Dynamite&#8216; ist eine Sorte, die besonders wegen ihrer Lebhaftigkeit und Sommerbl\u00fcte wertvoll ist. Sie besticht durch die intensive rote Farbe ihrer Bl\u00fcten und die allgemeine Eleganz der Pflanze. Der laubabwerfende Strauch hat einen aufrechten und gut verzweigten Wuchs mit geordneter Entwicklung und kleiner Gr\u00f6\u00dfe, wodurch er sich sowohl f\u00fcr die Topfkultur als auch f\u00fcr kleine bis mittelgro\u00dfe G\u00e4rten eignet.<\/span> <span style=\"font-weight: 400\">W\u00e4hrend des Sommers und bis zum Herbstanfang bildet die Pflanze auff\u00e4llige und leichte Bl\u00fctenst\u00e4nde aus kleinen Bl\u00fcten mit gekr\u00e4useltem Rand, die in Rispen angeordnet sind und sich vom leuchtend gr\u00fcnen Laub abheben. Im Herbst nehmen die Bl\u00e4tter warme Orange- und Rott\u00f6ne an und verleihen der Pflanze auch am Ende der Vegetationsperiode einen interessanten dekorativen Effekt.<\/span> <span style=\"font-weight: 400\">Mit der Zeit entwickelt der Stamm eine glatte Rinde, die dazu neigt, sich nat\u00fcrlich abzul\u00f6sen und helle Farbt\u00f6ne freizugeben, die das Aussehen der Pflanze auch im Winter verbessern. &#8218;Dynamite&#8216; bevorzugt sonnige Standorte, vertr\u00e4gt Hitze und Trockenheit gut, sobald es sich etabliert hat, und ben\u00f6tigt ein gut durchl\u00e4ssiges Substrat, um seine Eigenschaften auch in K\u00fcbeln optimal zu entfalten.<\/span><\/p>\n","protected":false},"excerpt":{"rendered":"<p>Lagerstroemia indica &#8218;Dynamite&#8216; ist eine Sorte, die besonders wegen ihrer Lebhaftigkeit und Sommerbl\u00fcte wertvoll ist. Sie besticht durch die intensive rote Farbe ihrer Bl\u00fcten und die allgemeine Eleganz der Pflanze. Der laubabwerfende Strauch hat einen aufrechten und gut verzweigten Wuchs mit geordneter Entwicklung und kleiner Gr\u00f6\u00dfe, wodurch er sich sowohl f\u00fcr die Topfkultur als auch [&hellip;]<\/p>\n","protected":false},"featured_media":25644,"template":"","meta":{"_acf_changed":false},"product_brand":[],"product_cat":[141,144],"product_tag":[],"class_list":{"0":"post-16370","1":"product","2":"type-product","3":"status-publish","4":"has-post-thumbnail","6":"product_cat-pflanzen","7":"product_cat-mini-stamm","8":"pa_forma-mini-stamm","10":"first","11":"instock","12":"purchasable","13":"product-type-variable"},"acf":[],"_links":{"self":[{"href":"https:\/\/vivaiobaronti.com\/de\/wp-json\/wp\/v2\/product\/16370","targetHints":{"allow":["GET"]}}],"collection":[{"href":"https:\/\/vivaiobaronti.com\/de\/wp-json\/wp\/v2\/product"}],"about":[{"href":"https:\/\/vivaiobaronti.com\/de\/wp-json\/wp\/v2\/types\/product"}],"wp:featuredmedia":[{"embeddable":true,"href":"https:\/\/vivaiobaronti.com\/de\/wp-json\/wp\/v2\/media\/25644"}],"wp:attachment":[{"href":"https:\/\/vivaiobaronti.com\/de\/wp-json\/wp\/v2\/media?parent=16370"}],"wp:term":[{"taxonomy":"product_brand","embeddable":true,"href":"https:\/\/vivaiobaronti.com\/de\/wp-json\/wp\/v2\/product_brand?post=16370"},{"taxonomy":"product_cat","embeddable":true,"href":"https:\/\/vivaiobaronti.com\/de\/wp-json\/wp\/v2\/product_cat?post=16370"},{"taxonomy":"product_tag","embeddable":true,"href":"https:\/\/vivaiobaronti.com\/de\/wp-json\/wp\/v2\/product_tag?post=16370"}],"curies":[{"name":"wp","href":"https:\/\/api.w.org\/{rel}","templated":true}]}}