{"id":16364,"date":"2025-05-20T08:20:14","date_gmt":"2025-05-20T08:20:14","guid":{"rendered":"https:\/\/quizzical-davinci.89-31-73-59.plesk.page\/pianta\/ilex-aquifolium-aurea\/"},"modified":"2025-07-24T08:25:33","modified_gmt":"2025-07-24T08:25:33","slug":"ilex-aquifolium-aurea","status":"publish","type":"product","link":"https:\/\/vivaiobaronti.com\/de\/pianta\/ilex-aquifolium-aurea\/","title":{"rendered":"ILEX AQUIFOLIUM AUREA"},"content":{"rendered":"<p>Ilex aquifolium (Aurea Marginata) ist eine immergr\u00fcne Stechpalmensorte, die sich durch ihren kompakten Wuchs und die goldfarbene Panaschierung der Bl\u00e4tter auszeichnet. Diese Sorte hat ledrige, stachelige Bl\u00e4tter, dunkelgr\u00fcn mit gelbgoldenen R\u00e4ndern, die das ganze Jahr \u00fcber ihre Lebendigkeit behalten und auch in den Wintermonaten dekorativ wirken. Die Pflanze w\u00e4chst aufrecht, erreicht eine H\u00f6he von etwa 2\u20133 Metern und eine Breite von 1,5\u20132 Metern und w\u00e4chst langsam und gleichm\u00e4\u00dfig. Sie eignet sich f\u00fcr verschiedene Bodenarten, vorzugsweise gut durchl\u00e4ssige, und vertr\u00e4gt sowohl sonnige als auch halbschattige Standorte. Ihre Robustheit und Anpassungsf\u00e4higkeit an verschiedene Umgebungen machen sie ideal f\u00fcr den Einsatz in formalen G\u00e4rten, Rabatten oder als kontrastierendes Element in Landschaftskompositionen. Im Fr\u00fchjahr bildet die Pflanze kleine wei\u00dfe Bl\u00fcten, denen im Herbst rote Beeren folgen, die f\u00fcr zus\u00e4tzliche saisonale Akzente sorgen. Wichtig zu beachten: Die Beeren sind dekorativ und nicht essbar. Gehen Sie daher vorsichtig damit um. Diese Sorte wird f\u00fcr ihre \u00e4sthetische Sch\u00f6nheit und ihren einfachen Anbau gesch\u00e4tzt und ist daher die ideale Wahl f\u00fcr alle, die eine immergr\u00fcne Pflanze mit einem Hauch von Gold das ganze Jahr \u00fcber suchen.<\/p>\n","protected":false},"excerpt":{"rendered":"<p>Ilex aquifolium (Aurea Marginata) ist eine immergr\u00fcne Stechpalmensorte, die sich durch ihren kompakten Wuchs und die goldfarbene Panaschierung der Bl\u00e4tter auszeichnet. Diese Sorte hat ledrige, stachelige Bl\u00e4tter, dunkelgr\u00fcn mit gelbgoldenen R\u00e4ndern, die das ganze Jahr \u00fcber ihre Lebendigkeit behalten und auch in den Wintermonaten dekorativ wirken. Die Pflanze w\u00e4chst aufrecht, erreicht eine H\u00f6he von etwa [&hellip;]<\/p>\n","protected":false},"featured_media":0,"template":"","meta":{"_acf_changed":false},"product_brand":[],"product_cat":[141,147],"product_tag":[],"class_list":{"0":"post-16364","1":"product","2":"type-product","3":"status-publish","5":"product_cat-pflanzen","6":"product_cat-strauch","7":"pa_forma-strauch","9":"first","10":"instock","11":"purchasable","12":"product-type-variable"},"acf":[],"_links":{"self":[{"href":"https:\/\/vivaiobaronti.com\/de\/wp-json\/wp\/v2\/product\/16364","targetHints":{"allow":["GET"]}}],"collection":[{"href":"https:\/\/vivaiobaronti.com\/de\/wp-json\/wp\/v2\/product"}],"about":[{"href":"https:\/\/vivaiobaronti.com\/de\/wp-json\/wp\/v2\/types\/product"}],"wp:attachment":[{"href":"https:\/\/vivaiobaronti.com\/de\/wp-json\/wp\/v2\/media?parent=16364"}],"wp:term":[{"taxonomy":"product_brand","embeddable":true,"href":"https:\/\/vivaiobaronti.com\/de\/wp-json\/wp\/v2\/product_brand?post=16364"},{"taxonomy":"product_cat","embeddable":true,"href":"https:\/\/vivaiobaronti.com\/de\/wp-json\/wp\/v2\/product_cat?post=16364"},{"taxonomy":"product_tag","embeddable":true,"href":"https:\/\/vivaiobaronti.com\/de\/wp-json\/wp\/v2\/product_tag?post=16364"}],"curies":[{"name":"wp","href":"https:\/\/api.w.org\/{rel}","templated":true}]}}