{"id":16358,"date":"2025-05-20T08:20:08","date_gmt":"2025-05-20T08:20:08","guid":{"rendered":"https:\/\/quizzical-davinci.89-31-73-59.plesk.page\/pianta\/feijoa-sellowiana-fecoia\/"},"modified":"2025-07-24T08:25:33","modified_gmt":"2025-07-24T08:25:33","slug":"feijoa-sellowiana-fecoia","status":"publish","type":"product","link":"https:\/\/vivaiobaronti.com\/de\/pianta\/feijoa-sellowiana-fecoia\/","title":{"rendered":"FEIJOA SELLOWIANA (FECOIA)"},"content":{"rendered":"<p>Feijoa sellowiana geh\u00f6rt zur Familie der Myrtengew\u00e4chse und ist ein immergr\u00fcner Strauch s\u00fcdamerikanischen Ursprungs (S\u00fcdbrasilien, Uruguay, Nordargentinien), der sowohl f\u00fcr seine dekorativen Eigenschaften als auch f\u00fcr seine essbaren Fr\u00fcchte bekannt ist. Die Pflanze hat einen runden, zierlichen Wuchs, einen mittelhohen Wuchs und eine nat\u00fcrlich verzweigte Struktur. Die gegenst\u00e4ndigen, ovalen, ledrigen Bl\u00e4tter haben eine mattgr\u00fcne Oberseite und eine silbergraue, filzige Unterseite, die der Pflanze einen eleganten Farbkontrast verleiht. Im Sp\u00e4tfr\u00fchling bildet sie sehr dekorative Bl\u00fcten mit vier wei\u00dfen, innen rosa Bl\u00fctenbl\u00e4ttern und langen, roten Staubgef\u00e4\u00dfen, die nektarif\u00e4r sind und best\u00e4ubende Insekten anlocken. Die Fr\u00fcchte \u00e4hneln kleinen Guaven, sind eif\u00f6rmig, graugr\u00fcn und reifen im Herbst. Das Fruchtfleisch duftet aromatisch und hat einen komplexen Geschmack, der an eine Mischung aus Ananas, Minze und Erdbeere erinnert. Milde Winter und nicht zu regnerische Fr\u00fchlinge beg\u00fcnstigen die regelm\u00e4\u00dfige Fruchtbildung. Die Pflanze bevorzugt sonnige Standorte und gut durchl\u00e4ssige B\u00f6den, auch wenn diese meist sandig oder karg sind. Sobald sie sich etabliert hat, vertr\u00e4gt sie Trockenheit und passt sich dank ihrer guten Salzresistenz auch an K\u00fcstengebiete an. Sie l\u00e4sst sich gut stutzen, was sich zur Wuchsbegrenzung oder zur Bildung produktiver Hecken eignet.<\/p>\n<p>Sie wird sowohl zu Zierzwecken in mediterranen oder pflegeleichten G\u00e4rten als auch als Obstpflanze f\u00fcr kleine Familienobstg\u00e4rten, Gem\u00fcseg\u00e4rten und produktive Hecken verwendet.<br \/>\nSie kann auch in gro\u00dfen T\u00f6pfen f\u00fcr Terrassen und sonnige Pl\u00e4tze kultiviert werden.<\/p>\n","protected":false},"excerpt":{"rendered":"<p>Feijoa sellowiana geh\u00f6rt zur Familie der Myrtengew\u00e4chse und ist ein immergr\u00fcner Strauch s\u00fcdamerikanischen Ursprungs (S\u00fcdbrasilien, Uruguay, Nordargentinien), der sowohl f\u00fcr seine dekorativen Eigenschaften als auch f\u00fcr seine essbaren Fr\u00fcchte bekannt ist. Die Pflanze hat einen runden, zierlichen Wuchs, einen mittelhohen Wuchs und eine nat\u00fcrlich verzweigte Struktur. Die gegenst\u00e4ndigen, ovalen, ledrigen Bl\u00e4tter haben eine mattgr\u00fcne Oberseite [&hellip;]<\/p>\n","protected":false},"featured_media":0,"template":"","meta":{"_acf_changed":false},"product_brand":[],"product_cat":[141,147],"product_tag":[],"class_list":{"0":"post-16358","1":"product","2":"type-product","3":"status-publish","5":"product_cat-pflanzen","6":"product_cat-strauch","7":"pa_forma-strauch","9":"first","10":"instock","11":"purchasable","12":"product-type-variable"},"acf":[],"_links":{"self":[{"href":"https:\/\/vivaiobaronti.com\/de\/wp-json\/wp\/v2\/product\/16358","targetHints":{"allow":["GET"]}}],"collection":[{"href":"https:\/\/vivaiobaronti.com\/de\/wp-json\/wp\/v2\/product"}],"about":[{"href":"https:\/\/vivaiobaronti.com\/de\/wp-json\/wp\/v2\/types\/product"}],"wp:attachment":[{"href":"https:\/\/vivaiobaronti.com\/de\/wp-json\/wp\/v2\/media?parent=16358"}],"wp:term":[{"taxonomy":"product_brand","embeddable":true,"href":"https:\/\/vivaiobaronti.com\/de\/wp-json\/wp\/v2\/product_brand?post=16358"},{"taxonomy":"product_cat","embeddable":true,"href":"https:\/\/vivaiobaronti.com\/de\/wp-json\/wp\/v2\/product_cat?post=16358"},{"taxonomy":"product_tag","embeddable":true,"href":"https:\/\/vivaiobaronti.com\/de\/wp-json\/wp\/v2\/product_tag?post=16358"}],"curies":[{"name":"wp","href":"https:\/\/api.w.org\/{rel}","templated":true}]}}