{"id":16355,"date":"2025-05-20T08:20:08","date_gmt":"2025-05-20T08:20:08","guid":{"rendered":"https:\/\/quizzical-davinci.89-31-73-59.plesk.page\/pianta\/euonymus-japonicus-green-spire\/"},"modified":"2025-07-24T08:25:33","modified_gmt":"2025-07-24T08:25:33","slug":"euonymus-japonicus-green-spire","status":"publish","type":"product","link":"https:\/\/vivaiobaronti.com\/de\/pianta\/euonymus-japonicus-green-spire\/","title":{"rendered":"EUONYMUS JAPONICUS GREEN SPIRE"},"content":{"rendered":"<p><i><span style=\"font-weight: 400\">Euonymus japonicus<\/span><\/i><span style=\"font-weight: 400\"> &#8218;Green Spire&#8216; ist eine immergr\u00fcne Sorte mit schmalem, s\u00e4ulenf\u00f6rmigem Wuchs aus der Familie der Celastraceae. Diese Sorte zeichnet sich durch langsames, geordnetes Wachstum aus und besticht durch ihren nat\u00fcrlich aufrechten, kompakten Wuchs, der keinen st\u00e4ndigen R\u00fcckschnitt ben\u00f6tigt, um seine vertikale Struktur zu erhalten.<\/span> <span style=\"font-weight: 400\">Das Laub ist dicht, mit kleinen, elliptischen, ledrigen, gl\u00e4nzenden Bl\u00e4ttern von intensiver, gleichm\u00e4\u00dfiger dunkelgr\u00fcner Farbe. Es bleibt das ganze Jahr \u00fcber best\u00e4ndig und beh\u00e4lt auch unter schwierigen klimatischen Bedingungen ein gepflegtes, sauberes Aussehen. Die Bl\u00fcte ist diskret, mit kleinen gr\u00fcnlichen Bl\u00fcten im Fr\u00fchling, von geringem Zierwert.<\/span> <span style=\"font-weight: 400\">&#8218;Green Spire&#8216; eignet sich besonders f\u00fcr sonnige oder halbschattige Lagen und vertr\u00e4gt Luftverschmutzung, Salzgehalt und Wind gut, sodass es sich auch ideal f\u00fcr st\u00e4dtische oder k\u00fcstennahe Standorte eignet. Es bevorzugt frische, aber gut durchl\u00e4ssige B\u00f6den und zeigt eine gute Anpassungsf\u00e4higkeit an unterschiedliche Boden- und Klimabedingungen. In gem\u00e4\u00dfigten Klimazonen ist es robust und nach guter Ansiedlung gut k\u00e4lteresistent.<\/span> <span style=\"font-weight: 400\">Dank seiner kompakten und schlanken Struktur eignet sich diese Sorte f\u00fcr formale Rabatten, schmale Hecken, moderne architektonische R\u00e4ume oder als vertikales Element in Zierkompositionen. Auch hervorragend in T\u00f6pfen f\u00fcr Terrassen, Eing\u00e4nge oder pflegeleichte G\u00e4rten.<\/span><\/p>\n","protected":false},"excerpt":{"rendered":"<p>Euonymus japonicus &#8218;Green Spire&#8216; ist eine immergr\u00fcne Sorte mit schmalem, s\u00e4ulenf\u00f6rmigem Wuchs aus der Familie der Celastraceae. Diese Sorte zeichnet sich durch langsames, geordnetes Wachstum aus und besticht durch ihren nat\u00fcrlich aufrechten, kompakten Wuchs, der keinen st\u00e4ndigen R\u00fcckschnitt ben\u00f6tigt, um seine vertikale Struktur zu erhalten. Das Laub ist dicht, mit kleinen, elliptischen, ledrigen, gl\u00e4nzenden Bl\u00e4ttern [&hellip;]<\/p>\n","protected":false},"featured_media":0,"template":"","meta":{"_acf_changed":false},"product_brand":[],"product_cat":[141,147],"product_tag":[],"class_list":{"0":"post-16355","1":"product","2":"type-product","3":"status-publish","5":"product_cat-pflanzen","6":"product_cat-strauch","7":"pa_forma-strauch","9":"first","10":"instock","11":"purchasable","12":"product-type-variable"},"acf":[],"_links":{"self":[{"href":"https:\/\/vivaiobaronti.com\/de\/wp-json\/wp\/v2\/product\/16355","targetHints":{"allow":["GET"]}}],"collection":[{"href":"https:\/\/vivaiobaronti.com\/de\/wp-json\/wp\/v2\/product"}],"about":[{"href":"https:\/\/vivaiobaronti.com\/de\/wp-json\/wp\/v2\/types\/product"}],"wp:attachment":[{"href":"https:\/\/vivaiobaronti.com\/de\/wp-json\/wp\/v2\/media?parent=16355"}],"wp:term":[{"taxonomy":"product_brand","embeddable":true,"href":"https:\/\/vivaiobaronti.com\/de\/wp-json\/wp\/v2\/product_brand?post=16355"},{"taxonomy":"product_cat","embeddable":true,"href":"https:\/\/vivaiobaronti.com\/de\/wp-json\/wp\/v2\/product_cat?post=16355"},{"taxonomy":"product_tag","embeddable":true,"href":"https:\/\/vivaiobaronti.com\/de\/wp-json\/wp\/v2\/product_tag?post=16355"}],"curies":[{"name":"wp","href":"https:\/\/api.w.org\/{rel}","templated":true}]}}