{"id":16248,"date":"2025-05-20T08:20:08","date_gmt":"2025-05-20T08:20:08","guid":{"rendered":"https:\/\/quizzical-davinci.89-31-73-59.plesk.page\/pianta\/euonymus-japonicus-bravo\/"},"modified":"2025-07-24T08:25:27","modified_gmt":"2025-07-24T08:25:27","slug":"euonymus-japonicus-bravo","status":"publish","type":"product","link":"https:\/\/vivaiobaronti.com\/de\/pianta\/euonymus-japonicus-bravo\/","title":{"rendered":"EUONYMUS JAPONICUS BRAVO"},"content":{"rendered":"<p><i><span style=\"font-weight: 400;\">Euonymus japonicus<\/span><\/i><span style=\"font-weight: 400;\"> &#8218;Bravo&#8216; ist eine immergr\u00fcne Sorte mit aufrechtem und kompaktem Wuchs und geh\u00f6rt zur Familie der Celastraceae. Sie besticht durch den hohen Zierwert ihres bunten Laubes, das sowohl in formellen als auch in informellen Kontexten Helligkeit und Kontrast verleiht. Die Pflanze w\u00e4chst m\u00e4\u00dfig und hat eine gut verzweigte Struktur mit dichtem und geordnetem Wuchs.<\/span> <span style=\"font-weight: 400;\">Die best\u00e4ndigen, ledrigen Bl\u00e4tter sind elliptisch geformt und haben einen fein gez\u00e4hnten Rand. Die Panaschierung ist stabil: Die Mitte der Blattspreite ist intensiv gr\u00fcn, begrenzt von einem breiten creme-hellgelben Rand, der bei Sonneneinstrahlung weiter aufhellt. Dieser zweifarbige Effekt macht &#8218;Bravo&#8216; besonders interessant als Kontrastpflanze oder optisches Highlight in Landschaftskompositionen. Die Fr\u00fchlingsbl\u00fcte ist diskret und nicht sehr dekorativ, mit kleinen gr\u00fcnlichen Bl\u00fcten.<\/span> <span style=\"font-weight: 400;\">Sie passt sich gut an sonnige oder halbschattige Lagen an, vertr\u00e4gt st\u00e4dtische Verschmutzung und Salzgehalt und ist windbest\u00e4ndig. Sie ben\u00f6tigt gut durchl\u00e4ssigen Boden, passt sich aber an eine Vielzahl von Substraten an. Sie weist eine gute Rustizit\u00e4t auf und ist resistent gegen kurze Frostperioden, insbesondere unter gesch\u00fctzten Bedingungen. Sie vertr\u00e4gt einen Schnitt gut, der zur Eingrenzung oder Formgebung verwendet werden kann.<\/span> <span style=\"font-weight: 400;\">&#8218;Bravo&#8216; eignet sich zur Gestaltung dekorativer Hecken, gemischter Rabatten, immergr\u00fcner Farbtupfer und auch f\u00fcr die Kultur in T\u00f6pfen, wo sie zur Abgrenzung von R\u00e4umen oder zur Versch\u00f6nerung von Eing\u00e4ngen und Terrassen das ganze Jahr \u00fcber mit einer ordentlichen und leuchtenden Pr\u00e4senz verwendet werden kann.<\/span><\/p>\n","protected":false},"excerpt":{"rendered":"<p>Euonymus japonicus &#8218;Bravo&#8216; ist eine immergr\u00fcne Sorte mit aufrechtem und kompaktem Wuchs und geh\u00f6rt zur Familie der Celastraceae. Sie besticht durch den hohen Zierwert ihres bunten Laubes, das sowohl in formellen als auch in informellen Kontexten Helligkeit und Kontrast verleiht. Die Pflanze w\u00e4chst m\u00e4\u00dfig und hat eine gut verzweigte Struktur mit dichtem und geordnetem Wuchs. [&hellip;]<\/p>\n","protected":false},"featured_media":6756,"template":"","meta":{"_acf_changed":false},"product_brand":[],"product_cat":[144,141,147,143,145],"product_tag":[],"class_list":{"0":"post-16248","1":"product","2":"type-product","3":"status-publish","4":"has-post-thumbnail","6":"product_cat-mini-stamm","7":"product_cat-pflanzen","8":"product_cat-strauch","9":"product_cat-halbstamm","10":"product_cat-kugelform","11":"pa_forma-halbstamm","12":"pa_forma-kugelform","13":"pa_forma-mini-stamm","14":"pa_forma-strauch","16":"first","17":"instock","18":"purchasable","19":"product-type-variable"},"acf":[],"_links":{"self":[{"href":"https:\/\/vivaiobaronti.com\/de\/wp-json\/wp\/v2\/product\/16248","targetHints":{"allow":["GET"]}}],"collection":[{"href":"https:\/\/vivaiobaronti.com\/de\/wp-json\/wp\/v2\/product"}],"about":[{"href":"https:\/\/vivaiobaronti.com\/de\/wp-json\/wp\/v2\/types\/product"}],"wp:featuredmedia":[{"embeddable":true,"href":"https:\/\/vivaiobaronti.com\/de\/wp-json\/wp\/v2\/media\/6756"}],"wp:attachment":[{"href":"https:\/\/vivaiobaronti.com\/de\/wp-json\/wp\/v2\/media?parent=16248"}],"wp:term":[{"taxonomy":"product_brand","embeddable":true,"href":"https:\/\/vivaiobaronti.com\/de\/wp-json\/wp\/v2\/product_brand?post=16248"},{"taxonomy":"product_cat","embeddable":true,"href":"https:\/\/vivaiobaronti.com\/de\/wp-json\/wp\/v2\/product_cat?post=16248"},{"taxonomy":"product_tag","embeddable":true,"href":"https:\/\/vivaiobaronti.com\/de\/wp-json\/wp\/v2\/product_tag?post=16248"}],"curies":[{"name":"wp","href":"https:\/\/api.w.org\/{rel}","templated":true}]}}