{"id":16193,"date":"2025-05-20T08:20:08","date_gmt":"2025-05-20T08:20:08","guid":{"rendered":"https:\/\/quizzical-davinci.89-31-73-59.plesk.page\/pianta\/euonymus-japonicus-benkomasaki\/"},"modified":"2025-07-24T08:25:27","modified_gmt":"2025-07-24T08:25:27","slug":"euonymus-japonicus-benkomasaki","status":"publish","type":"product","link":"https:\/\/vivaiobaronti.com\/de\/pianta\/euonymus-japonicus-benkomasaki\/","title":{"rendered":"EUONYMUS JAPONICUS BENKOMASAKI"},"content":{"rendered":"<p><span style=\"font-weight: 400;\">Eine s\u00e4ulenf\u00f6rmige Sorte der Art <\/span><i><span style=\"font-weight: 400;\">Euonymus japonicus<\/span><\/i><span style=\"font-weight: 400;\">, &#8218;Benkomasaki&#8216;, ist eine kompakte und strukturierte immergr\u00fcne Pflanze, die in Ostasien heimisch ist und zur Familie der Celastraceae geh\u00f6rt. Sie zeichnet sich durch langsames und regelm\u00e4\u00dfiges Wachstum und einen aufrechten und schmalen Wuchs mit leicht divergierenden vertikalen Zweigen aus, die eine kompakte, ordentliche und vertikale Silhouette definieren.<\/span> <span style=\"font-weight: 400;\">Die Bl\u00e4tter sind hartn\u00e4ckig, klein, elliptisch geformt, leicht gewellt und haben glatte oder fein gez\u00e4hnte R\u00e4nder. Die Farbe ist ein gl\u00e4nzendes und gleichm\u00e4\u00dfiges Dunkelgr\u00fcn, das das ganze Jahr \u00fcber stabil bleibt und zu einem gepflegten Erscheinungsbild beitr\u00e4gt. Die Bl\u00fctezeit ist nicht sehr auff\u00e4llig und beginnt zwischen Sp\u00e4tfr\u00fchling und Fr\u00fchsommer mit kleinen gelbgr\u00fcnlichen Bl\u00fcten.<\/span> <span style=\"font-weight: 400;\">,Benkomasaki&#8216; bevorzugt sonnige oder halbschattige Standorte und passt sich gut an verschiedene Bodenarten an, solange diese gut entw\u00e4ssert sind. Sie ist wind-, verschmutzungs- und salztolerant und eignet sich daher auch f\u00fcr st\u00e4dtische oder maritime Umgebungen. In gem\u00e4\u00dfigten Klimazonen weist sie eine gute Robustheit auf und muss nicht oft beschnitten werden, um ihre nat\u00fcrliche Form zu behalten.<\/span> <span style=\"font-weight: 400;\">Besonders gesch\u00e4tzt f\u00fcr ihr formales oder minimalistisches Gr\u00fcn, wird sie in schmalen Hecken, vertikalen Rabatten, architektonischen Kompositionen oder als Solit\u00e4rpflanze im Topf verwendet, wo sie bei geringem Pflegeaufwand eine skulpturale und gepflegte Pr\u00e4senz bietet.<\/span><\/p>\n","protected":false},"excerpt":{"rendered":"<p>Eine s\u00e4ulenf\u00f6rmige Sorte der Art Euonymus japonicus, &#8218;Benkomasaki&#8216;, ist eine kompakte und strukturierte immergr\u00fcne Pflanze, die in Ostasien heimisch ist und zur Familie der Celastraceae geh\u00f6rt. Sie zeichnet sich durch langsames und regelm\u00e4\u00dfiges Wachstum und einen aufrechten und schmalen Wuchs mit leicht divergierenden vertikalen Zweigen aus, die eine kompakte, ordentliche und vertikale Silhouette definieren. Die [&hellip;]<\/p>\n","protected":false},"featured_media":9185,"template":"","meta":{"_acf_changed":false},"product_brand":[],"product_cat":[141,147,146],"product_tag":[],"class_list":{"0":"post-16193","1":"product","2":"type-product","3":"status-publish","4":"has-post-thumbnail","6":"product_cat-pflanzen","7":"product_cat-strauch","8":"product_cat-pyramidenform","9":"pa_forma-palla","10":"pa_forma-pyramidenform","11":"pa_forma-strauch","13":"first","14":"instock","15":"purchasable","16":"product-type-variable"},"acf":[],"_links":{"self":[{"href":"https:\/\/vivaiobaronti.com\/de\/wp-json\/wp\/v2\/product\/16193","targetHints":{"allow":["GET"]}}],"collection":[{"href":"https:\/\/vivaiobaronti.com\/de\/wp-json\/wp\/v2\/product"}],"about":[{"href":"https:\/\/vivaiobaronti.com\/de\/wp-json\/wp\/v2\/types\/product"}],"wp:featuredmedia":[{"embeddable":true,"href":"https:\/\/vivaiobaronti.com\/de\/wp-json\/wp\/v2\/media\/9185"}],"wp:attachment":[{"href":"https:\/\/vivaiobaronti.com\/de\/wp-json\/wp\/v2\/media?parent=16193"}],"wp:term":[{"taxonomy":"product_brand","embeddable":true,"href":"https:\/\/vivaiobaronti.com\/de\/wp-json\/wp\/v2\/product_brand?post=16193"},{"taxonomy":"product_cat","embeddable":true,"href":"https:\/\/vivaiobaronti.com\/de\/wp-json\/wp\/v2\/product_cat?post=16193"},{"taxonomy":"product_tag","embeddable":true,"href":"https:\/\/vivaiobaronti.com\/de\/wp-json\/wp\/v2\/product_tag?post=16193"}],"curies":[{"name":"wp","href":"https:\/\/api.w.org\/{rel}","templated":true}]}}