{"id":16188,"date":"2025-05-20T08:20:02","date_gmt":"2025-05-20T08:20:02","guid":{"rendered":"https:\/\/quizzical-davinci.89-31-73-59.plesk.page\/pianta\/euonymus-japnicus-green-spire\/"},"modified":"2025-07-24T08:25:20","modified_gmt":"2025-07-24T08:25:20","slug":"euonymus-japnicus-green-spire","status":"publish","type":"product","link":"https:\/\/vivaiobaronti.com\/de\/pianta\/euonymus-japnicus-green-spire\/","title":{"rendered":"EUONYMUS JAPONICUS GREEN SPIRE"},"content":{"rendered":"<p>Euonymus japonicus &#8218;Green Spire&#8216; ist eine immergr\u00fcne Sorte mit schmalem, s\u00e4ulenf\u00f6rmigem Wuchs aus der Familie der Celastraceae. Diese Sorte zeichnet sich durch langsames und geordnetes Wachstum aus und besticht durch ihren nat\u00fcrlich aufrechten und kompakten Wuchs, der keinen st\u00e4ndigen R\u00fcckschnitt zur Erhaltung der vertikalen Struktur erfordert.<\/p>\n<p>Das Laub ist dicht, mit kleinen, elliptischen, ledrigen und gl\u00e4nzenden Bl\u00e4ttern von intensiver und gleichm\u00e4\u00dfiger dunkelgr\u00fcner Farbe. Es bleibt das ganze Jahr \u00fcber best\u00e4ndig und beh\u00e4lt auch unter schwierigen klimatischen Bedingungen ein gepflegtes und sauberes Aussehen. Die Bl\u00fcte ist dezent, mit kleinen gr\u00fcnlichen Bl\u00fcten im Fr\u00fchjahr, und hat keinen besonderen Zierwert.<\/p>\n<p>&#8218;Green Spire&#8216; eignet sich besonders f\u00fcr sonnige bis halbschattige Standorte und vertr\u00e4gt Luftverschmutzung, Salzgehalt und Wind gut. Dadurch eignet sie sich ideal auch f\u00fcr st\u00e4dtische oder k\u00fcstennahe Standorte. Sie bevorzugt frische, aber gut durchl\u00e4ssige B\u00f6den und zeigt eine gute Anpassungsf\u00e4higkeit an unterschiedliche Boden- und Klimabedingungen. In gem\u00e4\u00dfigten Klimazonen ist sie robust und nach dem Anwachsen gut k\u00e4lteresistent.<br \/>\nDank ihrer kompakten und schlanken Struktur eignet sich diese Sorte f\u00fcr formale Rabatten, schmale Hecken, moderne architektonische R\u00e4ume oder als vertikales Element in ornamentalen Kompositionen. Auch hervorragend in T\u00f6pfen f\u00fcr Terrassen, Eing\u00e4nge oder pflegeleichte G\u00e4rten geeignet.<\/p>\n","protected":false},"excerpt":{"rendered":"<p>Euonymus japonicus &#8218;Green Spire&#8216; ist eine immergr\u00fcne Sorte mit schmalem, s\u00e4ulenf\u00f6rmigem Wuchs aus der Familie der Celastraceae. Diese Sorte zeichnet sich durch langsames und geordnetes Wachstum aus und besticht durch ihren nat\u00fcrlich aufrechten und kompakten Wuchs, der keinen st\u00e4ndigen R\u00fcckschnitt zur Erhaltung der vertikalen Struktur erfordert. Das Laub ist dicht, mit kleinen, elliptischen, ledrigen und [&hellip;]<\/p>\n","protected":false},"featured_media":0,"template":"","meta":{"_acf_changed":false},"product_brand":[],"product_cat":[141,147,146],"product_tag":[],"class_list":{"0":"post-16188","1":"product","2":"type-product","3":"status-publish","5":"product_cat-pflanzen","6":"product_cat-strauch","7":"product_cat-pyramidenform","8":"pa_forma-pyramidenform","9":"pa_forma-strauch","11":"first","12":"instock","13":"purchasable","14":"product-type-variable"},"acf":[],"_links":{"self":[{"href":"https:\/\/vivaiobaronti.com\/de\/wp-json\/wp\/v2\/product\/16188","targetHints":{"allow":["GET"]}}],"collection":[{"href":"https:\/\/vivaiobaronti.com\/de\/wp-json\/wp\/v2\/product"}],"about":[{"href":"https:\/\/vivaiobaronti.com\/de\/wp-json\/wp\/v2\/types\/product"}],"wp:attachment":[{"href":"https:\/\/vivaiobaronti.com\/de\/wp-json\/wp\/v2\/media?parent=16188"}],"wp:term":[{"taxonomy":"product_brand","embeddable":true,"href":"https:\/\/vivaiobaronti.com\/de\/wp-json\/wp\/v2\/product_brand?post=16188"},{"taxonomy":"product_cat","embeddable":true,"href":"https:\/\/vivaiobaronti.com\/de\/wp-json\/wp\/v2\/product_cat?post=16188"},{"taxonomy":"product_tag","embeddable":true,"href":"https:\/\/vivaiobaronti.com\/de\/wp-json\/wp\/v2\/product_tag?post=16188"}],"curies":[{"name":"wp","href":"https:\/\/api.w.org\/{rel}","templated":true}]}}