{"id":16096,"date":"2025-05-20T08:20:02","date_gmt":"2025-05-20T08:20:02","guid":{"rendered":"https:\/\/quizzical-davinci.89-31-73-59.plesk.page\/pianta\/eucalyptus-gunnii\/"},"modified":"2025-10-13T15:37:18","modified_gmt":"2025-10-13T15:37:18","slug":"eucalyptus-gunnii","status":"publish","type":"product","link":"https:\/\/vivaiobaronti.com\/de\/pianta\/eucalyptus-gunnii\/","title":{"rendered":"EUCALYPTUS GUNNII"},"content":{"rendered":"<p>Eucalyptus gunnii, eine immergr\u00fcne Art aus der Familie der Myrtengew\u00e4chse (Myrtaceae), die in Tasmanien heimisch ist, ist f\u00fcr ihre vegetative Wuchskraft und bemerkenswerte Widerstandsf\u00e4higkeit gegen Umwelteinfl\u00fcsse bekannt. In der Buschform entwickelt die Pflanze eine vom Boden ausgehend verzweigte Struktur mit einem ausgedehnten und dichten Wuchs, der sich f\u00fcr informelle Nutzung oder freie Hecken eignet. Diese Pflege erm\u00f6glicht es ihr, die charakteristischen jungen Bl\u00e4tter, gegenst\u00e4ndig, abgerundet und bl\u00e4ulich-grau, lange zu erhalten. Diese Bl\u00e4tter werden besonders wegen ihrer dekorativen Wirkung und des typischen Duftes der \u00e4therischen Eukalyptus\u00f6le gesch\u00e4tzt. Die Sommerbl\u00fcte besteht aus kleinen, wei\u00dflichen Bl\u00fcten, die unauff\u00e4llig, aber reich an Nektar sind und von Best\u00e4ubern gesch\u00e4tzt werden. Die Pflanze bevorzugt sonnige Standorte und gut durchl\u00e4ssige B\u00f6den, auch wenn diese im Allgemeinen karg sind. Nach dem Anwachsen zeigt sie eine gute Trockenheitstoleranz und vertr\u00e4gt Tiefsttemperaturen von etwa -10 bis -12 \u00b0C. Die Buscherziehung unterstreicht die nat\u00fcrliche Robustheit der Art, die durch regelm\u00e4\u00dfigen Schnitt kompakt gehalten oder verj\u00fcngt werden kann. Sie eignet sich besonders f\u00fcr den Freilandanbau und wird in gemischten Rabatten, Naturg\u00e4rten, als leichter Windschutz oder als Solit\u00e4rpflanze f\u00fcr strauchige Beete mit geringem Wasserbedarf eingesetzt. Dank ihres widerstandsf\u00e4higen und aromatischen Laubes ist sie auch eine interessante Ressource f\u00fcr Schnittgr\u00fcn und die Blumenzucht.<\/p>\n","protected":false},"excerpt":{"rendered":"<p>Eucalyptus gunnii, eine immergr\u00fcne Art aus der Familie der Myrtengew\u00e4chse (Myrtaceae), die in Tasmanien heimisch ist, ist f\u00fcr ihre vegetative Wuchskraft und bemerkenswerte Widerstandsf\u00e4higkeit gegen Umwelteinfl\u00fcsse bekannt. In der Buschform entwickelt die Pflanze eine vom Boden ausgehend verzweigte Struktur mit einem ausgedehnten und dichten Wuchs, der sich f\u00fcr informelle Nutzung oder freie Hecken eignet. Diese [&hellip;]<\/p>\n","protected":false},"featured_media":61892,"template":"","meta":{"_acf_changed":false},"product_brand":[],"product_cat":[141,144,147],"product_tag":[],"class_list":{"0":"post-16096","1":"product","2":"type-product","3":"status-publish","4":"has-post-thumbnail","6":"product_cat-pflanzen","7":"product_cat-mini-stamm","8":"product_cat-strauch","9":"pa_forma-mini-stamm","10":"pa_forma-strauch","12":"first","13":"instock","14":"purchasable","15":"product-type-variable"},"acf":[],"_links":{"self":[{"href":"https:\/\/vivaiobaronti.com\/de\/wp-json\/wp\/v2\/product\/16096","targetHints":{"allow":["GET"]}}],"collection":[{"href":"https:\/\/vivaiobaronti.com\/de\/wp-json\/wp\/v2\/product"}],"about":[{"href":"https:\/\/vivaiobaronti.com\/de\/wp-json\/wp\/v2\/types\/product"}],"wp:featuredmedia":[{"embeddable":true,"href":"https:\/\/vivaiobaronti.com\/de\/wp-json\/wp\/v2\/media\/61892"}],"wp:attachment":[{"href":"https:\/\/vivaiobaronti.com\/de\/wp-json\/wp\/v2\/media?parent=16096"}],"wp:term":[{"taxonomy":"product_brand","embeddable":true,"href":"https:\/\/vivaiobaronti.com\/de\/wp-json\/wp\/v2\/product_brand?post=16096"},{"taxonomy":"product_cat","embeddable":true,"href":"https:\/\/vivaiobaronti.com\/de\/wp-json\/wp\/v2\/product_cat?post=16096"},{"taxonomy":"product_tag","embeddable":true,"href":"https:\/\/vivaiobaronti.com\/de\/wp-json\/wp\/v2\/product_tag?post=16096"}],"curies":[{"name":"wp","href":"https:\/\/api.w.org\/{rel}","templated":true}]}}