{"id":16094,"date":"2025-05-20T08:20:02","date_gmt":"2025-05-20T08:20:02","guid":{"rendered":"https:\/\/quizzical-davinci.89-31-73-59.plesk.page\/pianta\/escallonia-laevis-pink-elle-lades-r-royalty\/"},"modified":"2025-07-24T08:25:20","modified_gmt":"2025-07-24T08:25:20","slug":"escallonia-laevis-pink-elle-lades-r-royalty","status":"publish","type":"product","link":"https:\/\/vivaiobaronti.com\/de\/pianta\/escallonia-laevis-pink-elle-lades-r-royalty\/","title":{"rendered":"ESCALLONIA LAEVIS PINK ELLE &#8222;LADES&#8220; (R.ROYALTY)"},"content":{"rendered":"<p>Escallonia laevis \u201ePink Elle\u201c, Sortenname \u201eLades\u201c, ist ein immergr\u00fcner Strauch von au\u00dfergew\u00f6hnlicher Eleganz, ideal f\u00fcr alle, die eine kompakte, zierliche und \u00fcppig bl\u00fchende Pflanze suchen. Sie zeichnet sich durch ihren runden und gut verzweigten Wuchs aus und eignet sich daher perfekt f\u00fcr niedrige Rabatten, kompakte Hecken oder die Topfkultur auf Terrassen und Balkonen. Ihre St\u00e4rke ist die \u00fcppige Bl\u00fcte, die zwischen dem sp\u00e4ten Fr\u00fchjahr und Sommer beginnt: Trauben intensiv rosafarbener Bl\u00fcten bl\u00fchen in gro\u00dfer Zahl, bilden einen sch\u00f6nen Kontrast zum gl\u00e4nzend gr\u00fcnen Laub und erzeugen gleichzeitig einen lebendigen und edlen Effekt. Die Bl\u00fcten duften und werden von Bienen und Schmetterlingen sehr gesch\u00e4tzt, was sie zu einer \u00f6kologischen und \u00e4sthetischen Wahl macht. \u201ePink Elle\u201c ist eine kompakte Sorte mit gutem Wuchs, die in der Regel nicht h\u00f6her als 1 Meter wird und ihre runde Form beh\u00e4lt, ohne dass sie h\u00e4ufig beschnitten werden muss. Sie ist wind-, sonnen- und salzresistent und daher auch ideal f\u00fcr K\u00fcsteng\u00e4rten oder windige Gebiete. Nach dem Anwachsen vertr\u00e4gt sie Trockenheit gut und passt sich verschiedenen Bodenarten an, sofern diese gut durchl\u00e4ssig sind. Mit ihrer spektakul\u00e4ren Bl\u00fcte, ihrer sch\u00f6nen Form und ihrem einfachen Wachstum ist Escallonia \u201ePink Elle\u201c die ideale Wahl, um dem Garten das ganze Jahr \u00fcber mit minimalem Aufwand Farbe und Struktur zu verleihen.<\/p>\n","protected":false},"excerpt":{"rendered":"<p>Escallonia laevis \u201ePink Elle\u201c, Sortenname \u201eLades\u201c, ist ein immergr\u00fcner Strauch von au\u00dfergew\u00f6hnlicher Eleganz, ideal f\u00fcr alle, die eine kompakte, zierliche und \u00fcppig bl\u00fchende Pflanze suchen. Sie zeichnet sich durch ihren runden und gut verzweigten Wuchs aus und eignet sich daher perfekt f\u00fcr niedrige Rabatten, kompakte Hecken oder die Topfkultur auf Terrassen und Balkonen. Ihre St\u00e4rke [&hellip;]<\/p>\n","protected":false},"featured_media":0,"template":"","meta":{"_acf_changed":false},"product_brand":[],"product_cat":[141,147],"product_tag":[],"class_list":{"0":"post-16094","1":"product","2":"type-product","3":"status-publish","5":"product_cat-pflanzen","6":"product_cat-strauch","7":"pa_forma-strauch","9":"first","10":"instock","11":"purchasable","12":"product-type-variable"},"acf":[],"_links":{"self":[{"href":"https:\/\/vivaiobaronti.com\/de\/wp-json\/wp\/v2\/product\/16094","targetHints":{"allow":["GET"]}}],"collection":[{"href":"https:\/\/vivaiobaronti.com\/de\/wp-json\/wp\/v2\/product"}],"about":[{"href":"https:\/\/vivaiobaronti.com\/de\/wp-json\/wp\/v2\/types\/product"}],"wp:attachment":[{"href":"https:\/\/vivaiobaronti.com\/de\/wp-json\/wp\/v2\/media?parent=16094"}],"wp:term":[{"taxonomy":"product_brand","embeddable":true,"href":"https:\/\/vivaiobaronti.com\/de\/wp-json\/wp\/v2\/product_brand?post=16094"},{"taxonomy":"product_cat","embeddable":true,"href":"https:\/\/vivaiobaronti.com\/de\/wp-json\/wp\/v2\/product_cat?post=16094"},{"taxonomy":"product_tag","embeddable":true,"href":"https:\/\/vivaiobaronti.com\/de\/wp-json\/wp\/v2\/product_tag?post=16094"}],"curies":[{"name":"wp","href":"https:\/\/api.w.org\/{rel}","templated":true}]}}