{"id":16012,"date":"2025-05-20T08:20:02","date_gmt":"2025-05-20T08:20:02","guid":{"rendered":"https:\/\/quizzical-davinci.89-31-73-59.plesk.page\/pianta\/elaeagnus-x-ebbingei-viveleg\/"},"modified":"2025-07-24T08:25:20","modified_gmt":"2025-07-24T08:25:20","slug":"elaeagnus-x-ebbingei-viveleg","status":"publish","type":"product","link":"https:\/\/vivaiobaronti.com\/de\/pianta\/elaeagnus-x-ebbingei-viveleg\/","title":{"rendered":"ELAEAGNUS X EBBINGEI VIVELEG"},"content":{"rendered":"<p>Elaeagnus x ebbingei &#8218;Viveleg&#8216; ist eine buntbl\u00e4ttrige Sorte mit kr\u00e4ftigem und edlem Charakter &#8211; ideal f\u00fcr alle, die eine leuchtende, widerstandsf\u00e4hige und ganzj\u00e4hrig dekorative immergr\u00fcne Pflanze suchen. Ihr breites, ledriges Laub mit leuchtend cremefarbenen R\u00e4ndern und olivgr\u00fcner Mitte f\u00e4llt sofort ins Auge und erzeugt einen \u00fcberraschenden Kontrast, der selbst die schattigsten Ecken des Gartens erhellt. Dank ihrer kompakten und gut verzweigten Form eignet sich &#8218;Viveleg&#8216; perfekt f\u00fcr die Gestaltung von Zierhecken, aber auch als Solit\u00e4rpflanze oder in T\u00f6pfen auf Terrassen und Balkonen. Im Herbst bildet sie kleine, duftende, elfenbeinfarbene Bl\u00fcten, unauff\u00e4llig, aber intensiv duftend, die ihren Zierwert zus\u00e4tzlich steigern. Diese Sorte verbindet \u00e4sthetische Eleganz mit au\u00dfergew\u00f6hnlicher Umweltresistenz: Sie vertr\u00e4gt Wind, Hitze, K\u00e4lte, Salz und Trockenheit gut und eignet sich daher sowohl f\u00fcr Stadtg\u00e4rten als auch f\u00fcr K\u00fcsten- und Mittelmeergebiete. Sie w\u00e4chst gut in fast allen Bodenarten, auch in kargen oder kalkhaltigen, und ben\u00f6tigt nur wenig Pflege. Elaeagnus &#8218;Viveleg&#8216; ist die perfekte Wahl f\u00fcr alle, die eine beeindruckende, leuchtende und vielseitige Pflanze suchen, die zu jeder Jahreszeit Farbe und Kraft vereint.<\/span><\/p>\n","protected":false},"excerpt":{"rendered":"<p>Elaeagnus x ebbingei &#8218;Viveleg&#8216; ist eine buntbl\u00e4ttrige Sorte mit kr\u00e4ftigem und edlem Charakter &#8211; ideal f\u00fcr alle, die eine leuchtende, widerstandsf\u00e4hige und ganzj\u00e4hrig dekorative immergr\u00fcne Pflanze suchen. Ihr breites, ledriges Laub mit leuchtend cremefarbenen R\u00e4ndern und olivgr\u00fcner Mitte f\u00e4llt sofort ins Auge und erzeugt einen \u00fcberraschenden Kontrast, der selbst die schattigsten Ecken des Gartens erhellt. [&hellip;]<\/p>\n","protected":false},"featured_media":6688,"template":"","meta":{"_acf_changed":false},"product_brand":[],"product_cat":[141,147],"product_tag":[],"class_list":{"0":"post-16012","1":"product","2":"type-product","3":"status-publish","4":"has-post-thumbnail","6":"product_cat-pflanzen","7":"product_cat-strauch","8":"pa_forma-strauch","10":"first","11":"instock","12":"purchasable","13":"product-type-variable"},"acf":[],"_links":{"self":[{"href":"https:\/\/vivaiobaronti.com\/de\/wp-json\/wp\/v2\/product\/16012","targetHints":{"allow":["GET"]}}],"collection":[{"href":"https:\/\/vivaiobaronti.com\/de\/wp-json\/wp\/v2\/product"}],"about":[{"href":"https:\/\/vivaiobaronti.com\/de\/wp-json\/wp\/v2\/types\/product"}],"wp:featuredmedia":[{"embeddable":true,"href":"https:\/\/vivaiobaronti.com\/de\/wp-json\/wp\/v2\/media\/6688"}],"wp:attachment":[{"href":"https:\/\/vivaiobaronti.com\/de\/wp-json\/wp\/v2\/media?parent=16012"}],"wp:term":[{"taxonomy":"product_brand","embeddable":true,"href":"https:\/\/vivaiobaronti.com\/de\/wp-json\/wp\/v2\/product_brand?post=16012"},{"taxonomy":"product_cat","embeddable":true,"href":"https:\/\/vivaiobaronti.com\/de\/wp-json\/wp\/v2\/product_cat?post=16012"},{"taxonomy":"product_tag","embeddable":true,"href":"https:\/\/vivaiobaronti.com\/de\/wp-json\/wp\/v2\/product_tag?post=16012"}],"curies":[{"name":"wp","href":"https:\/\/api.w.org\/{rel}","templated":true}]}}