{"id":16002,"date":"2025-05-20T08:19:54","date_gmt":"2025-05-20T08:19:54","guid":{"rendered":"https:\/\/quizzical-davinci.89-31-73-59.plesk.page\/pianta\/elaeagnus-x-ebbingei-maryline-r-royalty\/"},"modified":"2025-07-24T08:25:13","modified_gmt":"2025-07-24T08:25:13","slug":"elaeagnus-x-ebbingei-maryline-r-royalty","status":"publish","type":"product","link":"https:\/\/vivaiobaronti.com\/de\/pianta\/elaeagnus-x-ebbingei-maryline-r-royalty\/","title":{"rendered":"ELAEAGNUS X EBBINGEI MARYLINE (R-ROYALTY)"},"content":{"rendered":"<p>Elaeagnus x ebbingei \u201eMaryline\u201c ist eine pr\u00e4chtige Sorte mit buntem Blattwerk \u2013 ideal f\u00fcr alle, die ihren Garten zu jeder Jahreszeit mit Farbe und Helligkeit bereichern m\u00f6chten. Im Gegensatz zu traditionellen gr\u00fcnen Sorten besticht \u201eMaryline\u201c durch ihr leuchtendes und dekoratives Laub mit goldgelben R\u00e4ndern und olivgr\u00fcner Mitte, das in den kalten Monaten w\u00e4rmer wird. Ein echter Lichtblick selbst an grauesten Tagen. Diese immergr\u00fcne Pflanze w\u00e4chst kr\u00e4ftig, aber ordentlich und hat dicke, kompakte Zweige. Dadurch eignet sie sich ideal f\u00fcr bunte Hecken, Sichtschutz oder als Solit\u00e4r oder in gro\u00dfen T\u00f6pfen auf Terrassen und Veranden. Im Herbst bildet sie kleine, cremefarbene, duftende Bl\u00fcten, die zwischen den Bl\u00e4ttern verborgen sind, aber einen intensiven, angenehmen Duft verstr\u00f6men. Wie alle Elaeagnus ist \u201eMaryline\u201c \u00e4u\u00dferst robust und anpassungsf\u00e4hig: Sie vertr\u00e4gt Wind, Salz, Trockenheit, Hitze und K\u00e4lte gut und w\u00e4chst auch auf kargen oder kalkhaltigen B\u00f6den. Perfekt f\u00fcr mediterrane, st\u00e4dtische oder K\u00fcsteng\u00e4rten bietet sie eine seltene Kombination aus \u00c4sthetik und Widerstandsf\u00e4higkeit. Mit \u201eMaryline\u201c verleihen Sie Ihrem Garten einen Hauch von Eleganz und leuchtender Farbe, ohne auf die Funktionalit\u00e4t einer robusten und immergr\u00fcnen Pflanze zu verzichten.<\/p>\n","protected":false},"excerpt":{"rendered":"<p>Elaeagnus x ebbingei \u201eMaryline\u201c ist eine pr\u00e4chtige Sorte mit buntem Blattwerk \u2013 ideal f\u00fcr alle, die ihren Garten zu jeder Jahreszeit mit Farbe und Helligkeit bereichern m\u00f6chten. Im Gegensatz zu traditionellen gr\u00fcnen Sorten besticht \u201eMaryline\u201c durch ihr leuchtendes und dekoratives Laub mit goldgelben R\u00e4ndern und olivgr\u00fcner Mitte, das in den kalten Monaten w\u00e4rmer wird. Ein [&hellip;]<\/p>\n","protected":false},"featured_media":0,"template":"","meta":{"_acf_changed":false},"product_brand":[],"product_cat":[141,147],"product_tag":[],"class_list":{"0":"post-16002","1":"product","2":"type-product","3":"status-publish","5":"product_cat-pflanzen","6":"product_cat-strauch","7":"pa_forma-strauch","9":"first","10":"instock","11":"purchasable","12":"product-type-variable"},"acf":[],"_links":{"self":[{"href":"https:\/\/vivaiobaronti.com\/de\/wp-json\/wp\/v2\/product\/16002","targetHints":{"allow":["GET"]}}],"collection":[{"href":"https:\/\/vivaiobaronti.com\/de\/wp-json\/wp\/v2\/product"}],"about":[{"href":"https:\/\/vivaiobaronti.com\/de\/wp-json\/wp\/v2\/types\/product"}],"wp:attachment":[{"href":"https:\/\/vivaiobaronti.com\/de\/wp-json\/wp\/v2\/media?parent=16002"}],"wp:term":[{"taxonomy":"product_brand","embeddable":true,"href":"https:\/\/vivaiobaronti.com\/de\/wp-json\/wp\/v2\/product_brand?post=16002"},{"taxonomy":"product_cat","embeddable":true,"href":"https:\/\/vivaiobaronti.com\/de\/wp-json\/wp\/v2\/product_cat?post=16002"},{"taxonomy":"product_tag","embeddable":true,"href":"https:\/\/vivaiobaronti.com\/de\/wp-json\/wp\/v2\/product_tag?post=16002"}],"curies":[{"name":"wp","href":"https:\/\/api.w.org\/{rel}","templated":true}]}}