{"id":15917,"date":"2025-05-20T08:19:54","date_gmt":"2025-05-20T08:19:54","guid":{"rendered":"https:\/\/quizzical-davinci.89-31-73-59.plesk.page\/pianta\/elaeagnus-ebbingei\/"},"modified":"2025-07-24T08:25:13","modified_gmt":"2025-07-24T08:25:13","slug":"elaeagnus-ebbingei","status":"publish","type":"product","link":"https:\/\/vivaiobaronti.com\/de\/pianta\/elaeagnus-ebbingei\/","title":{"rendered":"ELAEAGNUS EBBINGEI"},"content":{"rendered":"<p>Elaeagnus ebbingei ist ein immergr\u00fcner Strauch, der im Gartenbau aufgrund seiner Vielseitigkeit, Widerstandsf\u00e4higkeit und seines dekorativen Werts sehr gesch\u00e4tzt wird. Mit seinem kr\u00e4ftigen und \u00fcbersichtlichen Wuchs bildet er schnell eine dichte und kompakte Pflanzenmasse, ideal f\u00fcr Sichtschutzhecken oder als Solit\u00e4r in G\u00e4rten, Parks oder gro\u00dfen T\u00f6pfen. Sein Laub ist eine seiner St\u00e4rken: gro\u00dfe, ovale Bl\u00e4tter, gl\u00e4nzend gr\u00fcn auf der Oberseite und silbrig auf der Unterseite, erzeugen im Sonnenlicht schillernde Reflexe und verleihen ihm selbst in den k\u00e4ltesten Monaten ein elegantes Aussehen. Im Herbst erscheinen zwischen den Bl\u00e4ttern kleine, stark duftende, cremewei\u00dfe Bl\u00fcten, die den dekorativen Reiz noch verst\u00e4rken. Dank seiner dichten Struktur und seines schnellen Wachstums ist Elaeagnus ebbingei ideal f\u00fcr alle, die eine undurchdringliche, immergr\u00fcne und anspruchslose Hecke auch unter schwierigen Bedingungen w\u00fcnschen. Es handelt sich um eine Pflanze, die extrem widerstandsf\u00e4hig gegen K\u00e4lte, Wind, Salz und Trockenheit ist und selbst auf kargen, kalkhaltigen oder verschmutzten B\u00f6den gedeiht. Sie ist \u00e4u\u00dferst pflegeleicht und kann f\u00fcr ein nat\u00fcrlicheres Aussehen frei wachsen gelassen oder regelm\u00e4\u00dfig beschnitten werden, um eine formellere und gepflegtere Form zu erhalten. Die perfekte L\u00f6sung f\u00fcr alle, die eine sch\u00f6ne, funktionale und widerstandsf\u00e4hige Pflanze das ganze Jahr \u00fcber suchen.<\/p>\n","protected":false},"excerpt":{"rendered":"<p>Elaeagnus ebbingei ist ein immergr\u00fcner Strauch, der im Gartenbau aufgrund seiner Vielseitigkeit, Widerstandsf\u00e4higkeit und seines dekorativen Werts sehr gesch\u00e4tzt wird. Mit seinem kr\u00e4ftigen und \u00fcbersichtlichen Wuchs bildet er schnell eine dichte und kompakte Pflanzenmasse, ideal f\u00fcr Sichtschutzhecken oder als Solit\u00e4r in G\u00e4rten, Parks oder gro\u00dfen T\u00f6pfen. Sein Laub ist eine seiner St\u00e4rken: gro\u00dfe, ovale Bl\u00e4tter, [&hellip;]<\/p>\n","protected":false},"featured_media":6633,"template":"","meta":{"_acf_changed":false},"product_brand":[],"product_cat":[141,147],"product_tag":[],"class_list":{"0":"post-15917","1":"product","2":"type-product","3":"status-publish","4":"has-post-thumbnail","6":"product_cat-pflanzen","7":"product_cat-strauch","8":"pa_forma-strauch","10":"first","11":"instock","12":"purchasable","13":"product-type-variable"},"acf":[],"_links":{"self":[{"href":"https:\/\/vivaiobaronti.com\/de\/wp-json\/wp\/v2\/product\/15917","targetHints":{"allow":["GET"]}}],"collection":[{"href":"https:\/\/vivaiobaronti.com\/de\/wp-json\/wp\/v2\/product"}],"about":[{"href":"https:\/\/vivaiobaronti.com\/de\/wp-json\/wp\/v2\/types\/product"}],"wp:featuredmedia":[{"embeddable":true,"href":"https:\/\/vivaiobaronti.com\/de\/wp-json\/wp\/v2\/media\/6633"}],"wp:attachment":[{"href":"https:\/\/vivaiobaronti.com\/de\/wp-json\/wp\/v2\/media?parent=15917"}],"wp:term":[{"taxonomy":"product_brand","embeddable":true,"href":"https:\/\/vivaiobaronti.com\/de\/wp-json\/wp\/v2\/product_brand?post=15917"},{"taxonomy":"product_cat","embeddable":true,"href":"https:\/\/vivaiobaronti.com\/de\/wp-json\/wp\/v2\/product_cat?post=15917"},{"taxonomy":"product_tag","embeddable":true,"href":"https:\/\/vivaiobaronti.com\/de\/wp-json\/wp\/v2\/product_tag?post=15917"}],"curies":[{"name":"wp","href":"https:\/\/api.w.org\/{rel}","templated":true}]}}