{"id":15915,"date":"2025-05-20T08:19:54","date_gmt":"2025-05-20T08:19:54","guid":{"rendered":"https:\/\/quizzical-davinci.89-31-73-59.plesk.page\/pianta\/elaeagnus-ebbingei-compatta\/"},"modified":"2025-07-24T08:25:13","modified_gmt":"2025-07-24T08:25:13","slug":"elaeagnus-ebbingei-compatta","status":"publish","type":"product","link":"https:\/\/vivaiobaronti.com\/de\/pianta\/elaeagnus-ebbingei-compatta\/","title":{"rendered":"ELAEAGNUS EBBINGEI COMPATTA"},"content":{"rendered":"<p>Elaeagnus ebbingei \u2018Compacta\u2019 ist eine kompakte und zierliche Sorte der ber\u00fchmten immergr\u00fcnen \u00d6lweide (Elaeagnus) \u2013 ideal f\u00fcr alle, die eine widerstandsf\u00e4hige, dekorative und pflegeleichte Pflanze suchen. Im Vergleich zur klassischen Art zeichnet sich \u2018Compacta\u2019 durch einen zur\u00fcckhaltenderen und gleichm\u00e4\u00dfigeren Wuchs aus und eignet sich perfekt f\u00fcr die Gestaltung formeller Hecken, kompakter Rabatten oder als Topfpflanze auf Terrassen und Balkonen.<\/p>\n<p>Das Laub ist dicht und sehr dekorativ: ovale, ledrige Bl\u00e4tter, auf der Oberseite intensiv gl\u00e4nzend gr\u00fcn, w\u00e4hrend die Unterseite silbrig ist und im Licht zarte Reflexe erzeugt. Im Herbst bildet sie kleine, duftende Bl\u00fcten, unauff\u00e4llig, aber angenehm, auf die manchmal rot-orange Fr\u00fcchte folgen, die ebenfalls dekorativ sind.<\/p>\n<p>Elaeagnus \u2018Compacta\u2019 wird besonders f\u00fcr seine Widerstandsf\u00e4higkeit gegen\u00fcber schwierigen Bedingungen gesch\u00e4tzt und vertr\u00e4gt Wind, Salz, Trockenheit und st\u00e4dtische Verschmutzung gut. Damit eignet sie sich ideal f\u00fcr K\u00fcsteng\u00e4rten oder Stadtgebiete. Sie w\u00e4chst sowohl in der Sonne als auch im Halbschatten gut und bildet schnell eine dichte und undurchdringliche gr\u00fcne Barriere, die sich auch als Sichtschutz eignet.<br \/>\nEine clevere und raffinierte Wahl f\u00fcr alle, die eine immergr\u00fcne Pflanze suchen, die das ganze Jahr \u00fcber sch\u00f6n, robust und vielseitig ist und sich im Garten vielf\u00e4ltig einsetzen l\u00e4sst, ohne jemals banal zu wirken.<\/p>\n","protected":false},"excerpt":{"rendered":"<p>Elaeagnus ebbingei \u2018Compacta\u2019 ist eine kompakte und zierliche Sorte der ber\u00fchmten immergr\u00fcnen \u00d6lweide (Elaeagnus) \u2013 ideal f\u00fcr alle, die eine widerstandsf\u00e4hige, dekorative und pflegeleichte Pflanze suchen. Im Vergleich zur klassischen Art zeichnet sich \u2018Compacta\u2019 durch einen zur\u00fcckhaltenderen und gleichm\u00e4\u00dfigeren Wuchs aus und eignet sich perfekt f\u00fcr die Gestaltung formeller Hecken, kompakter Rabatten oder als Topfpflanze [&hellip;]<\/p>\n","protected":false},"featured_media":0,"template":"","meta":{"_acf_changed":false},"product_brand":[],"product_cat":[141,147],"product_tag":[],"class_list":{"0":"post-15915","1":"product","2":"type-product","3":"status-publish","5":"product_cat-pflanzen","6":"product_cat-strauch","7":"pa_forma-strauch","9":"first","10":"instock","11":"purchasable","12":"product-type-variable"},"acf":[],"_links":{"self":[{"href":"https:\/\/vivaiobaronti.com\/de\/wp-json\/wp\/v2\/product\/15915","targetHints":{"allow":["GET"]}}],"collection":[{"href":"https:\/\/vivaiobaronti.com\/de\/wp-json\/wp\/v2\/product"}],"about":[{"href":"https:\/\/vivaiobaronti.com\/de\/wp-json\/wp\/v2\/types\/product"}],"wp:attachment":[{"href":"https:\/\/vivaiobaronti.com\/de\/wp-json\/wp\/v2\/media?parent=15915"}],"wp:term":[{"taxonomy":"product_brand","embeddable":true,"href":"https:\/\/vivaiobaronti.com\/de\/wp-json\/wp\/v2\/product_brand?post=15915"},{"taxonomy":"product_cat","embeddable":true,"href":"https:\/\/vivaiobaronti.com\/de\/wp-json\/wp\/v2\/product_cat?post=15915"},{"taxonomy":"product_tag","embeddable":true,"href":"https:\/\/vivaiobaronti.com\/de\/wp-json\/wp\/v2\/product_tag?post=15915"}],"curies":[{"name":"wp","href":"https:\/\/api.w.org\/{rel}","templated":true}]}}