{"id":15831,"date":"2025-05-20T08:19:54","date_gmt":"2025-05-20T08:19:54","guid":{"rendered":"https:\/\/quizzical-davinci.89-31-73-59.plesk.page\/pianta\/elaeagnus-ebbingei-compacta\/"},"modified":"2025-07-24T08:25:13","modified_gmt":"2025-07-24T08:25:13","slug":"elaeagnus-ebbingei-compacta","status":"publish","type":"product","link":"https:\/\/vivaiobaronti.com\/de\/pianta\/elaeagnus-ebbingei-compacta\/","title":{"rendered":"ELAEAGNUS EBBINGEI COMPACTA"},"content":{"rendered":"<p><span style=\"font-weight: 400;\">Elaeagnus ebbingei &#8218;Compacta&#8216; ist eine kompakte und zierliche Sorte der ber\u00fchmten immergr\u00fcnen Elaeagnus, ideal f\u00fcr alle, die eine widerstandsf\u00e4hige, dekorative und pflegeleichte Pflanze suchen. Im Vergleich zur klassischen Art zeichnet sich &#8218;Compacta&#8216; durch einen zur\u00fcckhaltenderen und regelm\u00e4\u00dfigeren Wuchs aus und eignet sich perfekt f\u00fcr die Gestaltung formeller Hecken, kompakter Rabatten oder f\u00fcr die Verwendung in T\u00f6pfen auf Terrassen und Balkonen.<\/span> <span style=\"font-weight: 400;\">Das Laub ist dicht und sehr dekorativ: ovale, ledrige Bl\u00e4tter, auf der Oberseite intensiv gl\u00e4nzend gr\u00fcn, w\u00e4hrend die Unterseite silbrig ist und im Licht zarte Reflexe erzeugt. Im Herbst bildet sie kleine, unauff\u00e4llige, aber angenehm duftende Bl\u00fcten, denen manchmal rot-orange Fr\u00fcchte folgen, die ebenfalls dekorativ sind.<\/span> <span style=\"font-weight: 400;\">Elaeagnus &#8218;Compacta&#8216; wird besonders wegen seiner Toleranz gegen\u00fcber schwierigen Bedingungen gesch\u00e4tzt und widersteht Wind, Salz, D\u00fcrre und st\u00e4dtischer Verschmutzung gut, was sie ideal f\u00fcr K\u00fcsteng\u00e4rten oder Stadtgebiete macht. Sie w\u00e4chst gut in der Sonne wie im Halbschatten und bildet schnell eine dichte, undurchdringliche gr\u00fcne Barriere, die sich auch als Sichtschutz eignet.<\/span> <span style=\"font-weight: 400;\">Eine kluge und raffinierte Wahl f\u00fcr alle, die eine immergr\u00fcne Pflanze suchen, die das ganze Jahr \u00fcber sch\u00f6n, robust und vielseitig ist und sich an verschiedene Verwendungszwecke im Garten anpassen kann, ohne jemals banal zu sein.<\/span><\/p>\n","protected":false},"excerpt":{"rendered":"<p>Elaeagnus ebbingei &#8218;Compacta&#8216; ist eine kompakte und zierliche Sorte der ber\u00fchmten immergr\u00fcnen Elaeagnus, ideal f\u00fcr alle, die eine widerstandsf\u00e4hige, dekorative und pflegeleichte Pflanze suchen. Im Vergleich zur klassischen Art zeichnet sich &#8218;Compacta&#8216; durch einen zur\u00fcckhaltenderen und regelm\u00e4\u00dfigeren Wuchs aus und eignet sich perfekt f\u00fcr die Gestaltung formeller Hecken, kompakter Rabatten oder f\u00fcr die Verwendung in [&hellip;]<\/p>\n","protected":false},"featured_media":6587,"template":"","meta":{"_acf_changed":false},"product_brand":[],"product_cat":[141,144,143],"product_tag":[],"class_list":{"0":"post-15831","1":"product","2":"type-product","3":"status-publish","4":"has-post-thumbnail","6":"product_cat-pflanzen","7":"product_cat-mini-stamm","8":"product_cat-halbstamm","9":"pa_forma-halbstamm","10":"pa_forma-mini-stamm","11":"pa_forma-strauch","13":"first","14":"instock","15":"purchasable","16":"product-type-variable"},"acf":[],"_links":{"self":[{"href":"https:\/\/vivaiobaronti.com\/de\/wp-json\/wp\/v2\/product\/15831","targetHints":{"allow":["GET"]}}],"collection":[{"href":"https:\/\/vivaiobaronti.com\/de\/wp-json\/wp\/v2\/product"}],"about":[{"href":"https:\/\/vivaiobaronti.com\/de\/wp-json\/wp\/v2\/types\/product"}],"wp:featuredmedia":[{"embeddable":true,"href":"https:\/\/vivaiobaronti.com\/de\/wp-json\/wp\/v2\/media\/6587"}],"wp:attachment":[{"href":"https:\/\/vivaiobaronti.com\/de\/wp-json\/wp\/v2\/media?parent=15831"}],"wp:term":[{"taxonomy":"product_brand","embeddable":true,"href":"https:\/\/vivaiobaronti.com\/de\/wp-json\/wp\/v2\/product_brand?post=15831"},{"taxonomy":"product_cat","embeddable":true,"href":"https:\/\/vivaiobaronti.com\/de\/wp-json\/wp\/v2\/product_cat?post=15831"},{"taxonomy":"product_tag","embeddable":true,"href":"https:\/\/vivaiobaronti.com\/de\/wp-json\/wp\/v2\/product_tag?post=15831"}],"curies":[{"name":"wp","href":"https:\/\/api.w.org\/{rel}","templated":true}]}}