{"id":15712,"date":"2025-05-20T08:19:54","date_gmt":"2025-05-20T08:19:54","guid":{"rendered":"https:\/\/quizzical-davinci.89-31-73-59.plesk.page\/pianta\/cupressus-sempervirens-totem\/"},"modified":"2026-02-03T07:51:22","modified_gmt":"2026-02-03T07:51:22","slug":"cupressus-sempervirens-totem","status":"publish","type":"product","link":"https:\/\/vivaiobaronti.com\/de\/pianta\/cupressus-sempervirens-totem\/","title":{"rendered":"CUPRESSUS SEMPERVIRENS TOTEM"},"content":{"rendered":"<p><span style=\"font-weight: 400;\">Cupressus sempervirens &#8218;Totem&#8216; ist eine ausgew\u00e4hlte Sorte der klassischen mediterranen Zypresse, die f\u00fcr ihre extrem kompakte und regelm\u00e4\u00dfige S\u00e4ulenform gesch\u00e4tzt wird. Im Gegensatz zur gew\u00f6hnlichen Art beh\u00e4lt &#8218;Totem&#8216; auch im Laufe der Jahre ihre kompakte und dichte Silhouette, ohne sich an der Basis zu verbreitern. Damit ist sie ideal f\u00fcr alle, die eine elegante, aber zur\u00fcckhaltende vertikale Pr\u00e4senz w\u00fcnschen. Diese immergr\u00fcne Pflanze bietet eine dichte und gleichm\u00e4\u00dfige Vegetation in einem wundersch\u00f6nen, intensiven Dunkelgr\u00fcn und eignet sich daher perfekt f\u00fcr die Gestaltung malerischer Alleen, als Sichtschutz oder als Solit\u00e4rpflanze in formalen oder modernen Kontexten. Dank ihrer nat\u00fcrlichen Form ben\u00f6tigt sie keinen h\u00e4ufigen Schnitt und eignet sich auch hervorragend f\u00fcr die Topfkultur auf Terrassen oder in Eing\u00e4ngen. Die \u00e4u\u00dferst rustikale und widerstandsf\u00e4hige Cupressus &#8218;Totem&#8216; vertr\u00e4gt Wind, Trockenheit und hohe Temperaturen gut und passt sich selbst kargen oder kalkhaltigen B\u00f6den an. Mit ihrer stolzen und schlichten Erscheinung verleiht sie jedem Kontext einen Hauch mediterraner Klassizit\u00e4t, ohne gro\u00dfen Pflegeaufwand zu erfordern.<\/span><\/p>\n","protected":false},"excerpt":{"rendered":"<p>Cupressus sempervirens &#8218;Totem&#8216; ist eine ausgew\u00e4hlte Sorte der klassischen mediterranen Zypresse, die f\u00fcr ihre extrem kompakte und regelm\u00e4\u00dfige S\u00e4ulenform gesch\u00e4tzt wird. Im Gegensatz zur gew\u00f6hnlichen Art beh\u00e4lt &#8218;Totem&#8216; auch im Laufe der Jahre ihre kompakte und dichte Silhouette, ohne sich an der Basis zu verbreitern. Damit ist sie ideal f\u00fcr alle, die eine elegante, aber [&hellip;]<\/p>\n","protected":false},"featured_media":5804,"template":"","meta":{"_acf_changed":false},"product_brand":[],"product_cat":[141,147],"product_tag":[],"class_list":{"0":"post-15712","1":"product","2":"type-product","3":"status-publish","4":"has-post-thumbnail","6":"product_cat-pflanzen","7":"product_cat-strauch","8":"pa_forma-strauch","10":"first","11":"instock","12":"purchasable","13":"product-type-variable"},"acf":[],"_links":{"self":[{"href":"https:\/\/vivaiobaronti.com\/de\/wp-json\/wp\/v2\/product\/15712","targetHints":{"allow":["GET"]}}],"collection":[{"href":"https:\/\/vivaiobaronti.com\/de\/wp-json\/wp\/v2\/product"}],"about":[{"href":"https:\/\/vivaiobaronti.com\/de\/wp-json\/wp\/v2\/types\/product"}],"wp:featuredmedia":[{"embeddable":true,"href":"https:\/\/vivaiobaronti.com\/de\/wp-json\/wp\/v2\/media\/5804"}],"wp:attachment":[{"href":"https:\/\/vivaiobaronti.com\/de\/wp-json\/wp\/v2\/media?parent=15712"}],"wp:term":[{"taxonomy":"product_brand","embeddable":true,"href":"https:\/\/vivaiobaronti.com\/de\/wp-json\/wp\/v2\/product_brand?post=15712"},{"taxonomy":"product_cat","embeddable":true,"href":"https:\/\/vivaiobaronti.com\/de\/wp-json\/wp\/v2\/product_cat?post=15712"},{"taxonomy":"product_tag","embeddable":true,"href":"https:\/\/vivaiobaronti.com\/de\/wp-json\/wp\/v2\/product_tag?post=15712"}],"curies":[{"name":"wp","href":"https:\/\/api.w.org\/{rel}","templated":true}]}}