{"id":15645,"date":"2025-05-20T08:19:54","date_gmt":"2025-05-20T08:19:54","guid":{"rendered":"https:\/\/quizzical-davinci.89-31-73-59.plesk.page\/pianta\/cupressus-arizonica-fastigiata\/"},"modified":"2025-07-24T08:25:04","modified_gmt":"2025-07-24T08:25:04","slug":"cupressus-arizonica-fastigiata","status":"publish","type":"product","link":"https:\/\/vivaiobaronti.com\/de\/pianta\/cupressus-arizonica-fastigiata\/","title":{"rendered":"CUPRESSUS ARIZONICA FASTIGIATA"},"content":{"rendered":"<p><span style=\"font-weight: 400;\">Cupressus arizonica &#8218;Fastigiata&#8216; als Ministamm ist die ideale Wahl f\u00fcr alle, die eine immergr\u00fcne Pflanze mit einem aufger\u00e4umten, eleganten und strukturierten Erscheinungsbild w\u00fcnschen, aber wenig Platz zur Verf\u00fcgung haben. Mit ihrer schlanken, s\u00e4ulenf\u00f6rmigen Form verleiht diese Zypressensorte dem Garten Vertikalit\u00e4t und Bewegung, ohne zu viel Platz einzunehmen. Sie eignet sich daher perfekt f\u00fcr kleine Bereiche, Terrassen oder formale Kompositionen. Das Laub, ein edles Blaugr\u00fcn mit silbergrauen Nuancen, ist dicht, duftend und bleibt das ganze Jahr \u00fcber dekorativ. Die Cupressus &#8218;Fastigiata&#8216; als Ministamm eignet sich perfekt f\u00fcr Rabatten, Wege, Eing\u00e4nge oder architektonische Ecken, wo sie als einzelnes vertikales Element oder in symmetrischen Kompositionen zur Geltung kommt. Neben ihrem hohen Zierwert ist sie eine \u00e4u\u00dferst widerstandsf\u00e4hige und robuste Pflanze: Sie vertr\u00e4gt K\u00e4lte, Trockenheit, Wind und sogar karge oder kalkhaltige B\u00f6den. Es erfordert sehr wenig Pflege und w\u00e4chst schnell.<\/span><\/p>\n","protected":false},"excerpt":{"rendered":"<p>Cupressus arizonica &#8218;Fastigiata&#8216; als Ministamm ist die ideale Wahl f\u00fcr alle, die eine immergr\u00fcne Pflanze mit einem aufger\u00e4umten, eleganten und strukturierten Erscheinungsbild w\u00fcnschen, aber wenig Platz zur Verf\u00fcgung haben. Mit ihrer schlanken, s\u00e4ulenf\u00f6rmigen Form verleiht diese Zypressensorte dem Garten Vertikalit\u00e4t und Bewegung, ohne zu viel Platz einzunehmen. Sie eignet sich daher perfekt f\u00fcr kleine Bereiche, [&hellip;]<\/p>\n","protected":false},"featured_media":5770,"template":"","meta":{"_acf_changed":false},"product_brand":[],"product_cat":[141,144],"product_tag":[],"class_list":{"0":"post-15645","1":"product","2":"type-product","3":"status-publish","4":"has-post-thumbnail","6":"product_cat-pflanzen","7":"product_cat-mini-stamm","8":"pa_forma-mini-stamm","10":"first","11":"instock","12":"purchasable","13":"product-type-variable"},"acf":[],"_links":{"self":[{"href":"https:\/\/vivaiobaronti.com\/de\/wp-json\/wp\/v2\/product\/15645","targetHints":{"allow":["GET"]}}],"collection":[{"href":"https:\/\/vivaiobaronti.com\/de\/wp-json\/wp\/v2\/product"}],"about":[{"href":"https:\/\/vivaiobaronti.com\/de\/wp-json\/wp\/v2\/types\/product"}],"wp:featuredmedia":[{"embeddable":true,"href":"https:\/\/vivaiobaronti.com\/de\/wp-json\/wp\/v2\/media\/5770"}],"wp:attachment":[{"href":"https:\/\/vivaiobaronti.com\/de\/wp-json\/wp\/v2\/media?parent=15645"}],"wp:term":[{"taxonomy":"product_brand","embeddable":true,"href":"https:\/\/vivaiobaronti.com\/de\/wp-json\/wp\/v2\/product_brand?post=15645"},{"taxonomy":"product_cat","embeddable":true,"href":"https:\/\/vivaiobaronti.com\/de\/wp-json\/wp\/v2\/product_cat?post=15645"},{"taxonomy":"product_tag","embeddable":true,"href":"https:\/\/vivaiobaronti.com\/de\/wp-json\/wp\/v2\/product_tag?post=15645"}],"curies":[{"name":"wp","href":"https:\/\/api.w.org\/{rel}","templated":true}]}}