{"id":15643,"date":"2025-05-20T08:19:54","date_gmt":"2025-05-20T08:19:54","guid":{"rendered":"https:\/\/quizzical-davinci.89-31-73-59.plesk.page\/pianta\/cotinus-coggyra-royal-purple\/"},"modified":"2025-07-24T08:25:04","modified_gmt":"2025-07-24T08:25:04","slug":"cotinus-coggyra-royal-purple","status":"publish","type":"product","link":"https:\/\/vivaiobaronti.com\/de\/pianta\/cotinus-coggyra-royal-purple\/","title":{"rendered":"COTINUS COGGYRA &#8222;ROYAL PURPLE&#8220;"},"content":{"rendered":"<p><span style=\"font-weight: 400\">Cotinus coggygria &#8218;Royal Purple&#8216;, auch Nebelbaum genannt, ist ein Zierstrauch mit gro\u00dfer optischer Wirkung. Er wird f\u00fcr sein tiefviolettes Laub und seine leichten, duftigen Bl\u00fctenst\u00e4nde gesch\u00e4tzt, die die Pflanze im Sommer in einen spektakul\u00e4ren, farbigen Nebel h\u00fcllen. Ideal als Solit\u00e4rpflanze mit landschaftlicher Wirkung oder in Kombination mit Zierstauden, Rosen oder Gr\u00e4sern, eignet sich Royal Purple dank seines geringen Pflegeaufwands und seiner hohen Trockenheitsresistenz perfekt f\u00fcr moderne und naturnahe G\u00e4rten.<\/span><\/p>\n","protected":false},"excerpt":{"rendered":"<p>Cotinus coggygria &#8218;Royal Purple&#8216;, auch Nebelbaum genannt, ist ein Zierstrauch mit gro\u00dfer optischer Wirkung. Er wird f\u00fcr sein tiefviolettes Laub und seine leichten, duftigen Bl\u00fctenst\u00e4nde gesch\u00e4tzt, die die Pflanze im Sommer in einen spektakul\u00e4ren, farbigen Nebel h\u00fcllen. Ideal als Solit\u00e4rpflanze mit landschaftlicher Wirkung oder in Kombination mit Zierstauden, Rosen oder Gr\u00e4sern, eignet sich Royal Purple [&hellip;]<\/p>\n","protected":false},"featured_media":0,"template":"","meta":{"_acf_changed":false},"product_brand":[],"product_cat":[141,143],"product_tag":[],"class_list":{"0":"post-15643","1":"product","2":"type-product","3":"status-publish","5":"product_cat-pflanzen","6":"product_cat-halbstamm","7":"pa_forma-halbstamm","9":"first","10":"instock","11":"purchasable","12":"product-type-variable"},"acf":[],"_links":{"self":[{"href":"https:\/\/vivaiobaronti.com\/de\/wp-json\/wp\/v2\/product\/15643","targetHints":{"allow":["GET"]}}],"collection":[{"href":"https:\/\/vivaiobaronti.com\/de\/wp-json\/wp\/v2\/product"}],"about":[{"href":"https:\/\/vivaiobaronti.com\/de\/wp-json\/wp\/v2\/types\/product"}],"wp:attachment":[{"href":"https:\/\/vivaiobaronti.com\/de\/wp-json\/wp\/v2\/media?parent=15643"}],"wp:term":[{"taxonomy":"product_brand","embeddable":true,"href":"https:\/\/vivaiobaronti.com\/de\/wp-json\/wp\/v2\/product_brand?post=15643"},{"taxonomy":"product_cat","embeddable":true,"href":"https:\/\/vivaiobaronti.com\/de\/wp-json\/wp\/v2\/product_cat?post=15643"},{"taxonomy":"product_tag","embeddable":true,"href":"https:\/\/vivaiobaronti.com\/de\/wp-json\/wp\/v2\/product_tag?post=15643"}],"curies":[{"name":"wp","href":"https:\/\/api.w.org\/{rel}","templated":true}]}}