{"id":15576,"date":"2025-05-20T08:19:54","date_gmt":"2025-05-20T08:19:54","guid":{"rendered":"https:\/\/quizzical-davinci.89-31-73-59.plesk.page\/pianta\/cordyline-southern-splendor\/"},"modified":"2025-07-24T08:25:04","modified_gmt":"2025-07-24T08:25:04","slug":"cordyline-southern-splendor","status":"publish","type":"product","link":"https:\/\/vivaiobaronti.com\/de\/pianta\/cordyline-southern-splendor\/","title":{"rendered":"CORDYLINE SOUTHERN SPLENDOR"},"content":{"rendered":"<p><span style=\"font-weight: 400\">Diese Sorte erreicht eine maximale H\u00f6he von etwa 2 Metern und eine Breite von etwa 1 Meter. Die immergr\u00fcnen Bl\u00e4tter haben eine schmale, l\u00e4ngliche, schwert\u00e4hnliche Form mit spitz zulaufenden Spitzen und einer leichten Kr\u00fcmmung bei den \u00e4lteren Bl\u00e4ttern. Sie sind 40 bis 90 cm lang und an der Basis 3 bis 7 cm breit. Die Bl\u00fctezeit der erwachsenen Exemplare beginnt im Sommer. Sie besteht aus dichten, \u00fcppigen, 60 bis 100 cm langen Rispen, die kleine, wei\u00dfe, duftende und nektarreiche Bl\u00fcten tragen. Nach der Bl\u00fcte kann sich jeder Zweig teilen. Die Fr\u00fcchte sind rundliche, wei\u00dfe Beeren, die von V\u00f6geln sehr gesch\u00e4tzt werden. Mit zunehmendem Alter entwickelt die Pflanze eine graue, rissige Rinde mit einem eigent\u00fcmlichen korkigen Aussehen und einer schwammigen Konsistenz.<\/span> <span style=\"font-weight: 400\">Dank ihrer Widerstandsf\u00e4higkeit gegen Wind und Salzwasser eignet sich diese Cordyline besonders f\u00fcr K\u00fcstengebiete. Sie eignet sich hervorragend als zentrale Beetpflanze, als kleiner Zierbaum zur Linienf\u00fchrung, als Windschutz oder auch als Solit\u00e4r in G\u00e4rten mit mildem Klima. Sie findet ihren idealen Lebensraum an der Atlantik- und Mittelmeerk\u00fcste und vertr\u00e4gt Temperaturen bis zu -7 \u00b0C. Daher kann sie auch in k\u00e4lteren Regionen angebaut werden, sofern sie in gro\u00dfen T\u00f6pfen gepflanzt und im Winter an einen gesch\u00fctzten Ort, beispielsweise auf eine Veranda, gebracht wird.<\/p>\n","protected":false},"excerpt":{"rendered":"<p>Diese Sorte erreicht eine maximale H\u00f6he von etwa 2 Metern und eine Breite von etwa 1 Meter. Die immergr\u00fcnen Bl\u00e4tter haben eine schmale, l\u00e4ngliche, schwert\u00e4hnliche Form mit spitz zulaufenden Spitzen und einer leichten Kr\u00fcmmung bei den \u00e4lteren Bl\u00e4ttern. Sie sind 40 bis 90 cm lang und an der Basis 3 bis 7 cm breit. Die [&hellip;]<\/p>\n","protected":false},"featured_media":5733,"template":"","meta":{"_acf_changed":false},"product_brand":[],"product_cat":[141,147],"product_tag":[],"class_list":{"0":"post-15576","1":"product","2":"type-product","3":"status-publish","4":"has-post-thumbnail","6":"product_cat-pflanzen","7":"product_cat-strauch","8":"pa_forma-strauch","10":"first","11":"instock","12":"purchasable","13":"product-type-variable"},"acf":[],"_links":{"self":[{"href":"https:\/\/vivaiobaronti.com\/de\/wp-json\/wp\/v2\/product\/15576","targetHints":{"allow":["GET"]}}],"collection":[{"href":"https:\/\/vivaiobaronti.com\/de\/wp-json\/wp\/v2\/product"}],"about":[{"href":"https:\/\/vivaiobaronti.com\/de\/wp-json\/wp\/v2\/types\/product"}],"wp:featuredmedia":[{"embeddable":true,"href":"https:\/\/vivaiobaronti.com\/de\/wp-json\/wp\/v2\/media\/5733"}],"wp:attachment":[{"href":"https:\/\/vivaiobaronti.com\/de\/wp-json\/wp\/v2\/media?parent=15576"}],"wp:term":[{"taxonomy":"product_brand","embeddable":true,"href":"https:\/\/vivaiobaronti.com\/de\/wp-json\/wp\/v2\/product_brand?post=15576"},{"taxonomy":"product_cat","embeddable":true,"href":"https:\/\/vivaiobaronti.com\/de\/wp-json\/wp\/v2\/product_cat?post=15576"},{"taxonomy":"product_tag","embeddable":true,"href":"https:\/\/vivaiobaronti.com\/de\/wp-json\/wp\/v2\/product_tag?post=15576"}],"curies":[{"name":"wp","href":"https:\/\/api.w.org\/{rel}","templated":true}]}}