{"id":15572,"date":"2025-05-20T08:19:54","date_gmt":"2025-05-20T08:19:54","guid":{"rendered":"https:\/\/quizzical-davinci.89-31-73-59.plesk.page\/pianta\/cordyline-paso-doble\/"},"modified":"2025-10-01T09:38:51","modified_gmt":"2025-10-01T09:38:51","slug":"cordyline-paso-doble","status":"publish","type":"product","link":"https:\/\/vivaiobaronti.com\/de\/pianta\/cordyline-paso-doble\/","title":{"rendered":"CORDYLINE PASO DOBLE"},"content":{"rendered":"<p><span style=\"font-weight: 400\">Cordyline &#8218;Paso Doble&#8216; ist eine Hybride der Cordyline banksii und zeichnet sich durch ihre intensiv leuchtend rosa Bl\u00e4tter als eine der lebendigsten Sorten aus. Das Laub bildet eine kompakte Rosette, steht aufrecht und dicht am Boden und verleiht der Pflanze selbst im Winter ein \u00e4u\u00dferst dekoratives Aussehen. Dank ihrer leuchtenden Farben eignet sich diese Sorte perfekt, um Terrassen, Balkonen oder Blumenbeeten einen exotischen Touch zu verleihen. In milden Klimazonen, insbesondere in K\u00fcstengebieten, kann sie im Freiland angebaut werden; alternativ gedeiht sie auch in gro\u00dfen T\u00f6pfen, ideal f\u00fcr gesch\u00fctzte Bereiche wie Veranden in der kalten Jahreszeit. Als Ergebnis einer k\u00fcrzlich erfolgten g\u00e4rtnerischen Z\u00fcchtung vereint &#8218;Paso Doble&#8216; die Eigenschaften der Cordyline australis mit denen der weniger bekannten Cordyline banksii, einer langsam wachsenden und weniger winterharten Art. Diese mehrj\u00e4hrigen Pflanzen aus der Familie der Agavengew\u00e4chse sind in Neuseeland heimisch und wachsen spontan in sehr unterschiedlichen Umgebungen, darunter an Waldr\u00e4ndern, Flussufern, Lichtungen und in feuchten Gebieten in der N\u00e4he von S\u00fcmpfen. Der Paso Doble w\u00e4chst m\u00e4\u00dfig und bildet zun\u00e4chst eine dichte Blattrosette. Mit der Zeit entwickelt er eine baumartige Struktur mit einem kurzen Stamm und wenigen \u00c4sten, die jeweils von Blattb\u00fcscheln gekr\u00f6nt sind. In zehn Jahren kann er eine H\u00f6he von etwa 1,5 Metern und eine Breite von 1 Meter erreichen, wobei er in beiden Richtungen maximal 2,25 Meter erreicht. Die Bl\u00e4tter sind ausdauernd, lang und schmal, leicht gebogen, mit spitzen Enden und zahlreichen parallelen Blattadern. Sie sind zwischen 40 und 70 cm lang und an der Basis zwischen 3 und 6 cm breit. Die Farbe mischt Rosa-, Lila-, Rot- und Violettt\u00f6ne, die wie breite Pinselstriche angeordnet sind, was der Pflanze einen sehr reizvollen Anblick verleiht. Die Bl\u00fctezeit liegt zwischen September und Oktober, jedoch nur bei ausgewachsenen Exemplaren. Jeder Zweig kann sich nach der Bl\u00fcte weiter verzweigen. Die kleinen, cremefarbenen, duftenden und nektarreichen Bl\u00fcten stehen in dichten, bis zu 60 cm langen Rispen. <\/span><span style=\"font-weight: 400\">Diese wind- und salzresistente Sorte ist nach guter Verwurzelung anspruchslos in Bezug auf Wasser und eignet sich besonders f\u00fcr K\u00fcstengebiete wie die des Atlantiks und des Mittelmeers. Sie vertr\u00e4gt kurze K\u00e4lteperioden bis zu Temperaturen zwischen -5 \u00b0C und -7 \u00b0C. In k\u00e4lteren Gebieten kultiviert man sie am besten in gro\u00dfen Beh\u00e4ltern und stellt diese w\u00e4hrend der Wintermonate an gesch\u00fctzte Orte wie eine Veranda oder eine \u00fcberdachte Terrasse.<\/span><\/p>\n","protected":false},"excerpt":{"rendered":"<p>Cordyline &#8218;Paso Doble&#8216; ist eine Hybride der Cordyline banksii und zeichnet sich durch ihre intensiv leuchtend rosa Bl\u00e4tter als eine der lebendigsten Sorten aus. Das Laub bildet eine kompakte Rosette, steht aufrecht und dicht am Boden und verleiht der Pflanze selbst im Winter ein \u00e4u\u00dferst dekoratives Aussehen. Dank ihrer leuchtenden Farben eignet sich diese Sorte [&hellip;]<\/p>\n","protected":false},"featured_media":61867,"template":"","meta":{"_acf_changed":false},"product_brand":[],"product_cat":[141,147],"product_tag":[],"class_list":{"0":"post-15572","1":"product","2":"type-product","3":"status-publish","4":"has-post-thumbnail","6":"product_cat-pflanzen","7":"product_cat-strauch","8":"pa_forma-strauch","10":"first","11":"instock","12":"purchasable","13":"product-type-variable"},"acf":[],"_links":{"self":[{"href":"https:\/\/vivaiobaronti.com\/de\/wp-json\/wp\/v2\/product\/15572","targetHints":{"allow":["GET"]}}],"collection":[{"href":"https:\/\/vivaiobaronti.com\/de\/wp-json\/wp\/v2\/product"}],"about":[{"href":"https:\/\/vivaiobaronti.com\/de\/wp-json\/wp\/v2\/types\/product"}],"wp:featuredmedia":[{"embeddable":true,"href":"https:\/\/vivaiobaronti.com\/de\/wp-json\/wp\/v2\/media\/61867"}],"wp:attachment":[{"href":"https:\/\/vivaiobaronti.com\/de\/wp-json\/wp\/v2\/media?parent=15572"}],"wp:term":[{"taxonomy":"product_brand","embeddable":true,"href":"https:\/\/vivaiobaronti.com\/de\/wp-json\/wp\/v2\/product_brand?post=15572"},{"taxonomy":"product_cat","embeddable":true,"href":"https:\/\/vivaiobaronti.com\/de\/wp-json\/wp\/v2\/product_cat?post=15572"},{"taxonomy":"product_tag","embeddable":true,"href":"https:\/\/vivaiobaronti.com\/de\/wp-json\/wp\/v2\/product_tag?post=15572"}],"curies":[{"name":"wp","href":"https:\/\/api.w.org\/{rel}","templated":true}]}}