{"id":15570,"date":"2025-05-20T08:19:54","date_gmt":"2025-05-20T08:19:54","guid":{"rendered":"https:\/\/quizzical-davinci.89-31-73-59.plesk.page\/pianta\/cordyline-australis-torbay-dazzler\/"},"modified":"2025-07-24T08:25:04","modified_gmt":"2025-07-24T08:25:04","slug":"cordyline-australis-torbay-dazzler","status":"publish","type":"product","link":"https:\/\/vivaiobaronti.com\/de\/pianta\/cordyline-australis-torbay-dazzler\/","title":{"rendered":"CORDYLINE AUSTRALIS TORBAY DAZZLER"},"content":{"rendered":"<p><span style=\"font-weight: 400\">Cordyline Australis &#8218;Torbay Dazzler&#8216; ist eine mehrj\u00e4hrige Pflanze aus Neuseeland, die zur Familie der Spargelgew\u00e4chse geh\u00f6rt und sich sowohl f\u00fcr den Anbau im Freien als auch im Innenbereich eignet. Sie ist immergr\u00fcn und hat einen kompakten, strauchartigen Wuchs. Ihre H\u00f6he \u00fcberschreitet selten eineinhalb Meter. Aus dem kurzen, kr\u00e4ftigen St\u00e4ngel entwickeln sich in der Mitte lange, bandf\u00f6rmige Bl\u00e4tter, die zun\u00e4chst aufrecht stehen und sich sp\u00e4ter zu den Spitzen hin biegen. Das Laub besticht durch seine leuchtend gr\u00fcne Farbe mit gelben R\u00e4ndern, die seinen dekorativen Wert unterstreichen. Im Sommer bildet die Pflanze rispenf\u00f6rmige Bl\u00fctenst\u00e4nde mit kleinen cremewei\u00dfen Bl\u00fcten, die f\u00fcr ihren intensiven und angenehmen Duft bekannt sind. Diese Sorte eignet sich hervorragend als dekoratives Element sowohl in Wohnungen als auch in G\u00e4rten oder Blumenbeeten, wo das Winterklima mild bleibt. Sie bevorzugt sonnige Standorte, gedeiht aber auch im Halbschatten und zeigt eine gute Toleranz gegen\u00fcber unterschiedlichen Belichtungen.<\/span><\/p>\n","protected":false},"excerpt":{"rendered":"<p>Cordyline Australis &#8218;Torbay Dazzler&#8216; ist eine mehrj\u00e4hrige Pflanze aus Neuseeland, die zur Familie der Spargelgew\u00e4chse geh\u00f6rt und sich sowohl f\u00fcr den Anbau im Freien als auch im Innenbereich eignet. Sie ist immergr\u00fcn und hat einen kompakten, strauchartigen Wuchs. Ihre H\u00f6he \u00fcberschreitet selten eineinhalb Meter. Aus dem kurzen, kr\u00e4ftigen St\u00e4ngel entwickeln sich in der Mitte lange, [&hellip;]<\/p>\n","protected":false},"featured_media":0,"template":"","meta":{"_acf_changed":false},"product_brand":[],"product_cat":[141,147],"product_tag":[],"class_list":{"0":"post-15570","1":"product","2":"type-product","3":"status-publish","5":"product_cat-pflanzen","6":"product_cat-strauch","7":"pa_forma-strauch","9":"first","10":"instock","11":"purchasable","12":"product-type-variable"},"acf":[],"_links":{"self":[{"href":"https:\/\/vivaiobaronti.com\/de\/wp-json\/wp\/v2\/product\/15570","targetHints":{"allow":["GET"]}}],"collection":[{"href":"https:\/\/vivaiobaronti.com\/de\/wp-json\/wp\/v2\/product"}],"about":[{"href":"https:\/\/vivaiobaronti.com\/de\/wp-json\/wp\/v2\/types\/product"}],"wp:attachment":[{"href":"https:\/\/vivaiobaronti.com\/de\/wp-json\/wp\/v2\/media?parent=15570"}],"wp:term":[{"taxonomy":"product_brand","embeddable":true,"href":"https:\/\/vivaiobaronti.com\/de\/wp-json\/wp\/v2\/product_brand?post=15570"},{"taxonomy":"product_cat","embeddable":true,"href":"https:\/\/vivaiobaronti.com\/de\/wp-json\/wp\/v2\/product_cat?post=15570"},{"taxonomy":"product_tag","embeddable":true,"href":"https:\/\/vivaiobaronti.com\/de\/wp-json\/wp\/v2\/product_tag?post=15570"}],"curies":[{"name":"wp","href":"https:\/\/api.w.org\/{rel}","templated":true}]}}