{"id":15568,"date":"2025-05-20T08:19:54","date_gmt":"2025-05-20T08:19:54","guid":{"rendered":"https:\/\/quizzical-davinci.89-31-73-59.plesk.page\/pianta\/cordyline-australis-red-star\/"},"modified":"2025-07-24T08:25:04","modified_gmt":"2025-07-24T08:25:04","slug":"cordyline-australis-red-star","status":"publish","type":"product","link":"https:\/\/vivaiobaronti.com\/de\/pianta\/cordyline-australis-red-star\/","title":{"rendered":"CORDYLINE AUSTRALIS &#8222;RED STAR&#8220;"},"content":{"rendered":"<p><span style=\"font-weight: 400\">Cordyline australis &#8218;Red Star&#8216; ist eine mehrj\u00e4hrige Art aus Neuseeland und geh\u00f6rt zur Familie der Spargelgew\u00e4chse (Asparagaceae). Sie ist eine immergr\u00fcne Pflanze mit kr\u00e4ftigem Wuchs, die mit der Zeit einen aufrechten St\u00e4ngel entwickelt, der Wuchsh\u00f6hen zwischen 2 und 3 Metern erreichen kann. Ihre d\u00fcnnen, l\u00e4nglichen und lanzettlichen Bl\u00e4tter sind purpurrot mit hellgr\u00fcnen Nuancen. Anfangs gerade, neigen sie sich zum Ende hin zu einer Biegung, wodurch ein sehr eleganter, ornamentaler Effekt entsteht. Im Sommer bildet sie verzweigte, rispenf\u00f6rmige Bl\u00fctenst\u00e4nde mit zahlreichen kleinen, cremefarbenen Bl\u00fcten, die f\u00fcr ihren intensiven Duft bekannt sind. Red Star wird wegen seines dekorativen Aussehens gesch\u00e4tzt und wird dank seiner guten K\u00e4ltevertr\u00e4glichkeit, solange die Temperaturen nicht unter Null fallen, h\u00e4ufig sowohl als Dekorationselement im Innen- als auch im Au\u00dfenbereich, in G\u00e4rten und Beeten, verwendet. Sie bevorzugt mildes Klima und sonnige Standorte, passt sich aber auch gut an teilweise exponierte Standorte an. Dar\u00fcber hinaus ist es aufgrund seiner Salzresistenz auch f\u00fcr K\u00fcstengebiete geeignet.<\/span><\/p>\n","protected":false},"excerpt":{"rendered":"<p>Cordyline australis &#8218;Red Star&#8216; ist eine mehrj\u00e4hrige Art aus Neuseeland und geh\u00f6rt zur Familie der Spargelgew\u00e4chse (Asparagaceae). Sie ist eine immergr\u00fcne Pflanze mit kr\u00e4ftigem Wuchs, die mit der Zeit einen aufrechten St\u00e4ngel entwickelt, der Wuchsh\u00f6hen zwischen 2 und 3 Metern erreichen kann. Ihre d\u00fcnnen, l\u00e4nglichen und lanzettlichen Bl\u00e4tter sind purpurrot mit hellgr\u00fcnen Nuancen. Anfangs gerade, [&hellip;]<\/p>\n","protected":false},"featured_media":25889,"template":"","meta":{"_acf_changed":false},"product_brand":[],"product_cat":[141,147],"product_tag":[],"class_list":{"0":"post-15568","1":"product","2":"type-product","3":"status-publish","4":"has-post-thumbnail","6":"product_cat-pflanzen","7":"product_cat-strauch","8":"pa_forma-strauch","10":"first","11":"instock","12":"purchasable","13":"product-type-variable"},"acf":[],"_links":{"self":[{"href":"https:\/\/vivaiobaronti.com\/de\/wp-json\/wp\/v2\/product\/15568","targetHints":{"allow":["GET"]}}],"collection":[{"href":"https:\/\/vivaiobaronti.com\/de\/wp-json\/wp\/v2\/product"}],"about":[{"href":"https:\/\/vivaiobaronti.com\/de\/wp-json\/wp\/v2\/types\/product"}],"wp:featuredmedia":[{"embeddable":true,"href":"https:\/\/vivaiobaronti.com\/de\/wp-json\/wp\/v2\/media\/25889"}],"wp:attachment":[{"href":"https:\/\/vivaiobaronti.com\/de\/wp-json\/wp\/v2\/media?parent=15568"}],"wp:term":[{"taxonomy":"product_brand","embeddable":true,"href":"https:\/\/vivaiobaronti.com\/de\/wp-json\/wp\/v2\/product_brand?post=15568"},{"taxonomy":"product_cat","embeddable":true,"href":"https:\/\/vivaiobaronti.com\/de\/wp-json\/wp\/v2\/product_cat?post=15568"},{"taxonomy":"product_tag","embeddable":true,"href":"https:\/\/vivaiobaronti.com\/de\/wp-json\/wp\/v2\/product_tag?post=15568"}],"curies":[{"name":"wp","href":"https:\/\/api.w.org\/{rel}","templated":true}]}}