{"id":15566,"date":"2025-05-20T08:19:47","date_gmt":"2025-05-20T08:19:47","guid":{"rendered":"https:\/\/quizzical-davinci.89-31-73-59.plesk.page\/pianta\/cordyline-australis-peko\/"},"modified":"2025-07-24T08:24:56","modified_gmt":"2025-07-24T08:24:56","slug":"cordyline-australis-peko","status":"publish","type":"product","link":"https:\/\/vivaiobaronti.com\/de\/pianta\/cordyline-australis-peko\/","title":{"rendered":"CORDYLINE AUSTRALIS &#8222;PEKO&#8220;"},"content":{"rendered":"<p><span style=\"font-weight: 400\">Die Cordyline Australis &#8218;Peko&#8216; ist eine mehrj\u00e4hrige Pflanze aus Neuseeland, die zur Familie der Spargelgew\u00e4chse geh\u00f6rt und sich sowohl f\u00fcr den Anbau im Freien als auch im Innenbereich eignet. Sie ist immergr\u00fcn und strauchartig und kann mit der Zeit bis zu 2 Meter hoch werden. Charakteristisch f\u00fcr die Pflanze ist ein kurzer, kr\u00e4ftiger St\u00e4ngel, aus dem sich in der Mitte lange, bandf\u00f6rmige Bl\u00e4tter entwickeln: Zun\u00e4chst aufrecht, w\u00f6lben sie sich dann zum Ende hin und zeigen hellgr\u00fcne, durch elegante Rosat\u00f6ne bereicherte Farbt\u00f6ne.<\/span> <span style=\"font-weight: 400\">Diese Sorte wird f\u00fcr ihr dekoratives Aussehen und die farblichen Kontraste des Laubes gesch\u00e4tzt und eignet sich ideal f\u00fcr die exotische Gestaltung von Innenr\u00e4umen, wird aber auch h\u00e4ufig im Au\u00dfenbereich wie Blumenbeeten oder G\u00e4rten verwendet. Sie vertr\u00e4gt niedrige Temperaturen gut, solange sie nicht unter Null fallen, und bevorzugt ein gem\u00e4\u00dfigtes Klima.<\/span><\/p>\n","protected":false},"excerpt":{"rendered":"<p>Die Cordyline Australis &#8218;Peko&#8216; ist eine mehrj\u00e4hrige Pflanze aus Neuseeland, die zur Familie der Spargelgew\u00e4chse geh\u00f6rt und sich sowohl f\u00fcr den Anbau im Freien als auch im Innenbereich eignet. Sie ist immergr\u00fcn und strauchartig und kann mit der Zeit bis zu 2 Meter hoch werden. Charakteristisch f\u00fcr die Pflanze ist ein kurzer, kr\u00e4ftiger St\u00e4ngel, aus [&hellip;]<\/p>\n","protected":false},"featured_media":61862,"template":"","meta":{"_acf_changed":false},"product_brand":[],"product_cat":[141,147],"product_tag":[],"class_list":{"0":"post-15566","1":"product","2":"type-product","3":"status-publish","4":"has-post-thumbnail","6":"product_cat-pflanzen","7":"product_cat-strauch","8":"pa_forma-strauch","10":"first","11":"instock","12":"purchasable","13":"product-type-variable"},"acf":[],"_links":{"self":[{"href":"https:\/\/vivaiobaronti.com\/de\/wp-json\/wp\/v2\/product\/15566","targetHints":{"allow":["GET"]}}],"collection":[{"href":"https:\/\/vivaiobaronti.com\/de\/wp-json\/wp\/v2\/product"}],"about":[{"href":"https:\/\/vivaiobaronti.com\/de\/wp-json\/wp\/v2\/types\/product"}],"wp:featuredmedia":[{"embeddable":true,"href":"https:\/\/vivaiobaronti.com\/de\/wp-json\/wp\/v2\/media\/61862"}],"wp:attachment":[{"href":"https:\/\/vivaiobaronti.com\/de\/wp-json\/wp\/v2\/media?parent=15566"}],"wp:term":[{"taxonomy":"product_brand","embeddable":true,"href":"https:\/\/vivaiobaronti.com\/de\/wp-json\/wp\/v2\/product_brand?post=15566"},{"taxonomy":"product_cat","embeddable":true,"href":"https:\/\/vivaiobaronti.com\/de\/wp-json\/wp\/v2\/product_cat?post=15566"},{"taxonomy":"product_tag","embeddable":true,"href":"https:\/\/vivaiobaronti.com\/de\/wp-json\/wp\/v2\/product_tag?post=15566"}],"curies":[{"name":"wp","href":"https:\/\/api.w.org\/{rel}","templated":true}]}}