{"id":15562,"date":"2025-05-20T08:19:47","date_gmt":"2025-05-20T08:19:47","guid":{"rendered":"https:\/\/quizzical-davinci.89-31-73-59.plesk.page\/pianta\/cedrus-deodara\/"},"modified":"2026-02-03T09:04:37","modified_gmt":"2026-02-03T09:04:37","slug":"cedrus-deodara","status":"publish","type":"product","link":"https:\/\/vivaiobaronti.com\/de\/pianta\/cedrus-deodara\/","title":{"rendered":"CEDRUS DEODARA PENDULA"},"content":{"rendered":"<p><span style=\"font-weight: 400\">Die Himalaya-Zeder ist ein Nadelbaum, der an den Westh\u00e4ngen des Himalaya-Gebirges heimisch ist und in Regionen wie Ost-Afghanistan, Nordpakistan, Kaschmir, Tibet, Nepal und Nordindien nat\u00fcrlich vorkommt. Der Name &#8222;Deodara&#8220; stammt vom Sanskrit-Wort &#8222;Devadar&#8220;, was &#8222;Baum der G\u00f6tter&#8220; bedeutet und auf die spirituelle Verbindung mit den heiligen Bergen des Himalayas verweist. Die h\u00e4ngende Sorte besticht durch ihre elegante und ungew\u00f6hnliche Form: Sie kann eine H\u00f6he von 8-10 Metern erreichen und hat lange, biegsame \u00c4ste, die nach unten gerichtet sind und sich um den Stamm wickeln. Sogar die Spitze des Baumes neigt ab einer H\u00f6he von 3-4 Metern zu einer sanften Kr\u00fcmmung und erzeugt so eine einzigartige und unregelm\u00e4\u00dfige Silhouette, die sich ideal eignet, um im Garten markante Blickf\u00e4nge zu schaffen.<\/span><\/p>\n","protected":false},"excerpt":{"rendered":"<p>Die Himalaya-Zeder ist ein Nadelbaum, der an den Westh\u00e4ngen des Himalaya-Gebirges heimisch ist und in Regionen wie Ost-Afghanistan, Nordpakistan, Kaschmir, Tibet, Nepal und Nordindien nat\u00fcrlich vorkommt. Der Name &#8222;Deodara&#8220; stammt vom Sanskrit-Wort &#8222;Devadar&#8220;, was &#8222;Baum der G\u00f6tter&#8220; bedeutet und auf die spirituelle Verbindung mit den heiligen Bergen des Himalayas verweist. Die h\u00e4ngende Sorte besticht durch [&hellip;]<\/p>\n","protected":false},"featured_media":61857,"template":"","meta":{"_acf_changed":false},"product_brand":[],"product_cat":[141,144,147],"product_tag":[],"class_list":{"0":"post-15562","1":"product","2":"type-product","3":"status-publish","4":"has-post-thumbnail","6":"product_cat-pflanzen","7":"product_cat-mini-stamm","8":"product_cat-strauch","9":"pa_forma-cespuglio","10":"pa_forma-mini-stamm","11":"pa_forma-strauch","13":"first","14":"instock","15":"purchasable","16":"product-type-variable"},"acf":[],"_links":{"self":[{"href":"https:\/\/vivaiobaronti.com\/de\/wp-json\/wp\/v2\/product\/15562","targetHints":{"allow":["GET"]}}],"collection":[{"href":"https:\/\/vivaiobaronti.com\/de\/wp-json\/wp\/v2\/product"}],"about":[{"href":"https:\/\/vivaiobaronti.com\/de\/wp-json\/wp\/v2\/types\/product"}],"wp:featuredmedia":[{"embeddable":true,"href":"https:\/\/vivaiobaronti.com\/de\/wp-json\/wp\/v2\/media\/61857"}],"wp:attachment":[{"href":"https:\/\/vivaiobaronti.com\/de\/wp-json\/wp\/v2\/media?parent=15562"}],"wp:term":[{"taxonomy":"product_brand","embeddable":true,"href":"https:\/\/vivaiobaronti.com\/de\/wp-json\/wp\/v2\/product_brand?post=15562"},{"taxonomy":"product_cat","embeddable":true,"href":"https:\/\/vivaiobaronti.com\/de\/wp-json\/wp\/v2\/product_cat?post=15562"},{"taxonomy":"product_tag","embeddable":true,"href":"https:\/\/vivaiobaronti.com\/de\/wp-json\/wp\/v2\/product_tag?post=15562"}],"curies":[{"name":"wp","href":"https:\/\/api.w.org\/{rel}","templated":true}]}}