{"id":15560,"date":"2025-05-20T08:19:47","date_gmt":"2025-05-20T08:19:47","guid":{"rendered":"https:\/\/quizzical-davinci.89-31-73-59.plesk.page\/pianta\/cedrus-deodara-feelin-blue\/"},"modified":"2025-07-24T08:24:56","modified_gmt":"2025-07-24T08:24:56","slug":"cedrus-deodara-feelin-blue","status":"publish","type":"product","link":"https:\/\/vivaiobaronti.com\/de\/pianta\/cedrus-deodara-feelin-blue\/","title":{"rendered":"CEDRUS DEODARA FEELIN&#8220; BLUE"},"content":{"rendered":"<p><span style=\"font-weight: 400\">Die Cedrus Deodara Feelin Blue oder Himalaya-Zeder ist ein mehrj\u00e4hriger Freilandstrauch aus den Niederlanden und geh\u00f6rt zur Familie der Kieferngew\u00e4chse (Piniengew\u00e4chse). Sie ist ein immergr\u00fcner Nadelbaum mit bodendeckendem Wuchs und h\u00e4ngendem Wuchs. Ohne St\u00fctzen neigen die Zweige dazu, zu Boden zu fallen und sich auszubreiten. Sie erreicht eine H\u00f6he von 2-3 Metern und zeichnet sich durch einen braunen, vom Boden aus dicht verzweigten Stamm mit nadelartigen, gr\u00fcnblauen Bl\u00e4ttern aus.<\/span><\/p>\n","protected":false},"excerpt":{"rendered":"<p>Die Cedrus Deodara Feelin Blue oder Himalaya-Zeder ist ein mehrj\u00e4hriger Freilandstrauch aus den Niederlanden und geh\u00f6rt zur Familie der Kieferngew\u00e4chse (Piniengew\u00e4chse). Sie ist ein immergr\u00fcner Nadelbaum mit bodendeckendem Wuchs und h\u00e4ngendem Wuchs. Ohne St\u00fctzen neigen die Zweige dazu, zu Boden zu fallen und sich auszubreiten. Sie erreicht eine H\u00f6he von 2-3 Metern und zeichnet sich [&hellip;]<\/p>\n","protected":false},"featured_media":61852,"template":"","meta":{"_acf_changed":false},"product_brand":[],"product_cat":[141,144,147],"product_tag":[],"class_list":{"0":"post-15560","1":"product","2":"type-product","3":"status-publish","4":"has-post-thumbnail","6":"product_cat-pflanzen","7":"product_cat-mini-stamm","8":"product_cat-strauch","9":"pa_forma-cespuglio","10":"pa_forma-mini-stamm","11":"pa_forma-strauch","13":"first","14":"instock","15":"purchasable","16":"product-type-variable"},"acf":[],"_links":{"self":[{"href":"https:\/\/vivaiobaronti.com\/de\/wp-json\/wp\/v2\/product\/15560","targetHints":{"allow":["GET"]}}],"collection":[{"href":"https:\/\/vivaiobaronti.com\/de\/wp-json\/wp\/v2\/product"}],"about":[{"href":"https:\/\/vivaiobaronti.com\/de\/wp-json\/wp\/v2\/types\/product"}],"wp:featuredmedia":[{"embeddable":true,"href":"https:\/\/vivaiobaronti.com\/de\/wp-json\/wp\/v2\/media\/61852"}],"wp:attachment":[{"href":"https:\/\/vivaiobaronti.com\/de\/wp-json\/wp\/v2\/media?parent=15560"}],"wp:term":[{"taxonomy":"product_brand","embeddable":true,"href":"https:\/\/vivaiobaronti.com\/de\/wp-json\/wp\/v2\/product_brand?post=15560"},{"taxonomy":"product_cat","embeddable":true,"href":"https:\/\/vivaiobaronti.com\/de\/wp-json\/wp\/v2\/product_cat?post=15560"},{"taxonomy":"product_tag","embeddable":true,"href":"https:\/\/vivaiobaronti.com\/de\/wp-json\/wp\/v2\/product_tag?post=15560"}],"curies":[{"name":"wp","href":"https:\/\/api.w.org\/{rel}","templated":true}]}}