{"id":15558,"date":"2025-05-20T08:19:47","date_gmt":"2025-05-20T08:19:47","guid":{"rendered":"https:\/\/quizzical-davinci.89-31-73-59.plesk.page\/pianta\/cedrus-atlantica-glauca\/"},"modified":"2025-07-24T08:24:56","modified_gmt":"2025-07-24T08:24:56","slug":"cedrus-atlantica-glauca","status":"publish","type":"product","link":"https:\/\/vivaiobaronti.com\/de\/pianta\/cedrus-atlantica-glauca\/","title":{"rendered":"CEDRUS ATLANTICA &#8222;GLAUCA&#8220;"},"content":{"rendered":"<p><span style=\"font-weight: 400\">Die Atlaszeder geh\u00f6rt zur Familie der Kieferngew\u00e4chse und verdankt ihren Namen ihrer gebirgigen Herkunft im Atlasgebirge zwischen Marokko und Algerien. Wegen ihrer charakteristischen Blattfarbe wird sie auch Silberzeder genannt. Es gibt sie auch in der eindrucksvollen Variante &#8222;Weeping Blue&#8220;, die f\u00fcr ihre herabh\u00e4ngende, geschwungene Form gesch\u00e4tzt wird. Diese elegante Zierkonifere hat biegsame, mit faszinierend blau-silbernen Nadeln bedeckte Zweige und eignet sich ideal zur Versch\u00f6nerung von Steing\u00e4rten, Rabatten oder dekorativen K\u00fcbeln. Dank der M\u00f6glichkeit, ihr Wachstum mithilfe von St\u00fctzen zu formen, passt sie sich problemlos an verschiedene Umgebungen an, selbst an die kleinsten. Ihr langsames Wachstum und ihr markantes Aussehen machen sie zu einer erlesenen Wahl f\u00fcr alle, die ihrer Gr\u00fcnfl\u00e4che einen Hauch von Eleganz und Originalit\u00e4t verleihen m\u00f6chten.<\/span><\/p>\n","protected":false},"excerpt":{"rendered":"<p>Die Atlaszeder geh\u00f6rt zur Familie der Kieferngew\u00e4chse und verdankt ihren Namen ihrer gebirgigen Herkunft im Atlasgebirge zwischen Marokko und Algerien. Wegen ihrer charakteristischen Blattfarbe wird sie auch Silberzeder genannt. Es gibt sie auch in der eindrucksvollen Variante &#8222;Weeping Blue&#8220;, die f\u00fcr ihre herabh\u00e4ngende, geschwungene Form gesch\u00e4tzt wird. Diese elegante Zierkonifere hat biegsame, mit faszinierend blau-silbernen [&hellip;]<\/p>\n","protected":false},"featured_media":61842,"template":"","meta":{"_acf_changed":false},"product_brand":[],"product_cat":[141,147],"product_tag":[],"class_list":{"0":"post-15558","1":"product","2":"type-product","3":"status-publish","4":"has-post-thumbnail","6":"product_cat-pflanzen","7":"product_cat-strauch","8":"pa_forma-strauch","10":"first","11":"instock","12":"purchasable","13":"product-type-variable"},"acf":[],"_links":{"self":[{"href":"https:\/\/vivaiobaronti.com\/de\/wp-json\/wp\/v2\/product\/15558","targetHints":{"allow":["GET"]}}],"collection":[{"href":"https:\/\/vivaiobaronti.com\/de\/wp-json\/wp\/v2\/product"}],"about":[{"href":"https:\/\/vivaiobaronti.com\/de\/wp-json\/wp\/v2\/types\/product"}],"wp:featuredmedia":[{"embeddable":true,"href":"https:\/\/vivaiobaronti.com\/de\/wp-json\/wp\/v2\/media\/61842"}],"wp:attachment":[{"href":"https:\/\/vivaiobaronti.com\/de\/wp-json\/wp\/v2\/media?parent=15558"}],"wp:term":[{"taxonomy":"product_brand","embeddable":true,"href":"https:\/\/vivaiobaronti.com\/de\/wp-json\/wp\/v2\/product_brand?post=15558"},{"taxonomy":"product_cat","embeddable":true,"href":"https:\/\/vivaiobaronti.com\/de\/wp-json\/wp\/v2\/product_cat?post=15558"},{"taxonomy":"product_tag","embeddable":true,"href":"https:\/\/vivaiobaronti.com\/de\/wp-json\/wp\/v2\/product_tag?post=15558"}],"curies":[{"name":"wp","href":"https:\/\/api.w.org\/{rel}","templated":true}]}}