{"id":15490,"date":"2025-05-20T08:19:47","date_gmt":"2025-05-20T08:19:47","guid":{"rendered":"https:\/\/quizzical-davinci.89-31-73-59.plesk.page\/pianta\/buddleja-davidii-flutterby-red\/"},"modified":"2025-07-24T08:24:56","modified_gmt":"2025-07-24T08:24:56","slug":"buddleja-davidii-flutterby-red","status":"publish","type":"product","link":"https:\/\/vivaiobaronti.com\/de\/pianta\/buddleja-davidii-flutterby-red\/","title":{"rendered":"BUDDLEJA DAVIDII &#8222;FLUTTERBY RED&#8220;"},"content":{"rendered":"<p>Buddleja davidii &#8218;Flutterby Red&#8216; ist eine kompakte, sterile Sorte, die sich durch ihre \u00fcppige, lang anhaltende Produktion leuchtender, r\u00f6tlich-violetter Rispenbl\u00fcten auszeichnet. Diese duften intensiv und sind \u00e4u\u00dferst attraktiv f\u00fcr Schmetterlinge, Bienen und andere best\u00e4ubende Insekten. Die lanzettlichen, leicht flaumigen Bl\u00e4tter sind graugr\u00fcn und bilden einen eleganten Kontrast zu den Bl\u00fcten. Die Bl\u00fctezeit erstreckt sich von Hochsommer bis Fr\u00fchherbst und erneuert sich kontinuierlich an den neuen Zweigen. Die Pflanze hat einen sch\u00f6nen, gut verzweigten Wuchs mit gleichm\u00e4\u00dfigem Wachstum und dichtem Laub. Da diese Sorte keine Samen produziert, ist sie nicht invasiv und eignet sich ideal f\u00fcr die Zierde, auch in kontrollierten Umgebungen.<\/p>\n","protected":false},"excerpt":{"rendered":"<p>Buddleja davidii &#8218;Flutterby Red&#8216; ist eine kompakte, sterile Sorte, die sich durch ihre \u00fcppige, lang anhaltende Produktion leuchtender, r\u00f6tlich-violetter Rispenbl\u00fcten auszeichnet. Diese duften intensiv und sind \u00e4u\u00dferst attraktiv f\u00fcr Schmetterlinge, Bienen und andere best\u00e4ubende Insekten. Die lanzettlichen, leicht flaumigen Bl\u00e4tter sind graugr\u00fcn und bilden einen eleganten Kontrast zu den Bl\u00fcten. Die Bl\u00fctezeit erstreckt sich von [&hellip;]<\/p>\n","protected":false},"featured_media":0,"template":"","meta":{"_acf_changed":false},"product_brand":[],"product_cat":[141,147],"product_tag":[],"class_list":{"0":"post-15490","1":"product","2":"type-product","3":"status-publish","5":"product_cat-pflanzen","6":"product_cat-strauch","7":"pa_forma-strauch","9":"first","10":"instock","11":"purchasable","12":"product-type-variable"},"acf":[],"_links":{"self":[{"href":"https:\/\/vivaiobaronti.com\/de\/wp-json\/wp\/v2\/product\/15490","targetHints":{"allow":["GET"]}}],"collection":[{"href":"https:\/\/vivaiobaronti.com\/de\/wp-json\/wp\/v2\/product"}],"about":[{"href":"https:\/\/vivaiobaronti.com\/de\/wp-json\/wp\/v2\/types\/product"}],"wp:attachment":[{"href":"https:\/\/vivaiobaronti.com\/de\/wp-json\/wp\/v2\/media?parent=15490"}],"wp:term":[{"taxonomy":"product_brand","embeddable":true,"href":"https:\/\/vivaiobaronti.com\/de\/wp-json\/wp\/v2\/product_brand?post=15490"},{"taxonomy":"product_cat","embeddable":true,"href":"https:\/\/vivaiobaronti.com\/de\/wp-json\/wp\/v2\/product_cat?post=15490"},{"taxonomy":"product_tag","embeddable":true,"href":"https:\/\/vivaiobaronti.com\/de\/wp-json\/wp\/v2\/product_tag?post=15490"}],"curies":[{"name":"wp","href":"https:\/\/api.w.org\/{rel}","templated":true}]}}