{"id":15228,"date":"2025-05-20T08:19:47","date_gmt":"2025-05-20T08:19:47","guid":{"rendered":"https:\/\/quizzical-davinci.89-31-73-59.plesk.page\/pianta\/buddleja-davidii-butterfly-candy-little-lilla-sweetheart\/"},"modified":"2025-07-24T08:24:48","modified_gmt":"2025-07-24T08:24:48","slug":"buddleja-davidii-butterfly-candy-little-lilla-sweetheart","status":"publish","type":"product","link":"https:\/\/vivaiobaronti.com\/de\/pianta\/buddleja-davidii-butterfly-candy-little-lilla-sweetheart\/","title":{"rendered":"BUDDLEJA DAVIDII &#8222;BUTTERFLY CANDY LITTLE&#8220; LILLA SWEETHEART"},"content":{"rendered":"<p>Die Buddleja ist ein immergr\u00fcner Strauch mit leicht gebogenen Zweigen, bekannt f\u00fcr ihr schnelles Wachstum und ihre kompakte, widerstandsf\u00e4hige Struktur, die auch strenge Temperaturen gut vertr\u00e4gt. Ihre Bl\u00fcten verstr\u00f6men einen s\u00fc\u00dfen Duft nach Honig und Vanille und ziehen zahlreiche Schmetterlinge an \u2013 daher der gebr\u00e4uchliche Name \u201eSchmetterlingsstrauch\u201c.<\/p>\n<p>Urspr\u00fcnglich aus China stammend, wurde die Buddleja 1893 nach Europa eingef\u00fchrt und verbreitete sich rasch dank ihrer au\u00dfergew\u00f6hnlichen Anpassungsf\u00e4higkeit an verschiedene Bodenarten, wobei sie kalkhaltige B\u00f6den bevorzugt. Es handelt sich um eine kleine, rundlich wachsende Pflanze, die nicht h\u00f6her als 80 cm wird. Diese Sorte entwickelt eine stark verzweigte Vegetation mit kurzen, aufrechten Trieben, die eine ausgewogene Struktur ergibt.<\/p>\n<p>Die ideale Pflanzzeit ist der Herbst. Sie ist pflegeleicht und anspruchslos, muss jedoch in gut durchl\u00e4ssigen Boden gepflanzt werden, in dem sich kein Wasser staut, und an einem sonnigen Standort stehen. Die Buddleja ben\u00f6tigt insbesondere w\u00e4hrend der Bl\u00fctezeit ausreichend Wasser, vertr\u00e4gt jedoch keine stehende Feuchtigkeit \u2013 vor allem nicht in den kalten Monaten.<\/p>\n<p>Es handelt sich um eine laubabwerfende, sehr robuste Art mit reicher Bl\u00fcte. Die lanzettlichen Bl\u00e4tter sind mittel- bis dunkelgr\u00fcn, mit einer grauen Unterseite, die der Pflanze ein leicht silbriges Aussehen verleiht. Bei guter Pflege entwickelt sie eine rundliche Form mit gebogenen Zweigen. Die Bl\u00fcten erscheinen an den neuen Trieben ab dem Sommer und verstr\u00f6men einen intensiven Duft.<\/p>\n","protected":false},"excerpt":{"rendered":"<p>Die Buddleja ist ein immergr\u00fcner Strauch mit leicht gebogenen Zweigen, bekannt f\u00fcr ihr schnelles Wachstum und ihre kompakte, widerstandsf\u00e4hige Struktur, die auch strenge Temperaturen gut vertr\u00e4gt. Ihre Bl\u00fcten verstr\u00f6men einen s\u00fc\u00dfen Duft nach Honig und Vanille und ziehen zahlreiche Schmetterlinge an \u2013 daher der gebr\u00e4uchliche Name \u201eSchmetterlingsstrauch\u201c. Urspr\u00fcnglich aus China stammend, wurde die Buddleja 1893 [&hellip;]<\/p>\n","protected":false},"featured_media":0,"template":"","meta":{"_acf_changed":false},"product_brand":[],"product_cat":[141,147],"product_tag":[],"class_list":{"0":"post-15228","1":"product","2":"type-product","3":"status-publish","5":"product_cat-pflanzen","6":"product_cat-strauch","7":"pa_forma-strauch","9":"first","10":"instock","11":"purchasable","12":"product-type-variable"},"acf":[],"_links":{"self":[{"href":"https:\/\/vivaiobaronti.com\/de\/wp-json\/wp\/v2\/product\/15228","targetHints":{"allow":["GET"]}}],"collection":[{"href":"https:\/\/vivaiobaronti.com\/de\/wp-json\/wp\/v2\/product"}],"about":[{"href":"https:\/\/vivaiobaronti.com\/de\/wp-json\/wp\/v2\/types\/product"}],"wp:attachment":[{"href":"https:\/\/vivaiobaronti.com\/de\/wp-json\/wp\/v2\/media?parent=15228"}],"wp:term":[{"taxonomy":"product_brand","embeddable":true,"href":"https:\/\/vivaiobaronti.com\/de\/wp-json\/wp\/v2\/product_brand?post=15228"},{"taxonomy":"product_cat","embeddable":true,"href":"https:\/\/vivaiobaronti.com\/de\/wp-json\/wp\/v2\/product_cat?post=15228"},{"taxonomy":"product_tag","embeddable":true,"href":"https:\/\/vivaiobaronti.com\/de\/wp-json\/wp\/v2\/product_tag?post=15228"}],"curies":[{"name":"wp","href":"https:\/\/api.w.org\/{rel}","templated":true}]}}