{"id":15125,"date":"2025-05-20T08:19:47","date_gmt":"2025-05-20T08:19:47","guid":{"rendered":"https:\/\/quizzical-davinci.89-31-73-59.plesk.page\/pianta\/buddleja-davidii-fiore-rosa\/"},"modified":"2025-07-24T08:24:48","modified_gmt":"2025-07-24T08:24:48","slug":"buddleja-davidii-fiore-rosa","status":"publish","type":"product","link":"https:\/\/vivaiobaronti.com\/de\/pianta\/buddleja-davidii-fiore-rosa\/","title":{"rendered":"BUDDLEJA DAVIDII &#8211; FIORE ROSA"},"content":{"rendered":"<p>Die Buddleja ist ein immergr\u00fcner Strauch mit leicht gebogenen Zweigen, bekannt f\u00fcr sein schnelles Wachstum und seine kompakte, widerstandsf\u00e4hige Struktur, die auch strenge Temperaturen gut vertr\u00e4gt. Ihre Bl\u00fcten verstr\u00f6men einen s\u00fc\u00dfen Duft, der an Honig und Vanille erinnert, und ziehen zahlreiche Schmetterlinge an \u2013 daher der gebr\u00e4uchliche Name \u201eSchmetterlingsstrauch\u201c.<\/p>\n<p>Urspr\u00fcnglich aus China stammend, wurde die Buddleja 1893 nach Europa eingef\u00fchrt und verbreitete sich schnell dank ihrer bemerkenswerten Anpassungsf\u00e4higkeit an verschiedene Bodenarten, mit einer Vorliebe f\u00fcr kalkhaltige B\u00f6den. Dieser Strauch kann \u00fcber zwei Meter hoch werden und w\u00e4chst sehr schnell. Die beste Pflanzzeit ist der Herbst. Sie ist pflegeleicht und gen\u00fcgsam, allerdings ist es wichtig, dass sie in gut durchl\u00e4ssigem Boden ohne Staun\u00e4sse und an einem sonnigen Standort gepflanzt wird. W\u00e4hrend der Bl\u00fctezeit braucht die Buddleja ausreichend Wasser, vertr\u00e4gt jedoch keine stehende Feuchtigkeit \u2013 insbesondere in den kalten Monaten.<\/p>\n<p>Es handelt sich um eine laubabwerfende Art, die sehr robust ist und reich bl\u00fcht. Die lanzettlichen Bl\u00e4tter sind mittel- bis dunkelgr\u00fcn, mit einer grauen Unterseite, die der Pflanze einen leicht silbrigen Glanz verleiht. Bei guter Pflege entwickelt sie eine rundliche Form mit gebogenen Zweigen. Die Bl\u00fcte erfolgt an den neuen Trieben ab dem Sommer und ist stark duftend.<\/p>\n","protected":false},"excerpt":{"rendered":"<p>Die Buddleja ist ein immergr\u00fcner Strauch mit leicht gebogenen Zweigen, bekannt f\u00fcr sein schnelles Wachstum und seine kompakte, widerstandsf\u00e4hige Struktur, die auch strenge Temperaturen gut vertr\u00e4gt. Ihre Bl\u00fcten verstr\u00f6men einen s\u00fc\u00dfen Duft, der an Honig und Vanille erinnert, und ziehen zahlreiche Schmetterlinge an \u2013 daher der gebr\u00e4uchliche Name \u201eSchmetterlingsstrauch\u201c. Urspr\u00fcnglich aus China stammend, wurde die [&hellip;]<\/p>\n","protected":false},"featured_media":5948,"template":"","meta":{"_acf_changed":false},"product_brand":[],"product_cat":[141,144],"product_tag":[],"class_list":{"0":"post-15125","1":"product","2":"type-product","3":"status-publish","4":"has-post-thumbnail","6":"product_cat-pflanzen","7":"product_cat-mini-stamm","8":"pa_forma-mini-stamm","10":"first","11":"instock","12":"purchasable","13":"product-type-variable"},"acf":[],"_links":{"self":[{"href":"https:\/\/vivaiobaronti.com\/de\/wp-json\/wp\/v2\/product\/15125","targetHints":{"allow":["GET"]}}],"collection":[{"href":"https:\/\/vivaiobaronti.com\/de\/wp-json\/wp\/v2\/product"}],"about":[{"href":"https:\/\/vivaiobaronti.com\/de\/wp-json\/wp\/v2\/types\/product"}],"wp:featuredmedia":[{"embeddable":true,"href":"https:\/\/vivaiobaronti.com\/de\/wp-json\/wp\/v2\/media\/5948"}],"wp:attachment":[{"href":"https:\/\/vivaiobaronti.com\/de\/wp-json\/wp\/v2\/media?parent=15125"}],"wp:term":[{"taxonomy":"product_brand","embeddable":true,"href":"https:\/\/vivaiobaronti.com\/de\/wp-json\/wp\/v2\/product_brand?post=15125"},{"taxonomy":"product_cat","embeddable":true,"href":"https:\/\/vivaiobaronti.com\/de\/wp-json\/wp\/v2\/product_cat?post=15125"},{"taxonomy":"product_tag","embeddable":true,"href":"https:\/\/vivaiobaronti.com\/de\/wp-json\/wp\/v2\/product_tag?post=15125"}],"curies":[{"name":"wp","href":"https:\/\/api.w.org\/{rel}","templated":true}]}}