{"id":14925,"date":"2025-05-20T08:19:47","date_gmt":"2025-05-20T08:19:47","guid":{"rendered":"https:\/\/quizzical-davinci.89-31-73-59.plesk.page\/pianta\/arbutus-unedo\/"},"modified":"2025-07-24T08:24:48","modified_gmt":"2025-07-24T08:24:48","slug":"arbutus-unedo","status":"publish","type":"product","link":"https:\/\/vivaiobaronti.com\/de\/pianta\/arbutus-unedo\/","title":{"rendered":"ARBUTUS UNEDO"},"content":{"rendered":"<p>Der Erdbeerbaum (<\/span><i><span style=\"font-weight: 400;\">Arbutus unedo<\/span><\/i><span style=\"font-weight: 400;\">) ist ein immergr\u00fcner Obstbaum aus der Familie der Heidekrautgew\u00e4chse (Heidelbeergew\u00e4chse). Er ist in den Anrainerstaaten des westlichen Mittelmeerraums und an der S\u00fcdk\u00fcste Irlands verbreitet und geh\u00f6rt zur typischen Vegetation der mediterranen Macchia und W\u00e4lder. Eines seiner charakteristischsten Merkmale ist das gleichzeitige Vorhandensein von Bl\u00fcten und bereits reifen Fr\u00fcchten am selben Exemplar. Dies ist auf seinen besonderen Vegetationszyklus zur\u00fcckzuf\u00fchren: Die Bl\u00fctezeit f\u00e4llt mit der Reife der Fr\u00fcchte der Bl\u00fcten des Vorjahres zusammen. Die Pflanze kann strauchartig oder baumartig wachsen und bis zu 10 Meter hoch werden. Es handelt sich um eine breitbl\u00e4ttrige, immergr\u00fcne Art mit vielen Verzweigungen und jungen Zweigen mit einer charakteristischen r\u00f6tlichen F\u00e4rbung, die ihren Zierwert erh\u00f6ht. Der Baum w\u00e4chst harmonisch und nat\u00fcrlich. Die dunkle, widerstandsf\u00e4hige Rinde neigt dazu, in kleine Schuppen abzubl\u00e4ttern. Diese sehr langlebige Pflanze kann Jahrhunderte alt werden. Unter g\u00fcnstigen Bedingungen kann sie sich schnell entwickeln. Unter den mediterranen Arten ist sie eine der widerstandsf\u00e4higsten gegen Br\u00e4nde: Nach dem Brand kann sie sich dank der Bildung neuer Triebe schnell regenerieren. Obwohl sie sich an verschiedene Bodenarten anpasst, w\u00e4chst sie bevorzugt auf sauren oder leicht sauren B\u00f6den.<\/p>\n","protected":false},"excerpt":{"rendered":"<p>Der Erdbeerbaum (Arbutus unedo) ist ein immergr\u00fcner Obstbaum aus der Familie der Heidekrautgew\u00e4chse (Heidelbeergew\u00e4chse). Er ist in den Anrainerstaaten des westlichen Mittelmeerraums und an der S\u00fcdk\u00fcste Irlands verbreitet und geh\u00f6rt zur typischen Vegetation der mediterranen Macchia und W\u00e4lder. Eines seiner charakteristischsten Merkmale ist das gleichzeitige Vorhandensein von Bl\u00fcten und bereits reifen Fr\u00fcchten am selben Exemplar. [&hellip;]<\/p>\n","protected":false},"featured_media":8170,"template":"","meta":{"_acf_changed":false},"product_brand":[],"product_cat":[141,147],"product_tag":[],"class_list":{"0":"post-14925","1":"product","2":"type-product","3":"status-publish","4":"has-post-thumbnail","6":"product_cat-pflanzen","7":"product_cat-strauch","8":"pa_forma-strauch","10":"first","11":"instock","12":"purchasable","13":"product-type-variable"},"acf":[],"_links":{"self":[{"href":"https:\/\/vivaiobaronti.com\/de\/wp-json\/wp\/v2\/product\/14925","targetHints":{"allow":["GET"]}}],"collection":[{"href":"https:\/\/vivaiobaronti.com\/de\/wp-json\/wp\/v2\/product"}],"about":[{"href":"https:\/\/vivaiobaronti.com\/de\/wp-json\/wp\/v2\/types\/product"}],"wp:featuredmedia":[{"embeddable":true,"href":"https:\/\/vivaiobaronti.com\/de\/wp-json\/wp\/v2\/media\/8170"}],"wp:attachment":[{"href":"https:\/\/vivaiobaronti.com\/de\/wp-json\/wp\/v2\/media?parent=14925"}],"wp:term":[{"taxonomy":"product_brand","embeddable":true,"href":"https:\/\/vivaiobaronti.com\/de\/wp-json\/wp\/v2\/product_brand?post=14925"},{"taxonomy":"product_cat","embeddable":true,"href":"https:\/\/vivaiobaronti.com\/de\/wp-json\/wp\/v2\/product_cat?post=14925"},{"taxonomy":"product_tag","embeddable":true,"href":"https:\/\/vivaiobaronti.com\/de\/wp-json\/wp\/v2\/product_tag?post=14925"}],"curies":[{"name":"wp","href":"https:\/\/api.w.org\/{rel}","templated":true}]}}