{"id":14923,"date":"2025-05-20T08:19:47","date_gmt":"2025-05-20T08:19:47","guid":{"rendered":"https:\/\/quizzical-davinci.89-31-73-59.plesk.page\/pianta\/abelia-x-grandiflora-confetti\/"},"modified":"2025-07-24T08:24:48","modified_gmt":"2025-07-24T08:24:48","slug":"abelia-x-grandiflora-confetti","status":"publish","type":"product","link":"https:\/\/vivaiobaronti.com\/de\/pianta\/abelia-x-grandiflora-confetti\/","title":{"rendered":"ABELIA X GRANDIFLORA &#8222;CONFETTI&#8220;"},"content":{"rendered":"<p><span style=\"font-weight: 400\">Es handelt sich um immergr\u00fcne oder halbimmergr\u00fcne Str\u00e4ucher, je nach Klimah\u00e4rte, die in Asien und Mexiko heimisch sind. Sie werden vor allem wegen ihres dekorativen Laubes und ihrer \u00fcppigen Bl\u00fcte gesch\u00e4tzt, die an den jungen Trieben in purpurroter Farbe erscheint. Die Bl\u00fctezeit beginnt im Juni und dauert ununterbrochen bis Ende Oktober. Die r\u00f6hren- oder trichterf\u00f6rmigen Bl\u00fcten sind klein, aber in auff\u00e4lligen Bl\u00fctenst\u00e4nden in den Blattachseln versammelt. Die violetten Kelche bleiben auch nach der Bl\u00fcte an den Zweigen und tragen zum dekorativen Effekt bei. Abelien passen sich gut an gew\u00f6hnliche B\u00f6den an, solange diese nicht zu trocken sind, vertragen problemlos Schnitt und sind frei von Krankheiten oder Sch\u00e4dlingen. Die Pflanzung wird in den Monaten September\/Oktober oder M\u00e4rz\/April empfohlen, vorzugsweise an sonnigen, windgesch\u00fctzten Standorten. Sie eignen sich perfekt f\u00fcr Rabatten. An Orten mit h\u00e4ufigem Frost sollten sie in der N\u00e4he einer sonnigen Wand gepflanzt werden. Durch den R\u00fcckschnitt werden diese Pflanzen dichter und eignen sich ideal f\u00fcr die Heckengestaltung. Obwohl ein st\u00e4ndiger R\u00fcckschnitt nicht notwendig ist, ist es sinnvoll, die Zweige nach der Bl\u00fcte auszud\u00fcnnen, um die Entwicklung neuer Triebe anzuregen. Die Sorte &#8222;Confetti&#8220; zeichnet sich durch eine fast liegende Form und leuchtend gef\u00e4rbte Bl\u00e4tter mit cremegelben R\u00e4ndern aus.<\/p>\n","protected":false},"excerpt":{"rendered":"<p>Es handelt sich um immergr\u00fcne oder halbimmergr\u00fcne Str\u00e4ucher, je nach Klimah\u00e4rte, die in Asien und Mexiko heimisch sind. Sie werden vor allem wegen ihres dekorativen Laubes und ihrer \u00fcppigen Bl\u00fcte gesch\u00e4tzt, die an den jungen Trieben in purpurroter Farbe erscheint. Die Bl\u00fctezeit beginnt im Juni und dauert ununterbrochen bis Ende Oktober. Die r\u00f6hren- oder trichterf\u00f6rmigen [&hellip;]<\/p>\n","protected":false},"featured_media":0,"template":"","meta":{"_acf_changed":false},"product_brand":[],"product_cat":[141,147],"product_tag":[],"class_list":{"0":"post-14923","1":"product","2":"type-product","3":"status-publish","5":"product_cat-pflanzen","6":"product_cat-strauch","7":"pa_forma-strauch","9":"first","10":"instock","11":"purchasable","12":"product-type-variable"},"acf":[],"_links":{"self":[{"href":"https:\/\/vivaiobaronti.com\/de\/wp-json\/wp\/v2\/product\/14923","targetHints":{"allow":["GET"]}}],"collection":[{"href":"https:\/\/vivaiobaronti.com\/de\/wp-json\/wp\/v2\/product"}],"about":[{"href":"https:\/\/vivaiobaronti.com\/de\/wp-json\/wp\/v2\/types\/product"}],"wp:attachment":[{"href":"https:\/\/vivaiobaronti.com\/de\/wp-json\/wp\/v2\/media?parent=14923"}],"wp:term":[{"taxonomy":"product_brand","embeddable":true,"href":"https:\/\/vivaiobaronti.com\/de\/wp-json\/wp\/v2\/product_brand?post=14923"},{"taxonomy":"product_cat","embeddable":true,"href":"https:\/\/vivaiobaronti.com\/de\/wp-json\/wp\/v2\/product_cat?post=14923"},{"taxonomy":"product_tag","embeddable":true,"href":"https:\/\/vivaiobaronti.com\/de\/wp-json\/wp\/v2\/product_tag?post=14923"}],"curies":[{"name":"wp","href":"https:\/\/api.w.org\/{rel}","templated":true}]}}