{"id":14919,"date":"2025-05-20T08:19:47","date_gmt":"2025-05-20T08:19:47","guid":{"rendered":"https:\/\/quizzical-davinci.89-31-73-59.plesk.page\/pianta\/euonymus-elegantissimus-aureus\/"},"modified":"2025-07-24T08:25:20","modified_gmt":"2025-07-24T08:25:20","slug":"euonymus-elegantissimus-aureus","status":"publish","type":"product","link":"https:\/\/vivaiobaronti.com\/de\/pianta\/euonymus-elegantissimus-aureus\/","title":{"rendered":"EUONYMUS ELEGANTISSIMUS AUREUS"},"content":{"rendered":"<p>Der kompakte und dekorative Euonymus japonicus &#8218;Elegantissimus Aureus&#8216; ist eine immergr\u00fcne Sorte mit buntem Laub der im Fernen Osten beheimateten Art E. japonicus. Er hat einen aufrechten, strauchartigen Wuchs mit dichtem und gut verzweigtem Wuchs, der sich sowohl f\u00fcr den freien Anbau als auch f\u00fcr die Bildung geometrischer Hecken oder regelm\u00e4\u00dfiger Rabatten eignet.<\/p>\n<p>Der wichtigste Vorteil ist das best\u00e4ndige Laub: Die Bl\u00e4tter sind eif\u00f6rmig, ledrig, mit leicht gez\u00e4hnten R\u00e4ndern und einer leuchtenden Farbe, dunkelgr\u00fcn in der Mitte und goldgelb an den R\u00e4ndern. Diese stabile Panaschierung verleiht der Pflanze das ganze Jahr \u00fcber Leuchtkraft und verst\u00e4rkt ihren dekorativen Reiz auch in den Wintermonaten. Die Bl\u00fctezeit, die keinen dekorativen Wert hat, erfolgt zwischen dem sp\u00e4ten Fr\u00fchling und dem fr\u00fchen Sommer mit kleinen gelblich-gr\u00fcnen Bl\u00fcten, denen manchmal Kapselfr\u00fcchte folgen.<\/p>\n<p>Die Pflanze passt sich gut an sonnige oder halbschattige Standorte an, vertr\u00e4gt Wind und Salzwasser und ist resistent gegen st\u00e4dtische Verschmutzung. Sie bevorzugt frische, aber gut durchl\u00e4ssige B\u00f6den und reagiert sehr gut auf Schnitt, der das Wachstum f\u00f6rdert und eine gute Formkontrolle erm\u00f6glicht. Sie weist eine gute Robustheit auf, profitiert aber in k\u00e4lteren Klimazonen von gesch\u00fctzten Standorten.<\/p>\n<p>Die hohe Anpassungsf\u00e4higkeit macht &#8218;Elegantissimus Aureus&#8216; ideal f\u00fcr die Gestaltung von niedrigen oder mittelhohen Hecken, immergr\u00fcnen Rabatten, dekorativen Bereichen oder f\u00fcr die Topfkultur, wo sie bei geringem Pflegeaufwand einen dauerhaften Zierwert bietet.<\/p>\n","protected":false},"excerpt":{"rendered":"<p>Der kompakte und dekorative Euonymus japonicus &#8218;Elegantissimus Aureus&#8216; ist eine immergr\u00fcne Sorte mit buntem Laub der im Fernen Osten beheimateten Art E. japonicus. Er hat einen aufrechten, strauchartigen Wuchs mit dichtem und gut verzweigtem Wuchs, der sich sowohl f\u00fcr den freien Anbau als auch f\u00fcr die Bildung geometrischer Hecken oder regelm\u00e4\u00dfiger Rabatten eignet. Der wichtigste [&hellip;]<\/p>\n","protected":false},"featured_media":0,"template":"","meta":{"_acf_changed":false},"product_brand":[],"product_cat":[141,147,143],"product_tag":[],"class_list":{"0":"post-14919","1":"product","2":"type-product","3":"status-publish","5":"product_cat-pflanzen","6":"product_cat-strauch","7":"product_cat-halbstamm","8":"pa_forma-halbstamm","9":"pa_forma-kugelform","10":"pa_forma-mini-stamm","11":"pa_forma-strauch","13":"first","14":"instock","15":"purchasable","16":"product-type-variable"},"acf":[],"_links":{"self":[{"href":"https:\/\/vivaiobaronti.com\/de\/wp-json\/wp\/v2\/product\/14919","targetHints":{"allow":["GET"]}}],"collection":[{"href":"https:\/\/vivaiobaronti.com\/de\/wp-json\/wp\/v2\/product"}],"about":[{"href":"https:\/\/vivaiobaronti.com\/de\/wp-json\/wp\/v2\/types\/product"}],"wp:attachment":[{"href":"https:\/\/vivaiobaronti.com\/de\/wp-json\/wp\/v2\/media?parent=14919"}],"wp:term":[{"taxonomy":"product_brand","embeddable":true,"href":"https:\/\/vivaiobaronti.com\/de\/wp-json\/wp\/v2\/product_brand?post=14919"},{"taxonomy":"product_cat","embeddable":true,"href":"https:\/\/vivaiobaronti.com\/de\/wp-json\/wp\/v2\/product_cat?post=14919"},{"taxonomy":"product_tag","embeddable":true,"href":"https:\/\/vivaiobaronti.com\/de\/wp-json\/wp\/v2\/product_tag?post=14919"}],"curies":[{"name":"wp","href":"https:\/\/api.w.org\/{rel}","templated":true}]}}